{"id":4629,"date":"2024-06-24T00:46:17","date_gmt":"2024-06-24T00:46:17","guid":{"rendered":"https:\/\/www.croatiabooks.com.au\/?post_type=product&#038;p=4629"},"modified":"2025-06-03T09:34:17","modified_gmt":"2025-06-03T09:34:17","slug":"dobitna-kombinacija","status":"publish","type":"product","link":"https:\/\/www.croatiabooks.com.au\/?product=dobitna-kombinacija","title":{"rendered":"Dobitna kombinacija"},"content":{"rendered":"<div class=\"ygGdYd related-question-pair\" data-ved=\"2ahUKEwjew-SJkO7vAhWfzzgGHTNkBeUQq7kBKAF6BAgREAY\">\n<div id=\"_zLBuYN6tEZ-f4-EPs8iVqA432\" class=\"mWyH1d UgLoB\" tabindex=\"0\" role=\"button\" aria-controls=\"_zLBuYN6tEZ-f4-EPs8iVqA431\" aria-expanded=\"false\">\n<div class=\"cbphWd\" data-kt=\"Ki7x2vyts7O990mSiqOupr7Ogx39qoLkm86Rliu_wY6G4_OghhyMrryK2Ja-htcB\" data-hveid=\"CBEQBw\" data-ved=\"2ahUKEwjew-SJkO7vAhWfzzgGHTNkBeUQuk4oAHoECBEQBw\">O knjizi:<\/div>\n<div data-kt=\"Ki7x2vyts7O990mSiqOupr7Ogx39qoLkm86Rliu_wY6G4_OghhyMrryK2Ja-htcB\" data-hveid=\"CBEQBw\" data-ved=\"2ahUKEwjew-SJkO7vAhWfzzgGHTNkBeUQuk4oAHoECBEQBw\">\n<p>Thaddeus Walker Bowman Owens, rezervni vo\u0111a obrane za klub Chicago Stars timski je igra\u010d, daroviti trener i financijski savjetnik, povremeni maneken i \u010dovjek s niskim pragom tolerancije za dive. Operna megazvijezda Olivia Shore prava je diva koja stremi savr\u0161enstvu, krije pokoju tajnu i ne mo\u017ee podnijeti egocentri\u010dnog, glupog sporta\u0161a s kojim je zaglavila.<\/p>\n<p>Kad se hirovita sopranistica i tvrdoglavi nogometa\u0161 zajedno otisnu na promociju luksuznih ru\u010dnih satova, otkrit \u0107e stvari jedno o drugome koje nisu o\u010dekivali. Uz to \u0107e se uhvatiti u ko\u0161tac s prijete\u0107im pismima, tajanstvenim pozivima i opasnim susretima koji samo dodaju dramu u njihov ionako dramati\u010dan odnos. Mogu li briljantna \u017eena kojoj je karijera sve i vje\u0161t mu\u0161karac koji ne pristaje na drugo mjesto prona\u0107i kompromis? Jesu li njihovi karakteri potpuno nespojivi ili je mo\u017eda ipak rije\u010d o dobitnoj kombinaciji?<\/p>\n<p>U zaigranom prijevodu Dunje Plazonje, neponovljiva Susan Elizabeth Phillips vra\u0107a se s jo\u0161 jednom duhovitom, strastvenom i neodoljivom romanti\u010dnom pustolovinom o sudaru dvaju superzvijezda.<\/p>\n<h4>O autorici romana Dobitna kombinacija:<\/h4>\n<p>Romani autorice bestselera\u00a0<em>New York Timesa<\/em>\u00a0Susan Elizabeth Phillips prvoklasne su ljubavne pri\u010de u kojima su likovi obi\u010dno uspje\u0161ni poslovni ljudi, sporta\u0161i ili glumci \u010desto spremni zapostaviti karijeru zbog iznenadnih ljubavi. Na hrvatskom jeziku objavljena je cijela lepeza njezinih velikih hitova kao \u0161to su\u00a0<em>Zaple\u0161i sa mnom<\/em>,\u00a0<em>Prva ve\u010dernja zvijezda<\/em>,<em>\u00a0Do\u0111i i poljubi me!<\/em>,<em>\u00a0Ili ti ili nitko\u00a0<\/em>i\u00a0<em>\u0160to sam u\u010dinila zbog ljubavi<\/em>.<\/p>\n<\/div>\n<\/div>\n<div id=\"_zLBuYN6tEZ-f4-EPs8iVqA431\" class=\"gy6Qzb S8PBwe\" aria-labelledby=\"_zLBuYN6tEZ-f4-EPs8iVqA432\">\n<div>\n<div id=\"_zLBuYN6tEZ-f4-EPs8iVqA433\" class=\"y8URue\" data-hveid=\"CBEQCA\" data-ved=\"2ahUKEwjew-SJkO7vAhWfzzgGHTNkBeUQu04oAXoECBEQCA\">\n<div class=\"VWE0hc\">\n<div class=\"g\">\n<div class=\"tF2Cxc\" data-hveid=\"CAoQAA\" data-ved=\"2ahUKEwjew-SJkO7vAhWfzzgGHTNkBeUQFSgAMAZ6BAgKEAA\">\n<div class=\"yuRUbf\"><a href=\"https:\/\/www.dph.illinois.gov\/sites\/default\/files\/events\/addl-materials\/23rd-annual-illinois-hiv\/std-conference\/pdf2.pdf\" data-ved=\"2ahUKEwjew-SJkO7vAhWfzzgGHTNkBeUQFjAGegQIChAD\"><br \/>\n<\/a><\/p>\n<h3 class=\"LC20lb DKV0Md\"><\/h3>\n<div class=\"TbwUpd NJjxre\"><\/div>\n<div class=\"B6fmyf\">\n<div class=\"TbwUpd\"><\/div>\n<div class=\"eFM0qc\"><\/div>\n<\/div>\n<\/div>\n<div class=\"IsZvec\"><\/div>\n<\/div>\n<\/div>\n<\/div>\n<div class=\"iOBnre\"><\/div>\n<\/div>\n<\/div>\n<\/div>\n<\/div>\n<div class=\"ygGdYd related-question-pair\" data-ved=\"2ahUKEwjew-SJkO7vAhWfzzgGHTNkBeUQq7kBKAJ6BAgREAo\">\n<div id=\"_zLBuYN6tEZ-f4-EPs8iVqA436\" class=\"mWyH1d UgLoB\" tabindex=\"0\" role=\"button\" aria-controls=\"_zLBuYN6tEZ-f4-EPs8iVqA435\" aria-expanded=\"false\"><\/div>\n<\/div>\n","protected":false},"excerpt":{"rendered":"<div class=\"c2 side\">\n<div class=\"book__image book\">\n<figure><span style=\"font-size: 16px;\">Author: <\/span><a class=\"author-list\" style=\"font-size: 16px; background-color: #ffffff;\" href=\"https:\/\/mozaik-knjiga.hr\/autori\/susan-elizabeth-phillips\" rel=\"nofollow\">Susan Elizabeth Phillips<\/a><\/figure>\n<p><strong>Broj stranica: <\/strong>336<\/p>\n<p><strong>Godina izdanja: <\/strong>2022.<\/p>\n<p><strong>ISBN: <\/strong>9789531433020<\/p>\n<p><strong>Strani naslov: <\/strong>When Stars Collide<\/p>\n<p><strong>Prevoditelj: <\/strong>Dunja Plazonja<\/p>\n<p><strong>Uvez: <\/strong>meki<\/p>\n<p><strong>Dimenzije: <\/strong>14 x 20 cm<\/p>\n<p><strong>Te\u017eina: <\/strong>400 g<\/p>\n<\/div>\n<\/div>\n","protected":false},"featured_media":4630,"template":"","meta":{"site-sidebar-layout":"default","site-content-layout":"default","ast-site-content-layout":"default","site-content-style":"default","site-sidebar-style":"default","ast-global-header-display":"","ast-banner-title-visibility":"","ast-main-header-display":"","ast-hfb-above-header-display":"","ast-hfb-below-header-display":"","ast-hfb-mobile-header-display":"","site-post-title":"","ast-breadcrumbs-content":"","ast-featured-img":"","footer-sml-layout":"","ast-disable-related-posts":"","theme-transparent-header-meta":"default","adv-header-id-meta":"","stick-header-meta":"","header-above-stick-meta":"","header-main-stick-meta":"","header-below-stick-meta":"","astra-migrate-meta-layouts":"set","ast-page-background-enabled":"default","ast-page-background-meta":{"desktop":{"background-color":"","background-image":"","background-repeat":"repeat","background-position":"center center","background-size":"auto","background-attachment":"scroll","background-type":"","background-media":"","overlay-type":"","overlay-color":"","overlay-opacity":"","overlay-gradient":""},"tablet":{"background-color":"","background-image":"","background-repeat":"repeat","background-position":"center center","background-size":"auto","background-attachment":"scroll","background-type":"","background-media":"","overlay-type":"","overlay-color":"","overlay-opacity":"","overlay-gradient":""},"mobile":{"background-color":"","background-image":"","background-repeat":"repeat","background-position":"center center","background-size":"auto","background-attachment":"scroll","background-type":"","background-media":"","overlay-type":"","overlay-color":"","overlay-opacity":"","overlay-gradient":""}},"ast-content-background-meta":{"desktop":{"background-color":"var(--ast-global-color-5)","background-image":"","background-repeat":"repeat","background-position":"center center","background-size":"auto","background-attachment":"scroll","background-type":"","background-media":"","overlay-type":"","overlay-color":"","overlay-opacity":"","overlay-gradient":""},"tablet":{"background-color":"var(--ast-global-color-5)","background-image":"","background-repeat":"repeat","background-position":"center center","background-size":"auto","background-attachment":"scroll","background-type":"","background-media":"","overlay-type":"","overlay-color":"","overlay-opacity":"","overlay-gradient":""},"mobile":{"background-color":"var(--ast-global-color-5)","background-image":"","background-repeat":"repeat","background-position":"center center","background-size":"auto","background-attachment":"scroll","background-type":"","background-media":"","overlay-type":"","overlay-color":"","overlay-opacity":"","overlay-gradient":""}}},"product_brand":[],"product_cat":[70,72],"product_tag":[132,147],"class_list":{"0":"post-4629","1":"product","2":"type-product","3":"status-publish","4":"has-post-thumbnail","6":"product_cat-fiction","7":"product_cat-paperbacks","8":"product_tag-novel","9":"product_tag-romance","10":"desktop-align-left","11":"tablet-align-left","12":"mobile-align-left","14":"first","15":"outofstock","16":"shipping-taxable","17":"purchasable","18":"product-type-simple"},"_links":{"self":[{"href":"https:\/\/www.croatiabooks.com.au\/index.php?rest_route=\/wp\/v2\/product\/4629","targetHints":{"allow":["GET"]}}],"collection":[{"href":"https:\/\/www.croatiabooks.com.au\/index.php?rest_route=\/wp\/v2\/product"}],"about":[{"href":"https:\/\/www.croatiabooks.com.au\/index.php?rest_route=\/wp\/v2\/types\/product"}],"version-history":[{"count":1,"href":"https:\/\/www.croatiabooks.com.au\/index.php?rest_route=\/wp\/v2\/product\/4629\/revisions"}],"predecessor-version":[{"id":4631,"href":"https:\/\/www.croatiabooks.com.au\/index.php?rest_route=\/wp\/v2\/product\/4629\/revisions\/4631"}],"wp:featuredmedia":[{"embeddable":true,"href":"https:\/\/www.croatiabooks.com.au\/index.php?rest_route=\/wp\/v2\/media\/4630"}],"wp:attachment":[{"href":"https:\/\/www.croatiabooks.com.au\/index.php?rest_route=%2Fwp%2Fv2%2Fmedia&parent=4629"}],"wp:term":[{"taxonomy":"product_brand","embeddable":true,"href":"https:\/\/www.croatiabooks.com.au\/index.php?rest_route=%2Fwp%2Fv2%2Fproduct_brand&post=4629"},{"taxonomy":"product_cat","embeddable":true,"href":"https:\/\/www.croatiabooks.com.au\/index.php?rest_route=%2Fwp%2Fv2%2Fproduct_cat&post=4629"},{"taxonomy":"product_tag","embeddable":true,"href":"https:\/\/www.croatiabooks.com.au\/index.php?rest_route=%2Fwp%2Fv2%2Fproduct_tag&post=4629"}],"curies":[{"name":"wp","href":"https:\/\/api.w.org\/{rel}","templated":true}]}}