{"id":4632,"date":"2024-06-24T00:55:47","date_gmt":"2024-06-24T00:55:47","guid":{"rendered":"https:\/\/www.croatiabooks.com.au\/?post_type=product&#038;p=4632"},"modified":"2025-08-11T01:42:07","modified_gmt":"2025-08-11T01:42:07","slug":"dzentlmenska-ponuda","status":"publish","type":"product","link":"https:\/\/www.croatiabooks.com.au\/?product=dzentlmenska-ponuda","title":{"rendered":"D\u017eentlmenska ponuda"},"content":{"rendered":"<div class=\"ygGdYd related-question-pair\" data-ved=\"2ahUKEwjew-SJkO7vAhWfzzgGHTNkBeUQq7kBKAF6BAgREAY\">\n<div id=\"_zLBuYN6tEZ-f4-EPs8iVqA432\" class=\"mWyH1d UgLoB\" tabindex=\"0\" role=\"button\" aria-controls=\"_zLBuYN6tEZ-f4-EPs8iVqA431\" aria-expanded=\"false\">\n<div class=\"cbphWd\" data-kt=\"Ki7x2vyts7O990mSiqOupr7Ogx39qoLkm86Rliu_wY6G4_OghhyMrryK2Ja-htcB\" data-hveid=\"CBEQBw\" data-ved=\"2ahUKEwjew-SJkO7vAhWfzzgGHTNkBeUQuk4oAHoECBEQBw\">O knjizi:<\/div>\n<div data-kt=\"Ki7x2vyts7O990mSiqOupr7Ogx39qoLkm86Rliu_wY6G4_OghhyMrryK2Ja-htcB\" data-hveid=\"CBEQBw\" data-ved=\"2ahUKEwjew-SJkO7vAhWfzzgGHTNkBeUQuk4oAHoECBEQBw\">\n<p><strong><em>D\u017eentlmenska ponuda<\/em><\/strong>\u00a0je\u00a0jo\u0161 jedan\u00a0roman iz serije o obitelji Bridgerton koji donosi predivnu\u00a0ljubavnu pri\u010du inspiriranu bajkom o Pepeljugi.<\/p>\n<p>Najtra\u017eenija pozivnica ove sezone zacijelo je pozivnica na krabuljni ples obitelji Bridgerton koji \u0107e se odr\u017eati sljede\u0107eg ponedjeljka. \u2013 Dru\u0161tveni bilten lady Whistledown, 31. svibnja 1815.<\/p>\n<p>Nezakonita k\u0107i grofa od Penwooda, Sophie Beckett, nikad nije bila prihva\u0107ena u pristojnom dru\u0161tvu. A od prerane smrti njezina oca, njezina joj je ma\u0107eha u\u010dinila \u017eivot jo\u0161 te\u017eim, tjeraju\u0107i je da radi kao nepla\u0107ena slu\u0161kinja. Sophie provodi dane u mukotrpnom radu sve dok jedne no\u0107i njezini prijatelji i kolege iz redova slu\u017ein\u010dadi ne skuju plan koji \u0107e joj omogu\u0107iti odlazak na krabuljni ples obitelj Birdgerton.<\/p>\n<p>Tamo upoznaje svog princa iz bajke, zgodnog Benedicta Bridgertona i zaljubi se u njega preko u\u0161iju. Benedict je jednako o\u010daran, ali kad na satu otkuca pono\u0107, Sophie mora napustiti plesnu dvoranu, ostaviv\u0161i samo svoju rukavicu u njegovoj ruci..<\/p>\n<h4>O autorici romana D\u017eentlmenska ponuda:<\/h4>\n<p>Julia Quinn po\u010dela je pisati svoj prvi roman mjesec dana nakon zavr\u0161etka fakulteta i otad ne prestaje udarati po tipkovnici. Autorica je nagra\u0111enih povijesnih ljubavnih romana, uklju\u010duju\u0107i bestselere New York Timesa, seriju romana o obitelji Bridgerton koja zapo\u010dinje romanom Vojvoda i ja (The Duke and I). Diplomirala je na Harvardu i Radcliffeu i sada \u017eivi sa svojom obitelji u dr\u017eavi Colorado.<\/p>\n<\/div>\n<\/div>\n<div id=\"_zLBuYN6tEZ-f4-EPs8iVqA431\" class=\"gy6Qzb S8PBwe\" aria-labelledby=\"_zLBuYN6tEZ-f4-EPs8iVqA432\">\n<div>\n<div id=\"_zLBuYN6tEZ-f4-EPs8iVqA433\" class=\"y8URue\" data-hveid=\"CBEQCA\" data-ved=\"2ahUKEwjew-SJkO7vAhWfzzgGHTNkBeUQu04oAXoECBEQCA\">\n<div class=\"VWE0hc\">\n<div class=\"g\">\n<div class=\"tF2Cxc\" data-hveid=\"CAoQAA\" data-ved=\"2ahUKEwjew-SJkO7vAhWfzzgGHTNkBeUQFSgAMAZ6BAgKEAA\">\n<div class=\"yuRUbf\">\n<h3 class=\"LC20lb DKV0Md\"><\/h3>\n<div class=\"TbwUpd NJjxre\"><\/div>\n<div class=\"B6fmyf\">\n<div class=\"TbwUpd\"><\/div>\n<div class=\"eFM0qc\"><\/div>\n<\/div>\n<\/div>\n<div class=\"IsZvec\"><\/div>\n<\/div>\n<\/div>\n<\/div>\n<div class=\"iOBnre\"><\/div>\n<\/div>\n<\/div>\n<\/div>\n<\/div>\n<div class=\"ygGdYd related-question-pair\" data-ved=\"2ahUKEwjew-SJkO7vAhWfzzgGHTNkBeUQq7kBKAJ6BAgREAo\">\n<div id=\"_zLBuYN6tEZ-f4-EPs8iVqA436\" class=\"mWyH1d UgLoB\" tabindex=\"0\" role=\"button\" aria-controls=\"_zLBuYN6tEZ-f4-EPs8iVqA435\" aria-expanded=\"false\"><\/div>\n<\/div>\n","protected":false},"excerpt":{"rendered":"<div class=\"c2 side\">\n<div class=\"book__image book\">\n<figure><strong>Author: <\/strong><strong>Julia Quinn<\/strong><strong>Broj stranica: <\/strong>372<\/p>\n<p><strong>Godina izdanja: <\/strong>2021.<\/p>\n<p><strong>ISBN: <\/strong>9789531429429<\/p>\n<p><strong>Strani naslov: <\/strong>An Offer From A Gentleman<\/p>\n<p><strong>Prevoditelj: <\/strong>Zrinka Budak<\/p>\n<p><strong>Uvez: <\/strong>meki<\/p>\n<p><strong>Dimenzije: <\/strong>14 x 20 cm<\/p>\n<p><strong>Te\u017eina: <\/strong>460 g<\/p>\n<p><strong>Nakladnik:<\/strong>\u00a0Mozaik knjiga<\/figure>\n<\/div>\n<\/div>\n","protected":false},"featured_media":4633,"template":"","meta":{"site-sidebar-layout":"default","site-content-layout":"default","ast-site-content-layout":"default","site-content-style":"default","site-sidebar-style":"default","ast-global-header-display":"","ast-banner-title-visibility":"","ast-main-header-display":"","ast-hfb-above-header-display":"","ast-hfb-below-header-display":"","ast-hfb-mobile-header-display":"","site-post-title":"","ast-breadcrumbs-content":"","ast-featured-img":"","footer-sml-layout":"","ast-disable-related-posts":"","theme-transparent-header-meta":"default","adv-header-id-meta":"","stick-header-meta":"","header-above-stick-meta":"","header-main-stick-meta":"","header-below-stick-meta":"","astra-migrate-meta-layouts":"set","ast-page-background-enabled":"default","ast-page-background-meta":{"desktop":{"background-color":"","background-image":"","background-repeat":"repeat","background-position":"center center","background-size":"auto","background-attachment":"scroll","background-type":"","background-media":"","overlay-type":"","overlay-color":"","overlay-opacity":"","overlay-gradient":""},"tablet":{"background-color":"","background-image":"","background-repeat":"repeat","background-position":"center center","background-size":"auto","background-attachment":"scroll","background-type":"","background-media":"","overlay-type":"","overlay-color":"","overlay-opacity":"","overlay-gradient":""},"mobile":{"background-color":"","background-image":"","background-repeat":"repeat","background-position":"center center","background-size":"auto","background-attachment":"scroll","background-type":"","background-media":"","overlay-type":"","overlay-color":"","overlay-opacity":"","overlay-gradient":""}},"ast-content-background-meta":{"desktop":{"background-color":"var(--ast-global-color-5)","background-image":"","background-repeat":"repeat","background-position":"center center","background-size":"auto","background-attachment":"scroll","background-type":"","background-media":"","overlay-type":"","overlay-color":"","overlay-opacity":"","overlay-gradient":""},"tablet":{"background-color":"var(--ast-global-color-5)","background-image":"","background-repeat":"repeat","background-position":"center center","background-size":"auto","background-attachment":"scroll","background-type":"","background-media":"","overlay-type":"","overlay-color":"","overlay-opacity":"","overlay-gradient":""},"mobile":{"background-color":"var(--ast-global-color-5)","background-image":"","background-repeat":"repeat","background-position":"center center","background-size":"auto","background-attachment":"scroll","background-type":"","background-media":"","overlay-type":"","overlay-color":"","overlay-opacity":"","overlay-gradient":""}}},"product_brand":[],"product_cat":[70,72],"product_tag":[132,147],"class_list":{"0":"post-4632","1":"product","2":"type-product","3":"status-publish","4":"has-post-thumbnail","6":"product_cat-fiction","7":"product_cat-paperbacks","8":"product_tag-novel","9":"product_tag-romance","10":"desktop-align-left","11":"tablet-align-left","12":"mobile-align-left","14":"first","15":"outofstock","16":"shipping-taxable","17":"purchasable","18":"product-type-simple"},"_links":{"self":[{"href":"https:\/\/www.croatiabooks.com.au\/index.php?rest_route=\/wp\/v2\/product\/4632","targetHints":{"allow":["GET"]}}],"collection":[{"href":"https:\/\/www.croatiabooks.com.au\/index.php?rest_route=\/wp\/v2\/product"}],"about":[{"href":"https:\/\/www.croatiabooks.com.au\/index.php?rest_route=\/wp\/v2\/types\/product"}],"version-history":[{"count":2,"href":"https:\/\/www.croatiabooks.com.au\/index.php?rest_route=\/wp\/v2\/product\/4632\/revisions"}],"predecessor-version":[{"id":5353,"href":"https:\/\/www.croatiabooks.com.au\/index.php?rest_route=\/wp\/v2\/product\/4632\/revisions\/5353"}],"wp:featuredmedia":[{"embeddable":true,"href":"https:\/\/www.croatiabooks.com.au\/index.php?rest_route=\/wp\/v2\/media\/4633"}],"wp:attachment":[{"href":"https:\/\/www.croatiabooks.com.au\/index.php?rest_route=%2Fwp%2Fv2%2Fmedia&parent=4632"}],"wp:term":[{"taxonomy":"product_brand","embeddable":true,"href":"https:\/\/www.croatiabooks.com.au\/index.php?rest_route=%2Fwp%2Fv2%2Fproduct_brand&post=4632"},{"taxonomy":"product_cat","embeddable":true,"href":"https:\/\/www.croatiabooks.com.au\/index.php?rest_route=%2Fwp%2Fv2%2Fproduct_cat&post=4632"},{"taxonomy":"product_tag","embeddable":true,"href":"https:\/\/www.croatiabooks.com.au\/index.php?rest_route=%2Fwp%2Fv2%2Fproduct_tag&post=4632"}],"curies":[{"name":"wp","href":"https:\/\/api.w.org\/{rel}","templated":true}]}}