{"id":4639,"date":"2024-06-26T00:55:05","date_gmt":"2024-06-26T00:55:05","guid":{"rendered":"https:\/\/www.croatiabooks.com.au\/?post_type=product&#038;p=4639"},"modified":"2024-06-26T01:02:04","modified_gmt":"2024-06-26T01:02:04","slug":"kad-spijun-zavede","status":"publish","type":"product","link":"https:\/\/www.croatiabooks.com.au\/?product=kad-spijun-zavede","title":{"rendered":"Kad \u0161pijun zavede"},"content":{"rendered":"<div class=\"ygGdYd related-question-pair\" data-ved=\"2ahUKEwjew-SJkO7vAhWfzzgGHTNkBeUQq7kBKAF6BAgREAY\">\n<div id=\"_zLBuYN6tEZ-f4-EPs8iVqA432\" class=\"mWyH1d UgLoB\" tabindex=\"0\" role=\"button\" aria-controls=\"_zLBuYN6tEZ-f4-EPs8iVqA431\" aria-expanded=\"false\">\n<div class=\"cbphWd\" data-kt=\"Ki7x2vyts7O990mSiqOupr7Ogx39qoLkm86Rliu_wY6G4_OghhyMrryK2Ja-htcB\" data-hveid=\"CBEQBw\" data-ved=\"2ahUKEwjew-SJkO7vAhWfzzgGHTNkBeUQuk4oAHoECBEQBw\">O knjizi:<\/div>\n<div data-kt=\"Ki7x2vyts7O990mSiqOupr7Ogx39qoLkm86Rliu_wY6G4_OghhyMrryK2Ja-htcB\" data-hveid=\"CBEQBw\" data-ved=\"2ahUKEwjew-SJkO7vAhWfzzgGHTNkBeUQuk4oAHoECBEQBw\">\n<p>Kad \u0161pijun zavede \u0161esta je knjiga iz serijala\u00a0<em>Kako ukrotiti Carlisleove<\/em>.<\/p>\n<p><em>\u0160pijun koji je voli\u2026<\/em><\/p>\n<p>Kao drugi sin grofa od Spaldinga, Christopher Carlisle naizgled je zadovoljan trate\u0107i \u017eivot u kockarnicama, na razuzdanim zabavama i u krevetima udovica. Ali Kitov razvratni \u017eivot sakriva njegov stvarni poziv \u2013 on je tajni operativac koji je svoj \u017eivot posvetio Velikoj Britaniji. No, kad njegov partner tragi\u010dno pogine, ni\u0161ta ga ne\u0107e sprije\u010diti u potrazi za pravdom\u2026 dok ne upozna Dianu Morgan. No, jedne no\u0107i u mra\u010dnoj gostionici upoznaje ljupku Dianu, koja ne\u0107e prezati ni pred \u010dim kako bi spasila svoga brata.<\/p>\n<p>Diana Morgan u\u010dinit \u0107e sve da sa\u010duva svoju obitelj, pa i riskirati vlastiti \u017eivot. Kad je njezin nestali brat optu\u017een za izdaju i ubojstvo, Diana je primorana potpisati ugovor sa samim vragom \u2013 mora sura\u0111ivati s Kitom kako bi prona\u0161la brata prije nego \u0161to bude prekasno. Diana mora dokazati bratovu nevinost prije nego \u0161to ga Kit po\u0161alje na vje\u0161ala. Ali, uz povjerenje, izme\u0111u njih ja\u010da i strast. Ipak, razotkrivene su tajne oru\u017eje upereno ravno u njezinu du\u0161u. Kad se \u017eivoti njezinih najmilijih na\u0111u u opasnosti, Dianino srce razdire \u017eelja za jedinom stvari koju ne mo\u017ee imati \u2013 Kitovo srce.<\/p>\n<h4>O autorici romana Kad \u0161pijun zavede:<\/h4>\n<p>Anna Harrington zavoljela je povijesne romanse \u2013 i sve one ugla\u0111ene heroje doba regentstva \u2013 dok je \u017eivjela u Londonu, gdje je studirala knji\u017eevnost i dramaturgiju. Voli putovati, upravljati avionima i planinariti, a kad ne pi\u0161e svoj idu\u0107i roman, voli se brinuti za ru\u017ee u svom vrtu.<\/p>\n<\/div>\n<\/div>\n<\/div>\n<div class=\"ygGdYd related-question-pair\" data-ved=\"2ahUKEwjew-SJkO7vAhWfzzgGHTNkBeUQq7kBKAJ6BAgREAo\">\n<div id=\"_zLBuYN6tEZ-f4-EPs8iVqA436\" class=\"mWyH1d UgLoB\" tabindex=\"0\" role=\"button\" aria-controls=\"_zLBuYN6tEZ-f4-EPs8iVqA435\" aria-expanded=\"false\"><\/div>\n<\/div>\n","protected":false},"excerpt":{"rendered":"<div class=\"c2 side\">\n<div class=\"book__image book\">\n<figure><strong>Author: Anna Harrington<\/strong><\/p>\n<p><strong>Broj stranica: <\/strong>296<\/p>\n<p><strong>Godina izdanja: <\/strong>2023.<\/p>\n<p><strong>ISBN: <\/strong>9789531434676<\/p>\n<p><strong>Strani naslov: <\/strong>After the Spy Seduces<\/p>\n<p><strong>Prevoditelj: <\/strong>Vida Milek<\/p>\n<p><strong>Uvez: <\/strong>meki<\/p>\n<p><strong>Dimenzije: <\/strong>14 x 20 cm<\/p>\n<p><strong>Te\u017eina: <\/strong>350 g<\/p>\n<p><strong>Nakladnik:<\/strong>\u00a0Mozaik knjiga<\/figure>\n<\/div>\n<\/div>\n","protected":false},"featured_media":4640,"template":"","meta":{"site-sidebar-layout":"default","site-content-layout":"default","ast-site-content-layout":"default","site-content-style":"default","site-sidebar-style":"default","ast-global-header-display":"","ast-banner-title-visibility":"","ast-main-header-display":"","ast-hfb-above-header-display":"","ast-hfb-below-header-display":"","ast-hfb-mobile-header-display":"","site-post-title":"","ast-breadcrumbs-content":"","ast-featured-img":"","footer-sml-layout":"","ast-disable-related-posts":"","theme-transparent-header-meta":"default","adv-header-id-meta":"","stick-header-meta":"","header-above-stick-meta":"","header-main-stick-meta":"","header-below-stick-meta":"","astra-migrate-meta-layouts":"set","ast-page-background-enabled":"default","ast-page-background-meta":{"desktop":{"background-color":"","background-image":"","background-repeat":"repeat","background-position":"center center","background-size":"auto","background-attachment":"scroll","background-type":"","background-media":"","overlay-type":"","overlay-color":"","overlay-opacity":"","overlay-gradient":""},"tablet":{"background-color":"","background-image":"","background-repeat":"repeat","background-position":"center center","background-size":"auto","background-attachment":"scroll","background-type":"","background-media":"","overlay-type":"","overlay-color":"","overlay-opacity":"","overlay-gradient":""},"mobile":{"background-color":"","background-image":"","background-repeat":"repeat","background-position":"center center","background-size":"auto","background-attachment":"scroll","background-type":"","background-media":"","overlay-type":"","overlay-color":"","overlay-opacity":"","overlay-gradient":""}},"ast-content-background-meta":{"desktop":{"background-color":"var(--ast-global-color-5)","background-image":"","background-repeat":"repeat","background-position":"center center","background-size":"auto","background-attachment":"scroll","background-type":"","background-media":"","overlay-type":"","overlay-color":"","overlay-opacity":"","overlay-gradient":""},"tablet":{"background-color":"var(--ast-global-color-5)","background-image":"","background-repeat":"repeat","background-position":"center center","background-size":"auto","background-attachment":"scroll","background-type":"","background-media":"","overlay-type":"","overlay-color":"","overlay-opacity":"","overlay-gradient":""},"mobile":{"background-color":"var(--ast-global-color-5)","background-image":"","background-repeat":"repeat","background-position":"center center","background-size":"auto","background-attachment":"scroll","background-type":"","background-media":"","overlay-type":"","overlay-color":"","overlay-opacity":"","overlay-gradient":""}}},"product_brand":[],"product_cat":[70,72],"product_tag":[132,147],"class_list":{"0":"post-4639","1":"product","2":"type-product","3":"status-publish","4":"has-post-thumbnail","6":"product_cat-fiction","7":"product_cat-paperbacks","8":"product_tag-novel","9":"product_tag-romance","10":"desktop-align-left","11":"tablet-align-left","12":"mobile-align-left","14":"first","15":"instock","16":"shipping-taxable","17":"purchasable","18":"product-type-simple"},"_links":{"self":[{"href":"https:\/\/www.croatiabooks.com.au\/index.php?rest_route=\/wp\/v2\/product\/4639","targetHints":{"allow":["GET"]}}],"collection":[{"href":"https:\/\/www.croatiabooks.com.au\/index.php?rest_route=\/wp\/v2\/product"}],"about":[{"href":"https:\/\/www.croatiabooks.com.au\/index.php?rest_route=\/wp\/v2\/types\/product"}],"version-history":[{"count":1,"href":"https:\/\/www.croatiabooks.com.au\/index.php?rest_route=\/wp\/v2\/product\/4639\/revisions"}],"predecessor-version":[{"id":4641,"href":"https:\/\/www.croatiabooks.com.au\/index.php?rest_route=\/wp\/v2\/product\/4639\/revisions\/4641"}],"wp:featuredmedia":[{"embeddable":true,"href":"https:\/\/www.croatiabooks.com.au\/index.php?rest_route=\/wp\/v2\/media\/4640"}],"wp:attachment":[{"href":"https:\/\/www.croatiabooks.com.au\/index.php?rest_route=%2Fwp%2Fv2%2Fmedia&parent=4639"}],"wp:term":[{"taxonomy":"product_brand","embeddable":true,"href":"https:\/\/www.croatiabooks.com.au\/index.php?rest_route=%2Fwp%2Fv2%2Fproduct_brand&post=4639"},{"taxonomy":"product_cat","embeddable":true,"href":"https:\/\/www.croatiabooks.com.au\/index.php?rest_route=%2Fwp%2Fv2%2Fproduct_cat&post=4639"},{"taxonomy":"product_tag","embeddable":true,"href":"https:\/\/www.croatiabooks.com.au\/index.php?rest_route=%2Fwp%2Fv2%2Fproduct_tag&post=4639"}],"curies":[{"name":"wp","href":"https:\/\/api.w.org\/{rel}","templated":true}]}}