{"id":4648,"date":"2024-06-26T01:12:50","date_gmt":"2024-06-26T01:12:50","guid":{"rendered":"https:\/\/www.croatiabooks.com.au\/?post_type=product&#038;p=4648"},"modified":"2024-06-26T01:17:34","modified_gmt":"2024-06-26T01:17:34","slug":"grof-za-pozeljeti","status":"publish","type":"product","link":"https:\/\/www.croatiabooks.com.au\/?product=grof-za-pozeljeti","title":{"rendered":"Grof za po\u017eeljeti"},"content":{"rendered":"<div class=\"ygGdYd related-question-pair\" data-ved=\"2ahUKEwjew-SJkO7vAhWfzzgGHTNkBeUQq7kBKAF6BAgREAY\">\n<div id=\"_zLBuYN6tEZ-f4-EPs8iVqA432\" class=\"mWyH1d UgLoB\" tabindex=\"0\" role=\"button\" aria-controls=\"_zLBuYN6tEZ-f4-EPs8iVqA431\" aria-expanded=\"false\">\n<div class=\"cbphWd\" data-kt=\"Ki7x2vyts7O990mSiqOupr7Ogx39qoLkm86Rliu_wY6G4_OghhyMrryK2Ja-htcB\" data-hveid=\"CBEQBw\" data-ved=\"2ahUKEwjew-SJkO7vAhWfzzgGHTNkBeUQuk4oAHoECBEQBw\">O knjizi:<\/div>\n<div data-kt=\"Ki7x2vyts7O990mSiqOupr7Ogx39qoLkm86Rliu_wY6G4_OghhyMrryK2Ja-htcB\" data-hveid=\"CBEQBw\" data-ved=\"2ahUKEwjew-SJkO7vAhWfzzgGHTNkBeUQuk4oAHoECBEQBw\">\n<p>Grof za po\u017eeljeti tre\u0107i je nastavak \u0161armantne i duhovite serije povijesnih ljubavnih romana suvremen ameri\u010dke kraljice \u017eanra.<\/p>\n<p>Harriet Hathaway oduvijek je \u017eeljela samo jednoga mu\u0161karca, grofa od Roxleyja. Nakon strastvene epizode na jednoj ku\u0107noj zabavi Harriet je uvjerena da \u0107e Roxley pravilno postupiti i da \u0107e je zaprositi. Me\u0111utim, po povratku u London ona otkriva da se nesta\u0161ni grof sprema zaprositi drugu.<\/p>\n<p>Me\u0111utim, Harriet ne \u017eeli prihvatiti da su njezine nade u \u201e\u017eivjeli su sretno do kraja \u017eivota\u201c zauvijek propale, jer u grofovim o\u010dima, dok je gleda na drugoj strani plesnoga podija, jo\u0161 uvijek vidi onaj isti sjaj i \u017eelju, a kad su sami \u2026 postoji samo jedna \u017eelja koju ni jedno od njih ne mo\u017ee zanijekati.<\/p>\n<p>Grof od Roxleyja u gadnom je \u0161kripcu, a da Harriet bude sigurna, mora je dr\u017eati podalje od sebe. Ne \u017eeli je uplesti u opasnu zagonetku koja mo\u017ee uni\u0161titi njegovu obitelj i njegovu budu\u0107nost. Me\u0111utim, pokazalo se da nije mogu\u0107e zadr\u017eati Harriet Hathaway dalje od nevolja, ba\u0161 kao \u0161to nije mogu\u0107e tu odlu\u010dnu ljepoticu sprije\u010diti da mu ukrade srce.<\/p>\n<p>Knjigu je s engleskog jezika prevela\u00a0<strong>Vida Milek<\/strong>.<\/p>\n<h4>O autorici romana Grof za po\u017eeljeti:<\/h4>\n<p><strong>Elizabeth Boyle<\/strong>\u00a0oduvijek je voljela ljubavne pri\u010de, a sada ih svaki dan pro\u017eivljava pi\u0161u\u0107i pustolovne i strastvene romane koje ljudi iz cijeloga svijeta opisuju kao \u201eone koji se ne pu\u0161taju iz ruku\u201c. Od prvog objavljenog romana 1996. godine njezina su djela postala uspje\u0161nice \u010dasopisa\u00a0<em>New York Times\u00a0<\/em>i\u00a0<em>USA Today<\/em>\u00a0te su osvojila nagrade\u00a0<em>RWA Rita Awards<\/em>\u00a0i\u00a0<em>Romanitic Times<\/em> prema izboru kriti\u010dara. \u017divi u Seattleu s mu\u017eem i dvojicom sinova ili \u201euvje\u017ebanim glavnim likovima\u201c, kako voli re\u0107i.<\/p>\n<\/div>\n<\/div>\n<\/div>\n","protected":false},"excerpt":{"rendered":"<p><strong>Author: Elizabeth Boyle<\/strong><\/p>\n<p><strong>Broj stranica: <\/strong>336<\/p>\n<p><strong>Godina izdanja: <\/strong>2021.<\/p>\n<p><strong>ISBN: <\/strong>9789531430005<\/p>\n<p><strong>Strani naslov: <\/strong>If Wishes Were Earls<\/p>\n<p><strong>Prevoditelj: <\/strong>Vida Milek<\/p>\n<p><strong>Uvez: <\/strong>meki<\/p>\n<p><strong>Dimenzije: <\/strong>14 x 20 cm<\/p>\n<p><strong>Te\u017eina: <\/strong>360 g<\/p>\n<p><strong>Nakladnik:<\/strong>\u00a0Mozaik knjiga<\/p>\n","protected":false},"featured_media":4649,"template":"","meta":{"site-sidebar-layout":"default","site-content-layout":"default","ast-site-content-layout":"default","site-content-style":"default","site-sidebar-style":"default","ast-global-header-display":"","ast-banner-title-visibility":"","ast-main-header-display":"","ast-hfb-above-header-display":"","ast-hfb-below-header-display":"","ast-hfb-mobile-header-display":"","site-post-title":"","ast-breadcrumbs-content":"","ast-featured-img":"","footer-sml-layout":"","ast-disable-related-posts":"","theme-transparent-header-meta":"default","adv-header-id-meta":"","stick-header-meta":"","header-above-stick-meta":"","header-main-stick-meta":"","header-below-stick-meta":"","astra-migrate-meta-layouts":"set","ast-page-background-enabled":"default","ast-page-background-meta":{"desktop":{"background-color":"","background-image":"","background-repeat":"repeat","background-position":"center center","background-size":"auto","background-attachment":"scroll","background-type":"","background-media":"","overlay-type":"","overlay-color":"","overlay-opacity":"","overlay-gradient":""},"tablet":{"background-color":"","background-image":"","background-repeat":"repeat","background-position":"center center","background-size":"auto","background-attachment":"scroll","background-type":"","background-media":"","overlay-type":"","overlay-color":"","overlay-opacity":"","overlay-gradient":""},"mobile":{"background-color":"","background-image":"","background-repeat":"repeat","background-position":"center center","background-size":"auto","background-attachment":"scroll","background-type":"","background-media":"","overlay-type":"","overlay-color":"","overlay-opacity":"","overlay-gradient":""}},"ast-content-background-meta":{"desktop":{"background-color":"var(--ast-global-color-5)","background-image":"","background-repeat":"repeat","background-position":"center center","background-size":"auto","background-attachment":"scroll","background-type":"","background-media":"","overlay-type":"","overlay-color":"","overlay-opacity":"","overlay-gradient":""},"tablet":{"background-color":"var(--ast-global-color-5)","background-image":"","background-repeat":"repeat","background-position":"center center","background-size":"auto","background-attachment":"scroll","background-type":"","background-media":"","overlay-type":"","overlay-color":"","overlay-opacity":"","overlay-gradient":""},"mobile":{"background-color":"var(--ast-global-color-5)","background-image":"","background-repeat":"repeat","background-position":"center center","background-size":"auto","background-attachment":"scroll","background-type":"","background-media":"","overlay-type":"","overlay-color":"","overlay-opacity":"","overlay-gradient":""}}},"product_brand":[],"product_cat":[70,72],"product_tag":[132,147],"class_list":{"0":"post-4648","1":"product","2":"type-product","3":"status-publish","4":"has-post-thumbnail","6":"product_cat-fiction","7":"product_cat-paperbacks","8":"product_tag-novel","9":"product_tag-romance","10":"desktop-align-left","11":"tablet-align-left","12":"mobile-align-left","14":"first","15":"instock","16":"shipping-taxable","17":"purchasable","18":"product-type-simple"},"_links":{"self":[{"href":"https:\/\/www.croatiabooks.com.au\/index.php?rest_route=\/wp\/v2\/product\/4648","targetHints":{"allow":["GET"]}}],"collection":[{"href":"https:\/\/www.croatiabooks.com.au\/index.php?rest_route=\/wp\/v2\/product"}],"about":[{"href":"https:\/\/www.croatiabooks.com.au\/index.php?rest_route=\/wp\/v2\/types\/product"}],"version-history":[{"count":1,"href":"https:\/\/www.croatiabooks.com.au\/index.php?rest_route=\/wp\/v2\/product\/4648\/revisions"}],"predecessor-version":[{"id":4650,"href":"https:\/\/www.croatiabooks.com.au\/index.php?rest_route=\/wp\/v2\/product\/4648\/revisions\/4650"}],"wp:featuredmedia":[{"embeddable":true,"href":"https:\/\/www.croatiabooks.com.au\/index.php?rest_route=\/wp\/v2\/media\/4649"}],"wp:attachment":[{"href":"https:\/\/www.croatiabooks.com.au\/index.php?rest_route=%2Fwp%2Fv2%2Fmedia&parent=4648"}],"wp:term":[{"taxonomy":"product_brand","embeddable":true,"href":"https:\/\/www.croatiabooks.com.au\/index.php?rest_route=%2Fwp%2Fv2%2Fproduct_brand&post=4648"},{"taxonomy":"product_cat","embeddable":true,"href":"https:\/\/www.croatiabooks.com.au\/index.php?rest_route=%2Fwp%2Fv2%2Fproduct_cat&post=4648"},{"taxonomy":"product_tag","embeddable":true,"href":"https:\/\/www.croatiabooks.com.au\/index.php?rest_route=%2Fwp%2Fv2%2Fproduct_tag&post=4648"}],"curies":[{"name":"wp","href":"https:\/\/api.w.org\/{rel}","templated":true}]}}