{"id":4651,"date":"2024-06-26T01:17:55","date_gmt":"2024-06-26T01:17:55","guid":{"rendered":"https:\/\/www.croatiabooks.com.au\/?post_type=product&#038;p=4651"},"modified":"2024-06-26T01:21:42","modified_gmt":"2024-06-26T01:21:42","slug":"grof-trazi-ljubavnicu","status":"publish","type":"product","link":"https:\/\/www.croatiabooks.com.au\/?product=grof-trazi-ljubavnicu","title":{"rendered":"Grof tra\u017ei ljubavnicu"},"content":{"rendered":"<div class=\"ygGdYd related-question-pair\" data-ved=\"2ahUKEwjew-SJkO7vAhWfzzgGHTNkBeUQq7kBKAF6BAgREAY\">\n<div id=\"_zLBuYN6tEZ-f4-EPs8iVqA432\" class=\"mWyH1d UgLoB\" tabindex=\"0\" role=\"button\" aria-controls=\"_zLBuYN6tEZ-f4-EPs8iVqA431\" aria-expanded=\"false\">\n<div class=\"cbphWd\" data-kt=\"Ki7x2vyts7O990mSiqOupr7Ogx39qoLkm86Rliu_wY6G4_OghhyMrryK2Ja-htcB\" data-hveid=\"CBEQBw\" data-ved=\"2ahUKEwjew-SJkO7vAhWfzzgGHTNkBeUQuk4oAHoECBEQBw\">O knjizi:<\/div>\n<div data-kt=\"Ki7x2vyts7O990mSiqOupr7Ogx39qoLkm86Rliu_wY6G4_OghhyMrryK2Ja-htcB\" data-hveid=\"CBEQBw\" data-ved=\"2ahUKEwjew-SJkO7vAhWfzzgGHTNkBeUQuk4oAHoECBEQBw\">\n<p>Grof tra\u017ei ljubavnicu drugi je naslov u nevjerojatnoj novoj seriji romana\u00a0<em>Pravila lopova\u00a0<\/em>autorice bestsellera\u00a0<em>New York Timesa\u00a0<\/em>Sarah MacLean.<\/p>\n<p>Lady Philippa Marbury je \u010dudna. Dojmljivu, sjajnu \u010detvrtu k\u0107er markize od Needhama i Dolbyja vi\u0161e zanimaju knjige, botanika i znanost nego balovi, moda i trendovi. Prije udaje za lorda Castletona Pippa ima \u017eelju istra\u017eiti skandalozne dijelove Londona koje nikad nije vidjela. I zna to\u010dno tko joj mo\u017ee pomo\u0107i: visoki, \u0161armantni, o\u0161troumni knjigovo\u0111a Palog an\u0111ela, najozlogla\u0161enije londonske kockarnice, poznat samo kao Cross.<\/p>\n<p>Kao i svaki dobar znanstvenik, Pippa je istra\u017eivanjem do\u0161la do zaklju\u010dka kako upravo Crossova reputacija njega \u010dini savr\u0161enim suradnikom u eksperimentu. Ona \u017eeli znanost bez emocija \u2013 iskustvo uni\u0161tenja bez posljedica uni\u0161tenja. No kada se ova neobi\u010dna \u017eena pribli\u017ei Crossu, cijela situacija oboje dovodi u preveliko isku\u0161enje\u2026 Crossu \u0107e trebati sva snaga ovoga svijeta da se odupre vlastitim instinktima \u2013 i da dami priu\u0161ti upravo ono \u0161to \u017eeli.<\/p>\n<h4>O autorici romana Grof tra\u017ei ljubavnicu:<\/h4>\n<p>Sarah MacLean diplomirala je povijest na Sveu\u010dili\u0161tima Smith i Harvard. Danas je jedna od najpopularnijih autorica ljubavnih romana u Americi. Nevaljalac ostaje nevaljalac prvi je njezin roman preved na hrvatski jezik. Sarah voli \u010duti \u0161to njezini \u010ditatalji misle o njezinim romanima.<\/p>\n<p>Preveo: Andrej Bukarica<\/p>\n<\/div>\n<\/div>\n<\/div>\n","protected":false},"excerpt":{"rendered":"<p><strong>Author: Sarah MacLean<\/strong><\/p>\n<p><strong>Broj stranica: <\/strong>404<\/p>\n<p><strong>Godina izdanja: <\/strong>2020<\/p>\n<p><strong>ISBN: <\/strong>9789531427234<\/p>\n<p><strong>Strani naslov: <\/strong>One Good Earl Deserves a Lover<\/p>\n<p><strong>Uvez: <\/strong>meki<\/p>\n<p><strong>Dimenzije: <\/strong>14 x 20 cm<\/p>\n<p><strong>Te\u017eina: <\/strong>440 g<\/p>\n<p><strong>Nakladnik:<\/strong>\u00a0Mozaik knjiga<\/p>\n","protected":false},"featured_media":4652,"template":"","meta":{"site-sidebar-layout":"default","site-content-layout":"default","ast-site-content-layout":"default","site-content-style":"default","site-sidebar-style":"default","ast-global-header-display":"","ast-banner-title-visibility":"","ast-main-header-display":"","ast-hfb-above-header-display":"","ast-hfb-below-header-display":"","ast-hfb-mobile-header-display":"","site-post-title":"","ast-breadcrumbs-content":"","ast-featured-img":"","footer-sml-layout":"","ast-disable-related-posts":"","theme-transparent-header-meta":"default","adv-header-id-meta":"","stick-header-meta":"","header-above-stick-meta":"","header-main-stick-meta":"","header-below-stick-meta":"","astra-migrate-meta-layouts":"set","ast-page-background-enabled":"default","ast-page-background-meta":{"desktop":{"background-color":"","background-image":"","background-repeat":"repeat","background-position":"center center","background-size":"auto","background-attachment":"scroll","background-type":"","background-media":"","overlay-type":"","overlay-color":"","overlay-opacity":"","overlay-gradient":""},"tablet":{"background-color":"","background-image":"","background-repeat":"repeat","background-position":"center center","background-size":"auto","background-attachment":"scroll","background-type":"","background-media":"","overlay-type":"","overlay-color":"","overlay-opacity":"","overlay-gradient":""},"mobile":{"background-color":"","background-image":"","background-repeat":"repeat","background-position":"center center","background-size":"auto","background-attachment":"scroll","background-type":"","background-media":"","overlay-type":"","overlay-color":"","overlay-opacity":"","overlay-gradient":""}},"ast-content-background-meta":{"desktop":{"background-color":"var(--ast-global-color-5)","background-image":"","background-repeat":"repeat","background-position":"center center","background-size":"auto","background-attachment":"scroll","background-type":"","background-media":"","overlay-type":"","overlay-color":"","overlay-opacity":"","overlay-gradient":""},"tablet":{"background-color":"var(--ast-global-color-5)","background-image":"","background-repeat":"repeat","background-position":"center center","background-size":"auto","background-attachment":"scroll","background-type":"","background-media":"","overlay-type":"","overlay-color":"","overlay-opacity":"","overlay-gradient":""},"mobile":{"background-color":"var(--ast-global-color-5)","background-image":"","background-repeat":"repeat","background-position":"center center","background-size":"auto","background-attachment":"scroll","background-type":"","background-media":"","overlay-type":"","overlay-color":"","overlay-opacity":"","overlay-gradient":""}}},"product_brand":[],"product_cat":[70,72],"product_tag":[132,147],"class_list":{"0":"post-4651","1":"product","2":"type-product","3":"status-publish","4":"has-post-thumbnail","6":"product_cat-fiction","7":"product_cat-paperbacks","8":"product_tag-novel","9":"product_tag-romance","10":"desktop-align-left","11":"tablet-align-left","12":"mobile-align-left","14":"first","15":"instock","16":"shipping-taxable","17":"purchasable","18":"product-type-simple"},"_links":{"self":[{"href":"https:\/\/www.croatiabooks.com.au\/index.php?rest_route=\/wp\/v2\/product\/4651","targetHints":{"allow":["GET"]}}],"collection":[{"href":"https:\/\/www.croatiabooks.com.au\/index.php?rest_route=\/wp\/v2\/product"}],"about":[{"href":"https:\/\/www.croatiabooks.com.au\/index.php?rest_route=\/wp\/v2\/types\/product"}],"version-history":[{"count":1,"href":"https:\/\/www.croatiabooks.com.au\/index.php?rest_route=\/wp\/v2\/product\/4651\/revisions"}],"predecessor-version":[{"id":4653,"href":"https:\/\/www.croatiabooks.com.au\/index.php?rest_route=\/wp\/v2\/product\/4651\/revisions\/4653"}],"wp:featuredmedia":[{"embeddable":true,"href":"https:\/\/www.croatiabooks.com.au\/index.php?rest_route=\/wp\/v2\/media\/4652"}],"wp:attachment":[{"href":"https:\/\/www.croatiabooks.com.au\/index.php?rest_route=%2Fwp%2Fv2%2Fmedia&parent=4651"}],"wp:term":[{"taxonomy":"product_brand","embeddable":true,"href":"https:\/\/www.croatiabooks.com.au\/index.php?rest_route=%2Fwp%2Fv2%2Fproduct_brand&post=4651"},{"taxonomy":"product_cat","embeddable":true,"href":"https:\/\/www.croatiabooks.com.au\/index.php?rest_route=%2Fwp%2Fv2%2Fproduct_cat&post=4651"},{"taxonomy":"product_tag","embeddable":true,"href":"https:\/\/www.croatiabooks.com.au\/index.php?rest_route=%2Fwp%2Fv2%2Fproduct_tag&post=4651"}],"curies":[{"name":"wp","href":"https:\/\/api.w.org\/{rel}","templated":true}]}}