{"id":4654,"date":"2024-06-26T01:22:05","date_gmt":"2024-06-26T01:22:05","guid":{"rendered":"https:\/\/www.croatiabooks.com.au\/?post_type=product&#038;p=4654"},"modified":"2024-06-26T01:25:53","modified_gmt":"2024-06-26T01:25:53","slug":"grijesi-jednog-vojvode","status":"publish","type":"product","link":"https:\/\/www.croatiabooks.com.au\/?product=grijesi-jednog-vojvode","title":{"rendered":"Grijesi jednog vojvode"},"content":{"rendered":"<div class=\"ygGdYd related-question-pair\" data-ved=\"2ahUKEwjew-SJkO7vAhWfzzgGHTNkBeUQq7kBKAF6BAgREAY\">\n<div id=\"_zLBuYN6tEZ-f4-EPs8iVqA432\" class=\"mWyH1d UgLoB\" tabindex=\"0\" role=\"button\" aria-controls=\"_zLBuYN6tEZ-f4-EPs8iVqA431\" aria-expanded=\"false\">\n<div class=\"cbphWd\" data-kt=\"Ki7x2vyts7O990mSiqOupr7Ogx39qoLkm86Rliu_wY6G4_OghhyMrryK2Ja-htcB\" data-hveid=\"CBEQBw\" data-ved=\"2ahUKEwjew-SJkO7vAhWfzzgGHTNkBeUQuk4oAHoECBEQBw\">O knjizi:<\/div>\n<div data-kt=\"Ki7x2vyts7O990mSiqOupr7Ogx39qoLkm86Rliu_wY6G4_OghhyMrryK2Ja-htcB\" data-hveid=\"CBEQBw\" data-ved=\"2ahUKEwjew-SJkO7vAhWfzzgGHTNkBeUQuk4oAHoECBEQBw\">\n<p>Po\u017euda je grijeh\u2026<\/p>\n<p>Sebastian Griffin, vojvoda od Melbournea, podigao je svoja dva mla\u0111a brata i sestru, pobrinuo se da na\u0111u prikladne bra\u010dne partnere i, sve u svemu, dr\u017eao sve pod nadzorom. Kao jednog od najmo\u0107nijih ljudi u Engleskoj, Sebastiana je pratio glas pristojna \u010dovjeka koji vodi \u017eivot li\u0161en skandala. Sve dosad.<\/p>\n<p>Josefina Katarina Embry ljepotica je, to je sigurno, ali ona tvrdi da je princeza jedne daleke zemlje. Dok je visoko dru\u0161tvo op\u010dinjeno njezinim duhom i \u0161armom, Sebastian sumnja da ona ne\u0161to sprema. Odlu\u010dan je suprotstaviti joj se, ali\u2026 njezina drska senzualnost i neodoljivi poljupci tako ga mame. Sebastian zna da \u0107e njihova ljubavna veza izazvati sablazan, no ho\u0107e li najmo\u0107niji \u010dovjek u Engleskoj sve staviti na kocku zbog princeze sumnjiva porijekla\u2026 ili \u0107e dopustiti da pohotna \u010de\u017enja upravlja njegovim srcem?<\/p>\n<p>Suzanne Enoch jednostavno postaje sve bolja i bolja. Njezini su romani duhoviti, pametni i, ajme meni, tako rasko\u0161no seksi! \u2013 Kasey Michael<\/p>\n<h4>O autorici romana Grijesi jednog vojvode:<\/h4>\n<p><strong>Suzanne Enoch<\/strong>\u00a0jedna je od najpopularnijih ameri\u010dkih autorica ljubavnih romana. \u010citatelji su je mogli upoznati \u010ditaju\u0107i roman\u00a0<em>Naputci o nedoli\u010dnom vladanju namijenjeni mladim gospo\u0111icama, Kako ukrotiti razvratnika, Pono\u0107ni susret, Skandal na dvoru, Grijeh i osje\u0107aji,<\/em>\u00a0<em>Poziv na grijeh te Ne\u0161to gre\u0161no.<\/em><\/p>\n<p>Prevela: Vida Milek<\/p>\n<\/div>\n<\/div>\n<\/div>\n","protected":false},"excerpt":{"rendered":"<p><strong>Author: Suzanne Enoch<\/strong><\/p>\n<p><strong>Broj stranica: <\/strong>378<\/p>\n<p><strong>Godina izdanja: <\/strong>2021.<\/p>\n<p><strong>ISBN: <\/strong>9789531429023<\/p>\n<p><strong>Strani naslov: <\/strong>Sins of a Duke<\/p>\n<p><strong>Uvez: <\/strong>meki<\/p>\n<p><strong>Dimenzije: <\/strong>14 x 20 cm<\/p>\n<p><strong>Te\u017eina: <\/strong>405 g<\/p>\n<p><strong>Nakladnik:<\/strong>\u00a0Mozaik knjiga<\/p>\n","protected":false},"featured_media":4655,"template":"","meta":{"site-sidebar-layout":"default","site-content-layout":"default","ast-site-content-layout":"default","site-content-style":"default","site-sidebar-style":"default","ast-global-header-display":"","ast-banner-title-visibility":"","ast-main-header-display":"","ast-hfb-above-header-display":"","ast-hfb-below-header-display":"","ast-hfb-mobile-header-display":"","site-post-title":"","ast-breadcrumbs-content":"","ast-featured-img":"","footer-sml-layout":"","ast-disable-related-posts":"","theme-transparent-header-meta":"default","adv-header-id-meta":"","stick-header-meta":"","header-above-stick-meta":"","header-main-stick-meta":"","header-below-stick-meta":"","astra-migrate-meta-layouts":"set","ast-page-background-enabled":"default","ast-page-background-meta":{"desktop":{"background-color":"","background-image":"","background-repeat":"repeat","background-position":"center center","background-size":"auto","background-attachment":"scroll","background-type":"","background-media":"","overlay-type":"","overlay-color":"","overlay-opacity":"","overlay-gradient":""},"tablet":{"background-color":"","background-image":"","background-repeat":"repeat","background-position":"center center","background-size":"auto","background-attachment":"scroll","background-type":"","background-media":"","overlay-type":"","overlay-color":"","overlay-opacity":"","overlay-gradient":""},"mobile":{"background-color":"","background-image":"","background-repeat":"repeat","background-position":"center center","background-size":"auto","background-attachment":"scroll","background-type":"","background-media":"","overlay-type":"","overlay-color":"","overlay-opacity":"","overlay-gradient":""}},"ast-content-background-meta":{"desktop":{"background-color":"var(--ast-global-color-5)","background-image":"","background-repeat":"repeat","background-position":"center center","background-size":"auto","background-attachment":"scroll","background-type":"","background-media":"","overlay-type":"","overlay-color":"","overlay-opacity":"","overlay-gradient":""},"tablet":{"background-color":"var(--ast-global-color-5)","background-image":"","background-repeat":"repeat","background-position":"center center","background-size":"auto","background-attachment":"scroll","background-type":"","background-media":"","overlay-type":"","overlay-color":"","overlay-opacity":"","overlay-gradient":""},"mobile":{"background-color":"var(--ast-global-color-5)","background-image":"","background-repeat":"repeat","background-position":"center center","background-size":"auto","background-attachment":"scroll","background-type":"","background-media":"","overlay-type":"","overlay-color":"","overlay-opacity":"","overlay-gradient":""}}},"product_brand":[],"product_cat":[70,72],"product_tag":[132,147],"class_list":{"0":"post-4654","1":"product","2":"type-product","3":"status-publish","4":"has-post-thumbnail","6":"product_cat-fiction","7":"product_cat-paperbacks","8":"product_tag-novel","9":"product_tag-romance","10":"desktop-align-left","11":"tablet-align-left","12":"mobile-align-left","14":"first","15":"instock","16":"shipping-taxable","17":"purchasable","18":"product-type-simple"},"_links":{"self":[{"href":"https:\/\/www.croatiabooks.com.au\/index.php?rest_route=\/wp\/v2\/product\/4654","targetHints":{"allow":["GET"]}}],"collection":[{"href":"https:\/\/www.croatiabooks.com.au\/index.php?rest_route=\/wp\/v2\/product"}],"about":[{"href":"https:\/\/www.croatiabooks.com.au\/index.php?rest_route=\/wp\/v2\/types\/product"}],"version-history":[{"count":1,"href":"https:\/\/www.croatiabooks.com.au\/index.php?rest_route=\/wp\/v2\/product\/4654\/revisions"}],"predecessor-version":[{"id":4656,"href":"https:\/\/www.croatiabooks.com.au\/index.php?rest_route=\/wp\/v2\/product\/4654\/revisions\/4656"}],"wp:featuredmedia":[{"embeddable":true,"href":"https:\/\/www.croatiabooks.com.au\/index.php?rest_route=\/wp\/v2\/media\/4655"}],"wp:attachment":[{"href":"https:\/\/www.croatiabooks.com.au\/index.php?rest_route=%2Fwp%2Fv2%2Fmedia&parent=4654"}],"wp:term":[{"taxonomy":"product_brand","embeddable":true,"href":"https:\/\/www.croatiabooks.com.au\/index.php?rest_route=%2Fwp%2Fv2%2Fproduct_brand&post=4654"},{"taxonomy":"product_cat","embeddable":true,"href":"https:\/\/www.croatiabooks.com.au\/index.php?rest_route=%2Fwp%2Fv2%2Fproduct_cat&post=4654"},{"taxonomy":"product_tag","embeddable":true,"href":"https:\/\/www.croatiabooks.com.au\/index.php?rest_route=%2Fwp%2Fv2%2Fproduct_tag&post=4654"}],"curies":[{"name":"wp","href":"https:\/\/api.w.org\/{rel}","templated":true}]}}