{"id":4660,"date":"2024-06-26T01:30:07","date_gmt":"2024-06-26T01:30:07","guid":{"rendered":"https:\/\/www.croatiabooks.com.au\/?post_type=product&#038;p=4660"},"modified":"2025-08-11T01:44:24","modified_gmt":"2025-08-11T01:44:24","slug":"gospodin-bridgerton","status":"publish","type":"product","link":"https:\/\/www.croatiabooks.com.au\/?product=gospodin-bridgerton","title":{"rendered":"Gospodin Bridgerton"},"content":{"rendered":"<div class=\"ygGdYd related-question-pair\" data-ved=\"2ahUKEwjew-SJkO7vAhWfzzgGHTNkBeUQq7kBKAF6BAgREAY\">\n<div id=\"_zLBuYN6tEZ-f4-EPs8iVqA432\" class=\"mWyH1d UgLoB\" tabindex=\"0\" role=\"button\" aria-controls=\"_zLBuYN6tEZ-f4-EPs8iVqA431\" aria-expanded=\"false\">\n<div class=\"cbphWd\" data-kt=\"Ki7x2vyts7O990mSiqOupr7Ogx39qoLkm86Rliu_wY6G4_OghhyMrryK2Ja-htcB\" data-hveid=\"CBEQBw\" data-ved=\"2ahUKEwjew-SJkO7vAhWfzzgGHTNkBeUQuk4oAHoECBEQBw\">O knjizi:<\/div>\n<div data-kt=\"Ki7x2vyts7O990mSiqOupr7Ogx39qoLkm86Rliu_wY6G4_OghhyMrryK2Ja-htcB\" data-hveid=\"CBEQBw\" data-ved=\"2ahUKEwjew-SJkO7vAhWfzzgGHTNkBeUQuk4oAHoECBEQBw\">\n<p>Gospodin Bridgerton \u010detvrti je roman iz serije o obitelji Bridgerton.<\/p>\n<p>Penelope Featherington u tajnosti obo\u017eava brata svoje \u00a0najbolje prijateljice od\u2026 Zapravo, \u010dini se da ga je \u00a0oduvijek obo\u017eavala. Nakon \u0161to je pola svoga \u017eivota \u00a0izdaleka promatrala Colina Bridgertona, misli kako \u00a0zna sve o njemu, sve dok ne nai\u0111e na njegove najve\u0107e \u00a0tajne \u2013 i tada shvati da ga uop\u0107e ne poznaje.<\/p>\n<p>Colinu je dosadilo da ga svi smatraju tek praznoglavim \u00a0\u0161armerom i muka mu je \u0161to je cijelo visoko dru\u0161tvo \u00a0doslovno poludjelo za tra\u010derskom kolumnisticom \u00a0lady Whistledown. No kad se Colin vrati s jednog \u00a0od svojih putovanja u inozemstvo, otkrit \u0107e kako \u00a0ni\u0161ta vi\u0161e u \u017eivotu nije isto, a ponajmanje Penelope \u00a0Featherington! Tek \u0107e tada Colin otkriti da i Penelope \u00a0ima svoje tajne.<\/p>\n<p>Sada ovaj okorjeli ne\u017eenja mora odlu\u010diti je li mu \u00a0Penelope najve\u0107a prijetnja ili jamstvo sretnog \u00a0zavr\u0161etka?<\/p>\n<p>\u201cPisci poput Quinn ponovno su izumili ljubavne romane za postfeministi\u010dku generaciju.\u201d- Time Magazine<\/p>\n<h4>O autorici romana Gospodin Bridgerton:<\/h4>\n<p>Julia Quinn po\u010dela je pisati svoj \u00a0prvi roman mjesec dana nakon zavr\u0161etka \u00a0fakulteta i otad ne prestaje udarati po \u00a0tipkovnici. Autorica je nagra\u0111enih \u00a0povijesnih ljubavnih romana, uklju\u010duju\u0107i \u00a0bestselere \u00a0New York Timesa , seriju romana \u00a0o obitelji Bridgerton koja zapo\u010dinje \u00a0romanom \u00a0Vojvoda i ja (The Duke and I). Diplomirala je na Harvardu i Radcliffeu \u00a0i sada \u017eivi sa svojom obitelji u dr\u017eavi \u00a0Colorado. Posjetite njezinu internetsku \u00a0stranicu na adresi \u00a0www.juliaquinn.com.<\/p>\n<p>Prevela: Zrinka Budak<\/p>\n<\/div>\n<\/div>\n<\/div>\n","protected":false},"excerpt":{"rendered":"<p><strong>Author: Julia Quinn<\/strong><\/p>\n<p><strong>Broj stranica: <\/strong>384<\/p>\n<p><strong>Godina izdanja: <\/strong>2021.<\/p>\n<p><strong>ISBN: <\/strong>9789531429436<\/p>\n<p><strong>Strani naslov: <\/strong>The Bridgertons<\/p>\n<p><strong>Uvez: <\/strong>meki<\/p>\n<p><strong>Dimenzije: <\/strong>14 x 20 cm<\/p>\n<p><strong>Te\u017eina: <\/strong>410 g<\/p>\n<p><strong>Nakladnik:<\/strong>\u00a0Mozaik knjiga<\/p>\n","protected":false},"featured_media":4661,"template":"","meta":{"site-sidebar-layout":"default","site-content-layout":"default","ast-site-content-layout":"default","site-content-style":"default","site-sidebar-style":"default","ast-global-header-display":"","ast-banner-title-visibility":"","ast-main-header-display":"","ast-hfb-above-header-display":"","ast-hfb-below-header-display":"","ast-hfb-mobile-header-display":"","site-post-title":"","ast-breadcrumbs-content":"","ast-featured-img":"","footer-sml-layout":"","ast-disable-related-posts":"","theme-transparent-header-meta":"default","adv-header-id-meta":"","stick-header-meta":"","header-above-stick-meta":"","header-main-stick-meta":"","header-below-stick-meta":"","astra-migrate-meta-layouts":"set","ast-page-background-enabled":"default","ast-page-background-meta":{"desktop":{"background-color":"","background-image":"","background-repeat":"repeat","background-position":"center center","background-size":"auto","background-attachment":"scroll","background-type":"","background-media":"","overlay-type":"","overlay-color":"","overlay-opacity":"","overlay-gradient":""},"tablet":{"background-color":"","background-image":"","background-repeat":"repeat","background-position":"center center","background-size":"auto","background-attachment":"scroll","background-type":"","background-media":"","overlay-type":"","overlay-color":"","overlay-opacity":"","overlay-gradient":""},"mobile":{"background-color":"","background-image":"","background-repeat":"repeat","background-position":"center center","background-size":"auto","background-attachment":"scroll","background-type":"","background-media":"","overlay-type":"","overlay-color":"","overlay-opacity":"","overlay-gradient":""}},"ast-content-background-meta":{"desktop":{"background-color":"var(--ast-global-color-5)","background-image":"","background-repeat":"repeat","background-position":"center center","background-size":"auto","background-attachment":"scroll","background-type":"","background-media":"","overlay-type":"","overlay-color":"","overlay-opacity":"","overlay-gradient":""},"tablet":{"background-color":"var(--ast-global-color-5)","background-image":"","background-repeat":"repeat","background-position":"center center","background-size":"auto","background-attachment":"scroll","background-type":"","background-media":"","overlay-type":"","overlay-color":"","overlay-opacity":"","overlay-gradient":""},"mobile":{"background-color":"var(--ast-global-color-5)","background-image":"","background-repeat":"repeat","background-position":"center center","background-size":"auto","background-attachment":"scroll","background-type":"","background-media":"","overlay-type":"","overlay-color":"","overlay-opacity":"","overlay-gradient":""}}},"product_brand":[],"product_cat":[70,72],"product_tag":[132,147],"class_list":{"0":"post-4660","1":"product","2":"type-product","3":"status-publish","4":"has-post-thumbnail","6":"product_cat-fiction","7":"product_cat-paperbacks","8":"product_tag-novel","9":"product_tag-romance","10":"desktop-align-left","11":"tablet-align-left","12":"mobile-align-left","14":"first","15":"outofstock","16":"shipping-taxable","17":"purchasable","18":"product-type-simple"},"_links":{"self":[{"href":"https:\/\/www.croatiabooks.com.au\/index.php?rest_route=\/wp\/v2\/product\/4660","targetHints":{"allow":["GET"]}}],"collection":[{"href":"https:\/\/www.croatiabooks.com.au\/index.php?rest_route=\/wp\/v2\/product"}],"about":[{"href":"https:\/\/www.croatiabooks.com.au\/index.php?rest_route=\/wp\/v2\/types\/product"}],"version-history":[{"count":1,"href":"https:\/\/www.croatiabooks.com.au\/index.php?rest_route=\/wp\/v2\/product\/4660\/revisions"}],"predecessor-version":[{"id":4662,"href":"https:\/\/www.croatiabooks.com.au\/index.php?rest_route=\/wp\/v2\/product\/4660\/revisions\/4662"}],"wp:featuredmedia":[{"embeddable":true,"href":"https:\/\/www.croatiabooks.com.au\/index.php?rest_route=\/wp\/v2\/media\/4661"}],"wp:attachment":[{"href":"https:\/\/www.croatiabooks.com.au\/index.php?rest_route=%2Fwp%2Fv2%2Fmedia&parent=4660"}],"wp:term":[{"taxonomy":"product_brand","embeddable":true,"href":"https:\/\/www.croatiabooks.com.au\/index.php?rest_route=%2Fwp%2Fv2%2Fproduct_brand&post=4660"},{"taxonomy":"product_cat","embeddable":true,"href":"https:\/\/www.croatiabooks.com.au\/index.php?rest_route=%2Fwp%2Fv2%2Fproduct_cat&post=4660"},{"taxonomy":"product_tag","embeddable":true,"href":"https:\/\/www.croatiabooks.com.au\/index.php?rest_route=%2Fwp%2Fv2%2Fproduct_tag&post=4660"}],"curies":[{"name":"wp","href":"https:\/\/api.w.org\/{rel}","templated":true}]}}