{"id":4667,"date":"2024-06-26T01:48:41","date_gmt":"2024-06-26T01:48:41","guid":{"rendered":"https:\/\/www.croatiabooks.com.au\/?post_type=product&#038;p=4667"},"modified":"2024-06-26T01:52:57","modified_gmt":"2024-06-26T01:52:57","slug":"gospodica-necu","status":"publish","type":"product","link":"https:\/\/www.croatiabooks.com.au\/?product=gospodica-necu","title":{"rendered":"Gospo\u0111ica Ne\u0107u"},"content":{"rendered":"<p>O knjizi:<\/p>\n<p>GOSPO\u0110ICA NE\u0106U je slikovnica jedne od najboljih i najpoznatijih dje\u010djih spisateljica Sin\u010dane \u0160krinjari\u0107.<\/p>\n<p>Mina je u\u010denica prvog razreda osnovne \u0161kole. No iako izgleda kao i svaka druga obi\u010dna djevoj\u010dica kakvih ima na stotine, ona se ipak po ne\u010demu razlikuje od ostale djece. Naime, ona ba\u0161 uvijek, svima i na svakom mjestu odgovara: \u201eNe\u0107u!\u201c To joj je, gotovo, pre\u0161lo u naviku. No tada joj se po\u010dinje doga\u0111ati ne\u0161to jako neobi\u010dno, \u0161to \u0107e joj pomo\u0107i da shvati kako je u tome pretjerala i kako je krajnje vrijeme da se po\u010dne druk\u010dije pona\u0161ati\u2026<\/p>\n<p><strong>Sun\u010dana \u0160krinjari\u0107<\/strong>\u00a0poznata je spisateljica za djecu i mlade, autorica petnaestak knjiga od kojih su mnoge nagra\u0111ene najzna\u010dajnijim knji\u017eevnim nagradama. Inspiraciju za svoje pri\u010de i bajke pronalazila je u svakodnevnim, naizgled malim, situacijama. Godine 1999. bila je nominirana za najpresti\u017eniju svjetsku nagradu za knji\u017eevnosti za djecu i mlade Hans Christian Andersen, poznatu i kao Mali Nobel, a prema njezinu scenariju snimljen je prvi hrvatski cjelove\u010dernji crtani film \u010cudesna \u0161uma.<\/p>\n<p>Slikovnicu GOSPO\u0110ICA NE\u0106U ilustrirala je Nikolina Novosel.<\/p>\n","protected":false},"excerpt":{"rendered":"<p><strong>Author: Sun\u010dana \u0160krinjari\u0107\u00a0<\/strong><\/p>\n<p><strong>Broj stranica: <\/strong>28<\/p>\n<p><strong>Godina izdanja: <\/strong>2022.<\/p>\n<p><strong>ISBN: <\/strong>9789531416757<\/p>\n<p><strong>Uvez: <\/strong>tvrdi<\/p>\n<p><strong>Dimenzije: <\/strong>24.5 x 24.7 cm<\/p>\n<p><strong>Nakladnik:<\/strong>\u00a0Mozaik knjiga<\/p>\n","protected":false},"featured_media":4668,"template":"","meta":{"site-sidebar-layout":"default","site-content-layout":"default","ast-site-content-layout":"default","site-content-style":"default","site-sidebar-style":"default","ast-global-header-display":"","ast-banner-title-visibility":"","ast-main-header-display":"","ast-hfb-above-header-display":"","ast-hfb-below-header-display":"","ast-hfb-mobile-header-display":"","site-post-title":"","ast-breadcrumbs-content":"","ast-featured-img":"","footer-sml-layout":"","ast-disable-related-posts":"","theme-transparent-header-meta":"default","adv-header-id-meta":"","stick-header-meta":"","header-above-stick-meta":"","header-main-stick-meta":"","header-below-stick-meta":"","astra-migrate-meta-layouts":"set","ast-page-background-enabled":"default","ast-page-background-meta":{"desktop":{"background-color":"","background-image":"","background-repeat":"repeat","background-position":"center center","background-size":"auto","background-attachment":"scroll","background-type":"","background-media":"","overlay-type":"","overlay-color":"","overlay-opacity":"","overlay-gradient":""},"tablet":{"background-color":"","background-image":"","background-repeat":"repeat","background-position":"center center","background-size":"auto","background-attachment":"scroll","background-type":"","background-media":"","overlay-type":"","overlay-color":"","overlay-opacity":"","overlay-gradient":""},"mobile":{"background-color":"","background-image":"","background-repeat":"repeat","background-position":"center center","background-size":"auto","background-attachment":"scroll","background-type":"","background-media":"","overlay-type":"","overlay-color":"","overlay-opacity":"","overlay-gradient":""}},"ast-content-background-meta":{"desktop":{"background-color":"var(--ast-global-color-5)","background-image":"","background-repeat":"repeat","background-position":"center center","background-size":"auto","background-attachment":"scroll","background-type":"","background-media":"","overlay-type":"","overlay-color":"","overlay-opacity":"","overlay-gradient":""},"tablet":{"background-color":"var(--ast-global-color-5)","background-image":"","background-repeat":"repeat","background-position":"center center","background-size":"auto","background-attachment":"scroll","background-type":"","background-media":"","overlay-type":"","overlay-color":"","overlay-opacity":"","overlay-gradient":""},"mobile":{"background-color":"var(--ast-global-color-5)","background-image":"","background-repeat":"repeat","background-position":"center center","background-size":"auto","background-attachment":"scroll","background-type":"","background-media":"","overlay-type":"","overlay-color":"","overlay-opacity":"","overlay-gradient":""}}},"product_brand":[],"product_cat":[78,64],"product_tag":[134,148,138],"class_list":{"0":"post-4667","1":"product","2":"type-product","3":"status-publish","4":"has-post-thumbnail","6":"product_cat-teenagers","7":"product_cat-junior","8":"product_tag-childrens","9":"product_tag-junior","10":"product_tag-teenagers","11":"desktop-align-left","12":"tablet-align-left","13":"mobile-align-left","15":"first","16":"instock","17":"shipping-taxable","18":"purchasable","19":"product-type-simple"},"_links":{"self":[{"href":"https:\/\/www.croatiabooks.com.au\/index.php?rest_route=\/wp\/v2\/product\/4667","targetHints":{"allow":["GET"]}}],"collection":[{"href":"https:\/\/www.croatiabooks.com.au\/index.php?rest_route=\/wp\/v2\/product"}],"about":[{"href":"https:\/\/www.croatiabooks.com.au\/index.php?rest_route=\/wp\/v2\/types\/product"}],"version-history":[{"count":1,"href":"https:\/\/www.croatiabooks.com.au\/index.php?rest_route=\/wp\/v2\/product\/4667\/revisions"}],"predecessor-version":[{"id":4669,"href":"https:\/\/www.croatiabooks.com.au\/index.php?rest_route=\/wp\/v2\/product\/4667\/revisions\/4669"}],"wp:featuredmedia":[{"embeddable":true,"href":"https:\/\/www.croatiabooks.com.au\/index.php?rest_route=\/wp\/v2\/media\/4668"}],"wp:attachment":[{"href":"https:\/\/www.croatiabooks.com.au\/index.php?rest_route=%2Fwp%2Fv2%2Fmedia&parent=4667"}],"wp:term":[{"taxonomy":"product_brand","embeddable":true,"href":"https:\/\/www.croatiabooks.com.au\/index.php?rest_route=%2Fwp%2Fv2%2Fproduct_brand&post=4667"},{"taxonomy":"product_cat","embeddable":true,"href":"https:\/\/www.croatiabooks.com.au\/index.php?rest_route=%2Fwp%2Fv2%2Fproduct_cat&post=4667"},{"taxonomy":"product_tag","embeddable":true,"href":"https:\/\/www.croatiabooks.com.au\/index.php?rest_route=%2Fwp%2Fv2%2Fproduct_tag&post=4667"}],"curies":[{"name":"wp","href":"https:\/\/api.w.org\/{rel}","templated":true}]}}