{"id":4670,"date":"2024-06-26T06:42:32","date_gmt":"2024-06-26T06:42:32","guid":{"rendered":"https:\/\/www.croatiabooks.com.au\/?post_type=product&#038;p=4670"},"modified":"2024-06-26T06:48:34","modified_gmt":"2024-06-26T06:48:34","slug":"ljepse-od-raja","status":"publish","type":"product","link":"https:\/\/www.croatiabooks.com.au\/?product=ljepse-od-raja","title":{"rendered":"Ljep\u0161e od raja"},"content":{"rendered":"<div class=\"ygGdYd related-question-pair\" data-ved=\"2ahUKEwjew-SJkO7vAhWfzzgGHTNkBeUQq7kBKAF6BAgREAY\">\n<div id=\"_zLBuYN6tEZ-f4-EPs8iVqA432\" class=\"mWyH1d UgLoB\" tabindex=\"0\" role=\"button\" aria-controls=\"_zLBuYN6tEZ-f4-EPs8iVqA431\" aria-expanded=\"false\">\n<div class=\"cbphWd\" data-kt=\"Ki7x2vyts7O990mSiqOupr7Ogx39qoLkm86Rliu_wY6G4_OghhyMrryK2Ja-htcB\" data-hveid=\"CBEQBw\" data-ved=\"2ahUKEwjew-SJkO7vAhWfzzgGHTNkBeUQuk4oAHoECBEQBw\">O knjizi:<\/div>\n<div data-kt=\"Ki7x2vyts7O990mSiqOupr7Ogx39qoLkm86Rliu_wY6G4_OghhyMrryK2Ja-htcB\" data-hveid=\"CBEQBw\" data-ved=\"2ahUKEwjew-SJkO7vAhWfzzgGHTNkBeUQuk4oAHoECBEQBw\">\n<p>Ljep\u0161e od raja prvi je roman iz serije o obitelji Smythe-Smith autorice Julie Quinn.<\/p>\n<p>Honoria Smythe-Smith je:<\/p>\n<p>a) jako lo\u0161a violinistica<br \/>\nb) jo\u0161 uvijek ljuta \u0161to joj je nadimak u djetinjstvu bio Stjenica<br \/>\nc) protivnica zaljubljivanja u najboljeg prijatelja svoga starijeg brata<br \/>\nd) sve navedeno.<\/p>\n<p>Marcus Holroyd je:<\/p>\n<p>a) grof od Chatterisa<br \/>\nb) sklon ne\u017eeljenim uganu\u0107ima gle\u017enjeva<br \/>\nc) protivnik zaljubljivanja u mla\u0111u sestru svoga najboljeg prijatelja<br \/>\nd) sve navedeno.<\/p>\n<p>U romanu\u00a0<em>Ljep\u0161e od raja<\/em>\u00a0oni:<\/p>\n<p>a) pojedu puno pite sa \u0161e\u0107ernim sirupom<br \/>\nb) pre\u017eive smrtonosnu groznicu i najgori glazbeni nastup na svijetu<br \/>\nc) o\u010dajni\u010dki se zaljube jedno u drugo.<\/p>\n<p>Kako je ovo Julia Quinn u svom najboljem izdanju, zna se da je odgovor\u2026<\/p>\n<p>d) sve navedeno.<\/p>\n<p>\u201ePisci poput Quinn ponovno su izumili ljubavne romane.\u201c \u2012 Time Magazine<\/p>\n<p>\u201eJulia Quinn uistinu je na\u0161a suvremena Jane Austen.\u201c \u2013 Jill Barnett<\/p>\n<h4>O autorici romana Ljep\u0161e od raja:<\/h4>\n<p>Julia Quinn po\u010dela je pisati po zavr\u0161etku fakulteta i otada ne prestaje. Autorica je nagra\u0111ivanih povijesnih ljubavnih romana, uklju\u010duju\u0107i seriju romana o obitelji Bridgerton \u2012 uspje\u0161nicu New York Timesa i jednu od najgledanijih ekranizacija u povijesti Netflixa. Na hrvatski su joj do sada prevedeni romani Deset stvari koje volim kod tebe, Tajni dnevnici gospo\u0111ice Mirande Cheever, \u0160to se to zbiva u Londonu?, Vojvoda i ja, Vikont koji me volio, D\u017eentlmenska ponuda, Siru Phillipu s ljubavlju, Gospodin Bridgerton, Kad je bio gre\u0161an, Tajna njegova poljupca, Na putu do vjen\u010danja, \u017divjeli su dugo i sretno te romani Zbog gospo\u0111ice Bridgerton i Mala la\u017e. Diplomirala je na Harvardu i Radcliffeu i sada \u017eivi s obitelji u dr\u017eavi Colorado.<\/p>\n<\/div>\n<\/div>\n<\/div>\n","protected":false},"excerpt":{"rendered":"<p><strong>Author: Julia Quinn<\/strong><\/p>\n<p><strong>Broj stranica: <\/strong>348<\/p>\n<p><strong>Godina izdanja: <\/strong>2022.<\/p>\n<p><strong>ISBN: <\/strong>9789531433761<\/p>\n<p><strong>Strani naslov: <\/strong>Just Like Heaven<\/p>\n<p><strong>Prevoditelj: <\/strong>Lidija Toman<\/p>\n<p><strong>Uvez: <\/strong>meki<\/p>\n<p><strong>Dimenzije: <\/strong>14 x 20 cm<\/p>\n<p><strong>Te\u017eina: <\/strong>400 g<\/p>\n<p><strong>Nakladnik:<\/strong>\u00a0Mozaik knjiga<\/p>\n","protected":false},"featured_media":4671,"template":"","meta":{"site-sidebar-layout":"default","site-content-layout":"default","ast-site-content-layout":"default","site-content-style":"default","site-sidebar-style":"default","ast-global-header-display":"","ast-banner-title-visibility":"","ast-main-header-display":"","ast-hfb-above-header-display":"","ast-hfb-below-header-display":"","ast-hfb-mobile-header-display":"","site-post-title":"","ast-breadcrumbs-content":"","ast-featured-img":"","footer-sml-layout":"","ast-disable-related-posts":"","theme-transparent-header-meta":"default","adv-header-id-meta":"","stick-header-meta":"","header-above-stick-meta":"","header-main-stick-meta":"","header-below-stick-meta":"","astra-migrate-meta-layouts":"set","ast-page-background-enabled":"default","ast-page-background-meta":{"desktop":{"background-color":"","background-image":"","background-repeat":"repeat","background-position":"center center","background-size":"auto","background-attachment":"scroll","background-type":"","background-media":"","overlay-type":"","overlay-color":"","overlay-opacity":"","overlay-gradient":""},"tablet":{"background-color":"","background-image":"","background-repeat":"repeat","background-position":"center center","background-size":"auto","background-attachment":"scroll","background-type":"","background-media":"","overlay-type":"","overlay-color":"","overlay-opacity":"","overlay-gradient":""},"mobile":{"background-color":"","background-image":"","background-repeat":"repeat","background-position":"center center","background-size":"auto","background-attachment":"scroll","background-type":"","background-media":"","overlay-type":"","overlay-color":"","overlay-opacity":"","overlay-gradient":""}},"ast-content-background-meta":{"desktop":{"background-color":"var(--ast-global-color-5)","background-image":"","background-repeat":"repeat","background-position":"center center","background-size":"auto","background-attachment":"scroll","background-type":"","background-media":"","overlay-type":"","overlay-color":"","overlay-opacity":"","overlay-gradient":""},"tablet":{"background-color":"var(--ast-global-color-5)","background-image":"","background-repeat":"repeat","background-position":"center center","background-size":"auto","background-attachment":"scroll","background-type":"","background-media":"","overlay-type":"","overlay-color":"","overlay-opacity":"","overlay-gradient":""},"mobile":{"background-color":"var(--ast-global-color-5)","background-image":"","background-repeat":"repeat","background-position":"center center","background-size":"auto","background-attachment":"scroll","background-type":"","background-media":"","overlay-type":"","overlay-color":"","overlay-opacity":"","overlay-gradient":""}}},"product_brand":[],"product_cat":[70,72],"product_tag":[132,147],"class_list":{"0":"post-4670","1":"product","2":"type-product","3":"status-publish","4":"has-post-thumbnail","6":"product_cat-fiction","7":"product_cat-paperbacks","8":"product_tag-novel","9":"product_tag-romance","10":"desktop-align-left","11":"tablet-align-left","12":"mobile-align-left","14":"first","15":"instock","16":"shipping-taxable","17":"purchasable","18":"product-type-simple"},"_links":{"self":[{"href":"https:\/\/www.croatiabooks.com.au\/index.php?rest_route=\/wp\/v2\/product\/4670","targetHints":{"allow":["GET"]}}],"collection":[{"href":"https:\/\/www.croatiabooks.com.au\/index.php?rest_route=\/wp\/v2\/product"}],"about":[{"href":"https:\/\/www.croatiabooks.com.au\/index.php?rest_route=\/wp\/v2\/types\/product"}],"version-history":[{"count":1,"href":"https:\/\/www.croatiabooks.com.au\/index.php?rest_route=\/wp\/v2\/product\/4670\/revisions"}],"predecessor-version":[{"id":4672,"href":"https:\/\/www.croatiabooks.com.au\/index.php?rest_route=\/wp\/v2\/product\/4670\/revisions\/4672"}],"wp:featuredmedia":[{"embeddable":true,"href":"https:\/\/www.croatiabooks.com.au\/index.php?rest_route=\/wp\/v2\/media\/4671"}],"wp:attachment":[{"href":"https:\/\/www.croatiabooks.com.au\/index.php?rest_route=%2Fwp%2Fv2%2Fmedia&parent=4670"}],"wp:term":[{"taxonomy":"product_brand","embeddable":true,"href":"https:\/\/www.croatiabooks.com.au\/index.php?rest_route=%2Fwp%2Fv2%2Fproduct_brand&post=4670"},{"taxonomy":"product_cat","embeddable":true,"href":"https:\/\/www.croatiabooks.com.au\/index.php?rest_route=%2Fwp%2Fv2%2Fproduct_cat&post=4670"},{"taxonomy":"product_tag","embeddable":true,"href":"https:\/\/www.croatiabooks.com.au\/index.php?rest_route=%2Fwp%2Fv2%2Fproduct_tag&post=4670"}],"curies":[{"name":"wp","href":"https:\/\/api.w.org\/{rel}","templated":true}]}}