{"id":4673,"date":"2024-06-26T06:48:58","date_gmt":"2024-06-26T06:48:58","guid":{"rendered":"https:\/\/www.croatiabooks.com.au\/?post_type=product&#038;p=4673"},"modified":"2024-06-26T06:53:22","modified_gmt":"2024-06-26T06:53:22","slug":"kraljica-charlotte","status":"publish","type":"product","link":"https:\/\/www.croatiabooks.com.au\/?product=kraljica-charlotte","title":{"rendered":"Kraljica Charlotte"},"content":{"rendered":"<div class=\"ygGdYd related-question-pair\" data-ved=\"2ahUKEwjew-SJkO7vAhWfzzgGHTNkBeUQq7kBKAF6BAgREAY\">\n<div id=\"_zLBuYN6tEZ-f4-EPs8iVqA432\" class=\"mWyH1d UgLoB\" tabindex=\"0\" role=\"button\" aria-controls=\"_zLBuYN6tEZ-f4-EPs8iVqA431\" aria-expanded=\"false\">\n<div class=\"cbphWd\" data-kt=\"Ki7x2vyts7O990mSiqOupr7Ogx39qoLkm86Rliu_wY6G4_OghhyMrryK2Ja-htcB\" data-hveid=\"CBEQBw\" data-ved=\"2ahUKEwjew-SJkO7vAhWfzzgGHTNkBeUQuk4oAHoECBEQBw\">O knjizi:<\/div>\n<div data-kt=\"Ki7x2vyts7O990mSiqOupr7Ogx39qoLkm86Rliu_wY6G4_OghhyMrryK2Ja-htcB\" data-hveid=\"CBEQBw\" data-ved=\"2ahUKEwjew-SJkO7vAhWfzzgGHTNkBeUQuk4oAHoECBEQBw\">\n<p>Sun\u010danog rujanskog dana 1761. kralj i kraljica su se prvi put vidjeli. Nekoliko sati kasnije ve\u0107 su bili u braku.<\/p>\n<p>Prelijepa, iskri\u010davo inteligentna i silno svojeglava, cijeli je niz osobina zbog kojih njema\u010dka princeza Charlotte od Mecklenburg-Strelitza nije nu\u017eno ono \u0161to je britanski dvor zamislio kao idealnu suprugu za mladog kralja Georgea III. No njezina neovisnost i ustrajnost itekako \u0107e joj dobro do\u0107i jer\u2026 George skriva neke tajne. I to sasvim ozbiljne tajne.<\/p>\n<p>U svojoj novoj ulozi Charlotte mora nau\u010diti plivati me\u0111u zamr\u0161enim odnosima dvora dok se istovremeno brine za vlastito srce. Sve se vi\u0161e i sve ja\u010de zaljubljuje u Georgea iako je on tjera od sebe. I, naravno, tu je i ta velika tajna koja bi \u2013 ako se razotkrije \u2013 mogla uzdrmati same temelje monarhije.<\/p>\n<p>Charlotte treba nau\u010diti vladati i shvatiti da ima mo\u0107 mijenjati dru\u0161tvo. I mora se boriti; za sebe, za svog supruga, ali i za svoje podanike. Ma koliko to zastra\u0161uju\u0107e zvu\u010dalo, ona vi\u0161e nikad ne\u0107e biti samo Charlotte. Ona je sada\u2026 kraljica!<\/p>\n<p>Vrijedno pro\u0161irenje Bridgerton svemira!<br \/>\nPri\u010da koja romantizira ljubav dvoje ljudi usred kaosa. Roman koji je istovremeno dodatak TV seriji i \u0161irem Bridgerton svemiru, ali i samostalna ljubavna pri\u010da. \u2013 All Pages And Pictures<\/p>\n<p>Obo\u017eavatelji serijala Bridgerton sigurno \u0107e htjeti zgrabiti primjerak ove knjige koji se fokusira na ranu ljubavnu pri\u010du kraljice Charlotte i kralja Georgea III. Ovo nije lekcija iz povijesti\u2026 stoga u\u0111ite u ovu romanti\u010dnu, \u010desto srcedrapateljnu i jednako \u010desto ohrabruju\u0107u pri\u010du otvorenog uma\u2026- Bookshelffantasien<\/p>\n<h4>O autorici romana\u00a0<strong><em>Kraljica Charlotte<\/em><\/strong>:<\/h4>\n<p>Julia Quinn po\u010dela je pisati po zavr\u0161etku fakulteta i otada ne prestaje. Autorica je nagra\u0111ivanih povijesnih ljubavnih romana, uklju\u010duju\u0107i seriju romana o obitelji Bridgerton \u2012 uspje\u0161nicu New York Timesa i jednu od najgledanijih ekranizacija u povijesti Netflixa. Na hrvatski su joj do sada prevedeni romani\u00a0<em>Deset stvari koje volim kod tebe<\/em>,\u00a0<em>Tajni dnevnici gospo\u0111ice Mirande Cheever<\/em>,\u00a0<em>\u0160to se to zbiva u Londonu?,<\/em>\u00a0<em>Vojvoda i ja<\/em>,\u00a0<em>Vikont koji me volio<\/em>,\u00a0<em>D\u017eentlmenska ponuda<\/em>,\u00a0<em>Siru Phillipu s ljubavlju<\/em>,\u00a0<em>Gospodin Bridgerton<\/em>,\u00a0<em>Kad je bio gre\u0161an<\/em>,\u00a0<em>Tajna njegova poljupca<\/em>,\u00a0<em>Na putu do vjen\u010danja<\/em>,\u00a0<em>\u017divjeli su dugo i sretno<\/em>\u00a0te romani\u00a0<em>Zbog gospo\u0111ice<\/em>\u00a0<em>Bridgerton<\/em>\u00a0i\u00a0<em>Mala la\u017e<\/em>. Diplomirala je na Harvardu i Radcliffeu i sada \u017eivi s obitelji u dr\u017eavi Colorado.<\/p>\n<\/div>\n<\/div>\n<\/div>\n","protected":false},"excerpt":{"rendered":"<p><strong>Author: Julia Quinn<\/strong><\/p>\n<p><strong>Broj stranica: <\/strong>400<\/p>\n<p><strong>Godina izdanja: <\/strong>2023.<\/p>\n<p><strong>ISBN: <\/strong>9789531435611<\/p>\n<p><strong>Strani naslov: <\/strong>Queen Charlotte<\/p>\n<p><strong>Prevoditelj: <\/strong>Vesna Valen\u010di\u0107<\/p>\n<p><strong>Uvez: <\/strong>meki<\/p>\n<p><strong>Dimenzije: <\/strong>14 x 20 cm<\/p>\n<p><strong>Te\u017eina: <\/strong>425 g<\/p>\n<p><strong>Nakladnik:<\/strong>\u00a0Mozaik knjiga<\/p>\n","protected":false},"featured_media":4674,"template":"","meta":{"site-sidebar-layout":"default","site-content-layout":"default","ast-site-content-layout":"default","site-content-style":"default","site-sidebar-style":"default","ast-global-header-display":"","ast-banner-title-visibility":"","ast-main-header-display":"","ast-hfb-above-header-display":"","ast-hfb-below-header-display":"","ast-hfb-mobile-header-display":"","site-post-title":"","ast-breadcrumbs-content":"","ast-featured-img":"","footer-sml-layout":"","ast-disable-related-posts":"","theme-transparent-header-meta":"default","adv-header-id-meta":"","stick-header-meta":"","header-above-stick-meta":"","header-main-stick-meta":"","header-below-stick-meta":"","astra-migrate-meta-layouts":"set","ast-page-background-enabled":"default","ast-page-background-meta":{"desktop":{"background-color":"","background-image":"","background-repeat":"repeat","background-position":"center center","background-size":"auto","background-attachment":"scroll","background-type":"","background-media":"","overlay-type":"","overlay-color":"","overlay-opacity":"","overlay-gradient":""},"tablet":{"background-color":"","background-image":"","background-repeat":"repeat","background-position":"center center","background-size":"auto","background-attachment":"scroll","background-type":"","background-media":"","overlay-type":"","overlay-color":"","overlay-opacity":"","overlay-gradient":""},"mobile":{"background-color":"","background-image":"","background-repeat":"repeat","background-position":"center center","background-size":"auto","background-attachment":"scroll","background-type":"","background-media":"","overlay-type":"","overlay-color":"","overlay-opacity":"","overlay-gradient":""}},"ast-content-background-meta":{"desktop":{"background-color":"var(--ast-global-color-5)","background-image":"","background-repeat":"repeat","background-position":"center center","background-size":"auto","background-attachment":"scroll","background-type":"","background-media":"","overlay-type":"","overlay-color":"","overlay-opacity":"","overlay-gradient":""},"tablet":{"background-color":"var(--ast-global-color-5)","background-image":"","background-repeat":"repeat","background-position":"center center","background-size":"auto","background-attachment":"scroll","background-type":"","background-media":"","overlay-type":"","overlay-color":"","overlay-opacity":"","overlay-gradient":""},"mobile":{"background-color":"var(--ast-global-color-5)","background-image":"","background-repeat":"repeat","background-position":"center center","background-size":"auto","background-attachment":"scroll","background-type":"","background-media":"","overlay-type":"","overlay-color":"","overlay-opacity":"","overlay-gradient":""}}},"product_brand":[],"product_cat":[70,72],"product_tag":[132,147],"class_list":{"0":"post-4673","1":"product","2":"type-product","3":"status-publish","4":"has-post-thumbnail","6":"product_cat-fiction","7":"product_cat-paperbacks","8":"product_tag-novel","9":"product_tag-romance","10":"desktop-align-left","11":"tablet-align-left","12":"mobile-align-left","14":"first","15":"instock","16":"shipping-taxable","17":"purchasable","18":"product-type-simple"},"_links":{"self":[{"href":"https:\/\/www.croatiabooks.com.au\/index.php?rest_route=\/wp\/v2\/product\/4673","targetHints":{"allow":["GET"]}}],"collection":[{"href":"https:\/\/www.croatiabooks.com.au\/index.php?rest_route=\/wp\/v2\/product"}],"about":[{"href":"https:\/\/www.croatiabooks.com.au\/index.php?rest_route=\/wp\/v2\/types\/product"}],"version-history":[{"count":1,"href":"https:\/\/www.croatiabooks.com.au\/index.php?rest_route=\/wp\/v2\/product\/4673\/revisions"}],"predecessor-version":[{"id":4675,"href":"https:\/\/www.croatiabooks.com.au\/index.php?rest_route=\/wp\/v2\/product\/4673\/revisions\/4675"}],"wp:featuredmedia":[{"embeddable":true,"href":"https:\/\/www.croatiabooks.com.au\/index.php?rest_route=\/wp\/v2\/media\/4674"}],"wp:attachment":[{"href":"https:\/\/www.croatiabooks.com.au\/index.php?rest_route=%2Fwp%2Fv2%2Fmedia&parent=4673"}],"wp:term":[{"taxonomy":"product_brand","embeddable":true,"href":"https:\/\/www.croatiabooks.com.au\/index.php?rest_route=%2Fwp%2Fv2%2Fproduct_brand&post=4673"},{"taxonomy":"product_cat","embeddable":true,"href":"https:\/\/www.croatiabooks.com.au\/index.php?rest_route=%2Fwp%2Fv2%2Fproduct_cat&post=4673"},{"taxonomy":"product_tag","embeddable":true,"href":"https:\/\/www.croatiabooks.com.au\/index.php?rest_route=%2Fwp%2Fv2%2Fproduct_tag&post=4673"}],"curies":[{"name":"wp","href":"https:\/\/api.w.org\/{rel}","templated":true}]}}