{"id":4679,"date":"2024-06-26T07:07:15","date_gmt":"2024-06-26T07:07:15","guid":{"rendered":"https:\/\/www.croatiabooks.com.au\/?post_type=product&#038;p=4679"},"modified":"2024-06-26T07:11:28","modified_gmt":"2024-06-26T07:11:28","slug":"kako-grof-zavodi","status":"publish","type":"product","link":"https:\/\/www.croatiabooks.com.au\/?product=kako-grof-zavodi","title":{"rendered":"Kako grof zavodi"},"content":{"rendered":"<div class=\"ygGdYd related-question-pair\" data-ved=\"2ahUKEwjew-SJkO7vAhWfzzgGHTNkBeUQq7kBKAF6BAgREAY\">\n<div id=\"_zLBuYN6tEZ-f4-EPs8iVqA432\" class=\"mWyH1d UgLoB\" tabindex=\"0\" role=\"button\" aria-controls=\"_zLBuYN6tEZ-f4-EPs8iVqA431\" aria-expanded=\"false\">\n<div class=\"cbphWd\" data-kt=\"Ki7x2vyts7O990mSiqOupr7Ogx39qoLkm86Rliu_wY6G4_OghhyMrryK2Ja-htcB\" data-hveid=\"CBEQBw\" data-ved=\"2ahUKEwjew-SJkO7vAhWfzzgGHTNkBeUQuk4oAHoECBEQBw\">O knjizi:<\/div>\n<div data-kt=\"Ki7x2vyts7O990mSiqOupr7Ogx39qoLkm86Rliu_wY6G4_OghhyMrryK2Ja-htcB\" data-hveid=\"CBEQBw\" data-ved=\"2ahUKEwjew-SJkO7vAhWfzzgGHTNkBeUQuk4oAHoECBEQBw\">\n<p>Kako grof zavodi \u010detvrti je nastavak iz serijala\u00a0<em>Kako ukrotiti Carlisleove.<\/em><\/p>\n<p>Ross Carlisle, \u0161pijun i grof od Spaldinga, posvetio je \u017eivot svojoj domovini. Kada otkrije tajne koje bi mogle ugroziti Englesku, stjeran je u kut. Morat \u0107e po\u010diniti veleizdaju i hitno se dokopati Londona kako bi dokazao vlastitu nevinost prije nego \u0161to se Kruna okrene protiv njega. Za sigurnost Engleske spreman je odre\u0107i se svega, pa \u010dak i svog \u017eivota\u2026 sve dok ne sretne \u017eenu \u010diji je \u010ditav \u017eivot nedoku\u010diva tajna.<\/p>\n<p>Prije deset godina, Grace Alden pobjegla je od svega \u0161to je znala kako bi za\u0161titila svojeg sina. Ali njezin se novi \u017eivot u potpunosti mijenja kad prona\u0111e Ross Carlislea na svojem pragu. Sklapaju dogovor \u2013 ona \u0107e mu pomo\u0107i dosegnuti London, a on \u0107e joj pomo\u0107i osigurati nasljedstvo koje njezinom sinu pripada. Ah, kad bi \u0161pijuna\u017ea bila tako jednostavna!<\/p>\n<p>Kad stare obmane stvore nove \u010de\u017enje, Ross i Grace moraju odlu\u010diti jesu li spremni \u017ertvovati sve do \u010dega im je stalo kako bi za\u0161titili one koje vole.<\/p>\n<h4>O autorici romana Kako grof zavodi:<\/h4>\n<p>Anna Harrington zavoljela je povijesne romanse \u2013 i sve one ugla\u0111ene heroje doba regentstva \u2013 dok je \u017eivjela u Londonu, gdje je studirala knji\u017eevnost i dramaturgiju. Voli putovati, upravljati avionima i planinariti, a kad ne pi\u0161e svoj idu\u0107i roman, voli se brinuti za ru\u017ee u svom vrtu.<\/p>\n<\/div>\n<\/div>\n<\/div>\n","protected":false},"excerpt":{"rendered":"<p><strong>Author: Anna Harrington<\/strong><\/p>\n<p><strong>Broj stranica: <\/strong>308<\/p>\n<p><strong>Godina izdanja: <\/strong>2022.<\/p>\n<p><strong>ISBN: <\/strong>9789531432931<\/p>\n<p><strong>Strani naslov: <\/strong>How the Earl Entices<\/p>\n<p><strong>Prevoditelj: <\/strong>Zrinka Ivani\u0161evi\u0107<\/p>\n<p><strong>Uvez: <\/strong>meki<\/p>\n<p><strong>Dimenzije: <\/strong>14 x 20 cm<\/p>\n<p><strong>Te\u017eina: <\/strong>380 g<\/p>\n<p><strong>Nakladnik:<\/strong>\u00a0Mozaik knjiga<\/p>\n","protected":false},"featured_media":4680,"template":"","meta":{"site-sidebar-layout":"default","site-content-layout":"default","ast-site-content-layout":"default","site-content-style":"default","site-sidebar-style":"default","ast-global-header-display":"","ast-banner-title-visibility":"","ast-main-header-display":"","ast-hfb-above-header-display":"","ast-hfb-below-header-display":"","ast-hfb-mobile-header-display":"","site-post-title":"","ast-breadcrumbs-content":"","ast-featured-img":"","footer-sml-layout":"","ast-disable-related-posts":"","theme-transparent-header-meta":"default","adv-header-id-meta":"","stick-header-meta":"","header-above-stick-meta":"","header-main-stick-meta":"","header-below-stick-meta":"","astra-migrate-meta-layouts":"set","ast-page-background-enabled":"default","ast-page-background-meta":{"desktop":{"background-color":"","background-image":"","background-repeat":"repeat","background-position":"center center","background-size":"auto","background-attachment":"scroll","background-type":"","background-media":"","overlay-type":"","overlay-color":"","overlay-opacity":"","overlay-gradient":""},"tablet":{"background-color":"","background-image":"","background-repeat":"repeat","background-position":"center center","background-size":"auto","background-attachment":"scroll","background-type":"","background-media":"","overlay-type":"","overlay-color":"","overlay-opacity":"","overlay-gradient":""},"mobile":{"background-color":"","background-image":"","background-repeat":"repeat","background-position":"center center","background-size":"auto","background-attachment":"scroll","background-type":"","background-media":"","overlay-type":"","overlay-color":"","overlay-opacity":"","overlay-gradient":""}},"ast-content-background-meta":{"desktop":{"background-color":"var(--ast-global-color-5)","background-image":"","background-repeat":"repeat","background-position":"center center","background-size":"auto","background-attachment":"scroll","background-type":"","background-media":"","overlay-type":"","overlay-color":"","overlay-opacity":"","overlay-gradient":""},"tablet":{"background-color":"var(--ast-global-color-5)","background-image":"","background-repeat":"repeat","background-position":"center center","background-size":"auto","background-attachment":"scroll","background-type":"","background-media":"","overlay-type":"","overlay-color":"","overlay-opacity":"","overlay-gradient":""},"mobile":{"background-color":"var(--ast-global-color-5)","background-image":"","background-repeat":"repeat","background-position":"center center","background-size":"auto","background-attachment":"scroll","background-type":"","background-media":"","overlay-type":"","overlay-color":"","overlay-opacity":"","overlay-gradient":""}}},"product_brand":[],"product_cat":[70,72],"product_tag":[132,147],"class_list":{"0":"post-4679","1":"product","2":"type-product","3":"status-publish","4":"has-post-thumbnail","6":"product_cat-fiction","7":"product_cat-paperbacks","8":"product_tag-novel","9":"product_tag-romance","10":"desktop-align-left","11":"tablet-align-left","12":"mobile-align-left","14":"first","15":"instock","16":"shipping-taxable","17":"purchasable","18":"product-type-simple"},"_links":{"self":[{"href":"https:\/\/www.croatiabooks.com.au\/index.php?rest_route=\/wp\/v2\/product\/4679","targetHints":{"allow":["GET"]}}],"collection":[{"href":"https:\/\/www.croatiabooks.com.au\/index.php?rest_route=\/wp\/v2\/product"}],"about":[{"href":"https:\/\/www.croatiabooks.com.au\/index.php?rest_route=\/wp\/v2\/types\/product"}],"version-history":[{"count":1,"href":"https:\/\/www.croatiabooks.com.au\/index.php?rest_route=\/wp\/v2\/product\/4679\/revisions"}],"predecessor-version":[{"id":4681,"href":"https:\/\/www.croatiabooks.com.au\/index.php?rest_route=\/wp\/v2\/product\/4679\/revisions\/4681"}],"wp:featuredmedia":[{"embeddable":true,"href":"https:\/\/www.croatiabooks.com.au\/index.php?rest_route=\/wp\/v2\/media\/4680"}],"wp:attachment":[{"href":"https:\/\/www.croatiabooks.com.au\/index.php?rest_route=%2Fwp%2Fv2%2Fmedia&parent=4679"}],"wp:term":[{"taxonomy":"product_brand","embeddable":true,"href":"https:\/\/www.croatiabooks.com.au\/index.php?rest_route=%2Fwp%2Fv2%2Fproduct_brand&post=4679"},{"taxonomy":"product_cat","embeddable":true,"href":"https:\/\/www.croatiabooks.com.au\/index.php?rest_route=%2Fwp%2Fv2%2Fproduct_cat&post=4679"},{"taxonomy":"product_tag","embeddable":true,"href":"https:\/\/www.croatiabooks.com.au\/index.php?rest_route=%2Fwp%2Fv2%2Fproduct_tag&post=4679"}],"curies":[{"name":"wp","href":"https:\/\/api.w.org\/{rel}","templated":true}]}}