{"id":4688,"date":"2024-06-26T07:21:45","date_gmt":"2024-06-26T07:21:45","guid":{"rendered":"https:\/\/www.croatiabooks.com.au\/?post_type=product&#038;p=4688"},"modified":"2024-06-26T07:25:17","modified_gmt":"2024-06-26T07:25:17","slug":"klupa-prijateljstva","status":"publish","type":"product","link":"https:\/\/www.croatiabooks.com.au\/?product=klupa-prijateljstva","title":{"rendered":"Klupa prijateljstva"},"content":{"rendered":"<p>O knjizi:<\/p>\n<p>Slikovnica Klupa prijateljstva prekrasna je i vedra pri\u010da o sklapanju prijateljstva iz pera i kista nagra\u0111ivanog autorskog dvojca.<\/p>\n<p>Tilly i Sjenko nedavno su se preselili u novi dom. No kada Tilly krene u novu \u0161kolu, njezin pas Sjenko ne smije po\u0107i s njom i Tilly se ondje mora igrati sama.<\/p>\n<p>Njezin joj u\u010ditelj stoga predlo\u017ei da isku\u0161a takozvanu Klupu prijateljstva no netko se ondje ve\u0107 nalazi. . .<\/p>\n","protected":false},"excerpt":{"rendered":"<p><strong>Author: Wendy Meddour<\/strong><\/p>\n<p><strong>Broj stranica: <\/strong>32<\/p>\n<p><strong>Godina izdanja: <\/strong>2023.<\/p>\n<p><strong>ISBN: <\/strong>9789531433495<\/p>\n<p><strong>Strani naslov: <\/strong>The Friendship Bench<\/p>\n<p><strong>Ilustrator: <\/strong>Daniel Egneus<\/p>\n<p><strong>Uvez: <\/strong>tvrdi<\/p>\n<p><strong>Dimenzije: <\/strong>23.5 x 27.5 cm<\/p>\n<p><strong>Te\u017eina: <\/strong>410 g<\/p>\n<p><strong>Nakladnik:<\/strong>\u00a0Mozaik knjiga<\/p>\n","protected":false},"featured_media":4689,"template":"","meta":{"site-sidebar-layout":"default","site-content-layout":"default","ast-site-content-layout":"default","site-content-style":"default","site-sidebar-style":"default","ast-global-header-display":"","ast-banner-title-visibility":"","ast-main-header-display":"","ast-hfb-above-header-display":"","ast-hfb-below-header-display":"","ast-hfb-mobile-header-display":"","site-post-title":"","ast-breadcrumbs-content":"","ast-featured-img":"","footer-sml-layout":"","ast-disable-related-posts":"","theme-transparent-header-meta":"default","adv-header-id-meta":"","stick-header-meta":"","header-above-stick-meta":"","header-main-stick-meta":"","header-below-stick-meta":"","astra-migrate-meta-layouts":"set","ast-page-background-enabled":"default","ast-page-background-meta":{"desktop":{"background-color":"","background-image":"","background-repeat":"repeat","background-position":"center center","background-size":"auto","background-attachment":"scroll","background-type":"","background-media":"","overlay-type":"","overlay-color":"","overlay-opacity":"","overlay-gradient":""},"tablet":{"background-color":"","background-image":"","background-repeat":"repeat","background-position":"center center","background-size":"auto","background-attachment":"scroll","background-type":"","background-media":"","overlay-type":"","overlay-color":"","overlay-opacity":"","overlay-gradient":""},"mobile":{"background-color":"","background-image":"","background-repeat":"repeat","background-position":"center center","background-size":"auto","background-attachment":"scroll","background-type":"","background-media":"","overlay-type":"","overlay-color":"","overlay-opacity":"","overlay-gradient":""}},"ast-content-background-meta":{"desktop":{"background-color":"var(--ast-global-color-5)","background-image":"","background-repeat":"repeat","background-position":"center center","background-size":"auto","background-attachment":"scroll","background-type":"","background-media":"","overlay-type":"","overlay-color":"","overlay-opacity":"","overlay-gradient":""},"tablet":{"background-color":"var(--ast-global-color-5)","background-image":"","background-repeat":"repeat","background-position":"center center","background-size":"auto","background-attachment":"scroll","background-type":"","background-media":"","overlay-type":"","overlay-color":"","overlay-opacity":"","overlay-gradient":""},"mobile":{"background-color":"var(--ast-global-color-5)","background-image":"","background-repeat":"repeat","background-position":"center center","background-size":"auto","background-attachment":"scroll","background-type":"","background-media":"","overlay-type":"","overlay-color":"","overlay-opacity":"","overlay-gradient":""}}},"product_brand":[],"product_cat":[78,64],"product_tag":[134,148,138],"class_list":{"0":"post-4688","1":"product","2":"type-product","3":"status-publish","4":"has-post-thumbnail","6":"product_cat-teenagers","7":"product_cat-junior","8":"product_tag-childrens","9":"product_tag-junior","10":"product_tag-teenagers","11":"desktop-align-left","12":"tablet-align-left","13":"mobile-align-left","15":"first","16":"instock","17":"shipping-taxable","18":"purchasable","19":"product-type-simple"},"_links":{"self":[{"href":"https:\/\/www.croatiabooks.com.au\/index.php?rest_route=\/wp\/v2\/product\/4688","targetHints":{"allow":["GET"]}}],"collection":[{"href":"https:\/\/www.croatiabooks.com.au\/index.php?rest_route=\/wp\/v2\/product"}],"about":[{"href":"https:\/\/www.croatiabooks.com.au\/index.php?rest_route=\/wp\/v2\/types\/product"}],"version-history":[{"count":1,"href":"https:\/\/www.croatiabooks.com.au\/index.php?rest_route=\/wp\/v2\/product\/4688\/revisions"}],"predecessor-version":[{"id":4690,"href":"https:\/\/www.croatiabooks.com.au\/index.php?rest_route=\/wp\/v2\/product\/4688\/revisions\/4690"}],"wp:featuredmedia":[{"embeddable":true,"href":"https:\/\/www.croatiabooks.com.au\/index.php?rest_route=\/wp\/v2\/media\/4689"}],"wp:attachment":[{"href":"https:\/\/www.croatiabooks.com.au\/index.php?rest_route=%2Fwp%2Fv2%2Fmedia&parent=4688"}],"wp:term":[{"taxonomy":"product_brand","embeddable":true,"href":"https:\/\/www.croatiabooks.com.au\/index.php?rest_route=%2Fwp%2Fv2%2Fproduct_brand&post=4688"},{"taxonomy":"product_cat","embeddable":true,"href":"https:\/\/www.croatiabooks.com.au\/index.php?rest_route=%2Fwp%2Fv2%2Fproduct_cat&post=4688"},{"taxonomy":"product_tag","embeddable":true,"href":"https:\/\/www.croatiabooks.com.au\/index.php?rest_route=%2Fwp%2Fv2%2Fproduct_tag&post=4688"}],"curies":[{"name":"wp","href":"https:\/\/api.w.org\/{rel}","templated":true}]}}