{"id":4700,"date":"2024-06-27T00:42:15","date_gmt":"2024-06-27T00:42:15","guid":{"rendered":"https:\/\/www.croatiabooks.com.au\/?post_type=product&#038;p=4700"},"modified":"2024-06-27T00:46:21","modified_gmt":"2024-06-27T00:46:21","slug":"prava-vatra","status":"publish","type":"product","link":"https:\/\/www.croatiabooks.com.au\/?product=prava-vatra","title":{"rendered":"Prava vatra"},"content":{"rendered":"<div class=\"ygGdYd related-question-pair\" data-ved=\"2ahUKEwjew-SJkO7vAhWfzzgGHTNkBeUQq7kBKAF6BAgREAY\">\n<div id=\"_zLBuYN6tEZ-f4-EPs8iVqA432\" class=\"mWyH1d UgLoB\" tabindex=\"0\" role=\"button\" aria-controls=\"_zLBuYN6tEZ-f4-EPs8iVqA431\" aria-expanded=\"false\">\n<div class=\"cbphWd\" data-kt=\"Ki7x2vyts7O990mSiqOupr7Ogx39qoLkm86Rliu_wY6G4_OghhyMrryK2Ja-htcB\" data-hveid=\"CBEQBw\" data-ved=\"2ahUKEwjew-SJkO7vAhWfzzgGHTNkBeUQuk4oAHoECBEQBw\">O knjizi:<\/div>\n<div data-kt=\"Ki7x2vyts7O990mSiqOupr7Ogx39qoLkm86Rliu_wY6G4_OghhyMrryK2Ja-htcB\" data-hveid=\"CBEQBw\" data-ved=\"2ahUKEwjew-SJkO7vAhWfzzgGHTNkBeUQuk4oAHoECBEQBw\">\n<p><em>Princeza lopova\u2026 legenda\u2026 mit\u2026 predvodnica.<\/em><\/p>\n<p>Odrasla me\u0111u najokorjelijim kriminalcima u Londonu, Adelaide Frampton sada se kre\u0107e otmjenim salonima i balskim dvoranama, toliko nenametljiva i neprimjetna da nitko ne bi ni posumnjao da je upravo ona glasovita Brakolomka koja mlade dame spa\u0161ava od udaje.<\/p>\n<p><em>\u00a0<\/em><em>Uvjerljivo najgori pripadnik aristokracije, sav uko\u010den i s metlom u\u2026<\/em><\/p>\n<p>Vojvoda od Clayborna \u010dovjek je besprijekorna ugleda koji vodi doli\u010dan \u017eivot i nema nimalo strpljenja za frustriraju\u0107u, ali i fascinantnu \u017eenu koja bi mogla razotkriti sve njegove tajne. Kad se on i Adelaide upuste u bjesomu\u010dnu utrku kako bi sprije\u010dili jedno vjen\u010danje, Claybornu ne preostaje drugo doli slijediti je kroz vremenske neprilike, lo\u0161u sre\u0107u i nezgodan manjak postelja. Adelaide uskoro otkriva da se vojvoda ljubi kao pravi nitkov, a \u010dini se da mu ni lopov\u0161tina nije strana jer ne\u0107e stati dok ne ukrade njezino srce.<\/p>\n<p>Prvi roman iz serije Opasne ljepotice:\u00a0<a href=\"https:\/\/mozaik-knjiga.hr\/proizvod\/prava-bomba\/\">Prava bomba<\/a>\u00a0\u2013 u prodaji<\/p>\n<h4>O autorici romana Prava vatra:<\/h4>\n<p><strong>Sarah MacLean<\/strong>\u00a0jedna je od najpopularnijih autorica povijesnih ljubavnih romana. Njezina djela, mahom uspje\u0161nice\u00a0<em>New York Timesa<\/em>\u00a0i\u00a0<em>Washington Posta<\/em>, prevedena su na vi\u0161e od dvadeset pet jezika. Suvoditeljica je tjednoga\u00a0<em>podcasta<\/em>, posve\u0107enoga ljubavnim romanima, te kolumnistica za\u00a0<em>New York Times<\/em>,\u00a0<em>Bustle<\/em>\u00a0i\u00a0<em>Washington Post<\/em>. Na hrvatski su joj prevedeni romani iz serije\u00a0<em>Pravila lopova<\/em>\u00a0i\u00a0<em>Opasne ljepotice<\/em>.<\/p>\n<\/div>\n<\/div>\n<\/div>\n","protected":false},"excerpt":{"rendered":"<p><strong>Author: Sarah MacLean<\/strong><\/p>\n<p><strong>Broj stranica: <\/strong>444<\/p>\n<p><strong>Godina izdanja: <\/strong>2023.<\/p>\n<p><strong>ISBN: <\/strong>9789531435215<\/p>\n<p><strong>Strani naslov: <\/strong>Heartbreaker<\/p>\n<p><strong>Prevoditelj: <\/strong>Tomislav \u017dili\u0107<\/p>\n<p><strong>Uvez: <\/strong>meki<\/p>\n<p><strong>Dimenzije: <\/strong>14 x 20 cm<\/p>\n<p><strong>Te\u017eina: <\/strong>470 g<\/p>\n<p><strong>Nakladnik:<\/strong>\u00a0Mozaik knjiga<\/p>\n","protected":false},"featured_media":4701,"template":"","meta":{"site-sidebar-layout":"default","site-content-layout":"default","ast-site-content-layout":"default","site-content-style":"default","site-sidebar-style":"default","ast-global-header-display":"","ast-banner-title-visibility":"","ast-main-header-display":"","ast-hfb-above-header-display":"","ast-hfb-below-header-display":"","ast-hfb-mobile-header-display":"","site-post-title":"","ast-breadcrumbs-content":"","ast-featured-img":"","footer-sml-layout":"","ast-disable-related-posts":"","theme-transparent-header-meta":"default","adv-header-id-meta":"","stick-header-meta":"","header-above-stick-meta":"","header-main-stick-meta":"","header-below-stick-meta":"","astra-migrate-meta-layouts":"set","ast-page-background-enabled":"default","ast-page-background-meta":{"desktop":{"background-color":"","background-image":"","background-repeat":"repeat","background-position":"center center","background-size":"auto","background-attachment":"scroll","background-type":"","background-media":"","overlay-type":"","overlay-color":"","overlay-opacity":"","overlay-gradient":""},"tablet":{"background-color":"","background-image":"","background-repeat":"repeat","background-position":"center center","background-size":"auto","background-attachment":"scroll","background-type":"","background-media":"","overlay-type":"","overlay-color":"","overlay-opacity":"","overlay-gradient":""},"mobile":{"background-color":"","background-image":"","background-repeat":"repeat","background-position":"center center","background-size":"auto","background-attachment":"scroll","background-type":"","background-media":"","overlay-type":"","overlay-color":"","overlay-opacity":"","overlay-gradient":""}},"ast-content-background-meta":{"desktop":{"background-color":"var(--ast-global-color-5)","background-image":"","background-repeat":"repeat","background-position":"center center","background-size":"auto","background-attachment":"scroll","background-type":"","background-media":"","overlay-type":"","overlay-color":"","overlay-opacity":"","overlay-gradient":""},"tablet":{"background-color":"var(--ast-global-color-5)","background-image":"","background-repeat":"repeat","background-position":"center center","background-size":"auto","background-attachment":"scroll","background-type":"","background-media":"","overlay-type":"","overlay-color":"","overlay-opacity":"","overlay-gradient":""},"mobile":{"background-color":"var(--ast-global-color-5)","background-image":"","background-repeat":"repeat","background-position":"center center","background-size":"auto","background-attachment":"scroll","background-type":"","background-media":"","overlay-type":"","overlay-color":"","overlay-opacity":"","overlay-gradient":""}}},"product_brand":[],"product_cat":[70,72],"product_tag":[132,147],"class_list":{"0":"post-4700","1":"product","2":"type-product","3":"status-publish","4":"has-post-thumbnail","6":"product_cat-fiction","7":"product_cat-paperbacks","8":"product_tag-novel","9":"product_tag-romance","10":"desktop-align-left","11":"tablet-align-left","12":"mobile-align-left","14":"first","15":"instock","16":"shipping-taxable","17":"purchasable","18":"product-type-simple"},"_links":{"self":[{"href":"https:\/\/www.croatiabooks.com.au\/index.php?rest_route=\/wp\/v2\/product\/4700","targetHints":{"allow":["GET"]}}],"collection":[{"href":"https:\/\/www.croatiabooks.com.au\/index.php?rest_route=\/wp\/v2\/product"}],"about":[{"href":"https:\/\/www.croatiabooks.com.au\/index.php?rest_route=\/wp\/v2\/types\/product"}],"version-history":[{"count":1,"href":"https:\/\/www.croatiabooks.com.au\/index.php?rest_route=\/wp\/v2\/product\/4700\/revisions"}],"predecessor-version":[{"id":4702,"href":"https:\/\/www.croatiabooks.com.au\/index.php?rest_route=\/wp\/v2\/product\/4700\/revisions\/4702"}],"wp:featuredmedia":[{"embeddable":true,"href":"https:\/\/www.croatiabooks.com.au\/index.php?rest_route=\/wp\/v2\/media\/4701"}],"wp:attachment":[{"href":"https:\/\/www.croatiabooks.com.au\/index.php?rest_route=%2Fwp%2Fv2%2Fmedia&parent=4700"}],"wp:term":[{"taxonomy":"product_brand","embeddable":true,"href":"https:\/\/www.croatiabooks.com.au\/index.php?rest_route=%2Fwp%2Fv2%2Fproduct_brand&post=4700"},{"taxonomy":"product_cat","embeddable":true,"href":"https:\/\/www.croatiabooks.com.au\/index.php?rest_route=%2Fwp%2Fv2%2Fproduct_cat&post=4700"},{"taxonomy":"product_tag","embeddable":true,"href":"https:\/\/www.croatiabooks.com.au\/index.php?rest_route=%2Fwp%2Fv2%2Fproduct_tag&post=4700"}],"curies":[{"name":"wp","href":"https:\/\/api.w.org\/{rel}","templated":true}]}}