{"id":4703,"date":"2024-06-27T00:46:43","date_gmt":"2024-06-27T00:46:43","guid":{"rendered":"https:\/\/www.croatiabooks.com.au\/?post_type=product&#038;p=4703"},"modified":"2024-06-27T00:51:05","modified_gmt":"2024-06-27T00:51:05","slug":"prava-bomba","status":"publish","type":"product","link":"https:\/\/www.croatiabooks.com.au\/?product=prava-bomba","title":{"rendered":"Prava bomba"},"content":{"rendered":"<div class=\"ygGdYd related-question-pair\" data-ved=\"2ahUKEwjew-SJkO7vAhWfzzgGHTNkBeUQq7kBKAF6BAgREAY\">\n<div id=\"_zLBuYN6tEZ-f4-EPs8iVqA432\" class=\"mWyH1d UgLoB\" tabindex=\"0\" role=\"button\" aria-controls=\"_zLBuYN6tEZ-f4-EPs8iVqA431\" aria-expanded=\"false\">\n<div class=\"cbphWd\" data-kt=\"Ki7x2vyts7O990mSiqOupr7Ogx39qoLkm86Rliu_wY6G4_OghhyMrryK2Ja-htcB\" data-hveid=\"CBEQBw\" data-ved=\"2ahUKEwjew-SJkO7vAhWfzzgGHTNkBeUQuk4oAHoECBEQBw\">O knjizi:<\/div>\n<div data-kt=\"Ki7x2vyts7O990mSiqOupr7Ogx39qoLkm86Rliu_wY6G4_OghhyMrryK2Ja-htcB\" data-hveid=\"CBEQBw\" data-ved=\"2ahUKEwjew-SJkO7vAhWfzzgGHTNkBeUQuk4oAHoECBEQBw\">\n<p>Tridesetogodi\u0161nja Sesily Talbot, jedna od najskandaloznijih \u017eena u Londonu, srce je poklonila samo jednom mu\u0161karcu, nao\u010ditom Amerikancu Calebu Calhounu. No, kad on umjesto u njezino naru\u010dje, pobjegne preko oceana, Sesily se odazove pozivu vojvotkinje od Trevescana i pridru\u017ei skupini \u017eena koje se slu\u017ee jedinstvenim vje\u0161tinama kako bi uni\u0161tile opasne i zle mu\u0161karce.<\/p>\n<p>Dvije godine poslije, dok su Sesily i njezine suradnice na tragu licemjernom vikontu Colefordu, Caleb se iznenada vra\u0107a u London, i dalje tvrde\u0107i da ga divlja ljepotica ostavlja hladnokrvnim. Ipak, netko mora pripaziti na Sesily dok se upu\u0161ta u sve opasnije pothvate i za\u0161tititi je od lokalnih razbija\u010da koji napadaju kockarnice i gostionice u vlasni\u0161tvu \u017eena, kao i od Colefordovih grubijana. Mo\u017ee li Caleb pritom sa\u010duvati vlastite tajne i ostati imun na Sesilyne \u010dari?<\/p>\n<p>U zanosnom prijevodu Andree Maksimovi\u0107,<em>\u00a0Prava bomba<\/em>\u00a0donosi sve odlike zbog kojih se Sarah MacLean smatra jednom od kraljica povijesnog ljubavnog romana: sna\u017ena i neustra\u0161iva junakinja, iskri\u010davi dijalozi, dinami\u010dna radnja prepuna tajni i preokreta, i naravno strastvena romansa. Obo\u017eavatelji MacLeaninih djela u ovom \u0107e romanu, prvom u novoj seriji\u00a0<em>Opasne ljepotice<\/em>, posve\u0107enoj pustolovinama skupine neustra\u0161ivih \u017eena u viktorijanskom Londonu, prona\u0107i niz poveznica s\u00a0<em>Pravilima lopova<\/em>, a oni kojima je ovo prvi susret s popularnom autoricom brzo \u0107e se uvjeriti za\u0161to je\u00a0<em>Prava bomba<\/em>\u00a0progla\u0161ena jednim od najboljih ljubavnih romana 2021. godine.<\/p>\n<h4>O autorici ljubavnog romana Prava bomba:<\/h4>\n<p>Sarah MacLean jedna je od najpopularnijih autorica povijesnih ljubavnih romana. Njezina djela, mahom bestseleri\u00a0<em>New York Timesa<\/em>\u00a0i\u00a0<em>Washington Posta<\/em>, prevedena su na vi\u0161e od dvadeset pet jezika. Suvoditeljica je tjednoga\u00a0<em>podcasta<\/em>, posve\u0107enoga ljubavnim romanima i kolumnistica za\u00a0<em>New York Times<\/em>,\u00a0<em>Bustle<\/em>\u00a0i\u00a0<em>Washington Post<\/em>. Na hrvatski su joj prevedeni romani iz serije\u00a0<em>Pravila lopova<\/em>:\u00a0<em>Nevaljalac ostaje nevaljalac<\/em>,\u00a0<em>Grof tra\u017ei ljubavnicu<\/em>,\u00a0<em>Kazna za<\/em>\u00a0<em>vojvodu\u00a0<\/em>i\u00a0<em>Ne sudite damu po izgledu<\/em>.<\/p>\n<\/div>\n<\/div>\n<\/div>\n","protected":false},"excerpt":{"rendered":"<p><strong>Author: Sarah MacLean<\/strong><\/p>\n<p><strong>Broj stranica: <\/strong>404<\/p>\n<p><strong>Godina izdanja: <\/strong>2022.<\/p>\n<p><strong>ISBN: <\/strong>9789531432689<\/p>\n<p><strong>Strani naslov: <\/strong>Bombshell<\/p>\n<p><strong>Prevoditelj: <\/strong>Andrea Maskimovi\u0107<\/p>\n<p><strong>Uvez: <\/strong>meki<\/p>\n<p><strong>Dimenzije: <\/strong>14 x 20 cm<\/p>\n<p><strong>Te\u017eina: <\/strong>350 g<\/p>\n<p><strong>Nakladnik:<\/strong>\u00a0Mozaik knjiga<\/p>\n","protected":false},"featured_media":4704,"template":"","meta":{"site-sidebar-layout":"default","site-content-layout":"default","ast-site-content-layout":"default","site-content-style":"default","site-sidebar-style":"default","ast-global-header-display":"","ast-banner-title-visibility":"","ast-main-header-display":"","ast-hfb-above-header-display":"","ast-hfb-below-header-display":"","ast-hfb-mobile-header-display":"","site-post-title":"","ast-breadcrumbs-content":"","ast-featured-img":"","footer-sml-layout":"","ast-disable-related-posts":"","theme-transparent-header-meta":"default","adv-header-id-meta":"","stick-header-meta":"","header-above-stick-meta":"","header-main-stick-meta":"","header-below-stick-meta":"","astra-migrate-meta-layouts":"set","ast-page-background-enabled":"default","ast-page-background-meta":{"desktop":{"background-color":"","background-image":"","background-repeat":"repeat","background-position":"center center","background-size":"auto","background-attachment":"scroll","background-type":"","background-media":"","overlay-type":"","overlay-color":"","overlay-opacity":"","overlay-gradient":""},"tablet":{"background-color":"","background-image":"","background-repeat":"repeat","background-position":"center center","background-size":"auto","background-attachment":"scroll","background-type":"","background-media":"","overlay-type":"","overlay-color":"","overlay-opacity":"","overlay-gradient":""},"mobile":{"background-color":"","background-image":"","background-repeat":"repeat","background-position":"center center","background-size":"auto","background-attachment":"scroll","background-type":"","background-media":"","overlay-type":"","overlay-color":"","overlay-opacity":"","overlay-gradient":""}},"ast-content-background-meta":{"desktop":{"background-color":"var(--ast-global-color-5)","background-image":"","background-repeat":"repeat","background-position":"center center","background-size":"auto","background-attachment":"scroll","background-type":"","background-media":"","overlay-type":"","overlay-color":"","overlay-opacity":"","overlay-gradient":""},"tablet":{"background-color":"var(--ast-global-color-5)","background-image":"","background-repeat":"repeat","background-position":"center center","background-size":"auto","background-attachment":"scroll","background-type":"","background-media":"","overlay-type":"","overlay-color":"","overlay-opacity":"","overlay-gradient":""},"mobile":{"background-color":"var(--ast-global-color-5)","background-image":"","background-repeat":"repeat","background-position":"center center","background-size":"auto","background-attachment":"scroll","background-type":"","background-media":"","overlay-type":"","overlay-color":"","overlay-opacity":"","overlay-gradient":""}}},"product_brand":[],"product_cat":[70,72],"product_tag":[132,147],"class_list":{"0":"post-4703","1":"product","2":"type-product","3":"status-publish","4":"has-post-thumbnail","6":"product_cat-fiction","7":"product_cat-paperbacks","8":"product_tag-novel","9":"product_tag-romance","10":"desktop-align-left","11":"tablet-align-left","12":"mobile-align-left","14":"first","15":"instock","16":"shipping-taxable","17":"purchasable","18":"product-type-simple"},"_links":{"self":[{"href":"https:\/\/www.croatiabooks.com.au\/index.php?rest_route=\/wp\/v2\/product\/4703","targetHints":{"allow":["GET"]}}],"collection":[{"href":"https:\/\/www.croatiabooks.com.au\/index.php?rest_route=\/wp\/v2\/product"}],"about":[{"href":"https:\/\/www.croatiabooks.com.au\/index.php?rest_route=\/wp\/v2\/types\/product"}],"version-history":[{"count":1,"href":"https:\/\/www.croatiabooks.com.au\/index.php?rest_route=\/wp\/v2\/product\/4703\/revisions"}],"predecessor-version":[{"id":4705,"href":"https:\/\/www.croatiabooks.com.au\/index.php?rest_route=\/wp\/v2\/product\/4703\/revisions\/4705"}],"wp:featuredmedia":[{"embeddable":true,"href":"https:\/\/www.croatiabooks.com.au\/index.php?rest_route=\/wp\/v2\/media\/4704"}],"wp:attachment":[{"href":"https:\/\/www.croatiabooks.com.au\/index.php?rest_route=%2Fwp%2Fv2%2Fmedia&parent=4703"}],"wp:term":[{"taxonomy":"product_brand","embeddable":true,"href":"https:\/\/www.croatiabooks.com.au\/index.php?rest_route=%2Fwp%2Fv2%2Fproduct_brand&post=4703"},{"taxonomy":"product_cat","embeddable":true,"href":"https:\/\/www.croatiabooks.com.au\/index.php?rest_route=%2Fwp%2Fv2%2Fproduct_cat&post=4703"},{"taxonomy":"product_tag","embeddable":true,"href":"https:\/\/www.croatiabooks.com.au\/index.php?rest_route=%2Fwp%2Fv2%2Fproduct_tag&post=4703"}],"curies":[{"name":"wp","href":"https:\/\/api.w.org\/{rel}","templated":true}]}}