{"id":4712,"date":"2024-06-27T01:00:27","date_gmt":"2024-06-27T01:00:27","guid":{"rendered":"https:\/\/www.croatiabooks.com.au\/?post_type=product&#038;p=4712"},"modified":"2024-06-27T01:04:40","modified_gmt":"2024-06-27T01:04:40","slug":"opasna-kusnja","status":"publish","type":"product","link":"https:\/\/www.croatiabooks.com.au\/?product=opasna-kusnja","title":{"rendered":"Opasna ku\u0161nja"},"content":{"rendered":"<div class=\"ygGdYd related-question-pair\" data-ved=\"2ahUKEwjew-SJkO7vAhWfzzgGHTNkBeUQq7kBKAF6BAgREAY\">\n<div id=\"_zLBuYN6tEZ-f4-EPs8iVqA432\" class=\"mWyH1d UgLoB\" tabindex=\"0\" role=\"button\" aria-controls=\"_zLBuYN6tEZ-f4-EPs8iVqA431\" aria-expanded=\"false\">\n<div class=\"cbphWd\" data-kt=\"Ki7x2vyts7O990mSiqOupr7Ogx39qoLkm86Rliu_wY6G4_OghhyMrryK2Ja-htcB\" data-hveid=\"CBEQBw\" data-ved=\"2ahUKEwjew-SJkO7vAhWfzzgGHTNkBeUQuk4oAHoECBEQBw\">O knjizi:<\/div>\n<div data-kt=\"Ki7x2vyts7O990mSiqOupr7Ogx39qoLkm86Rliu_wY6G4_OghhyMrryK2Ja-htcB\" data-hveid=\"CBEQBw\" data-ved=\"2ahUKEwjew-SJkO7vAhWfzzgGHTNkBeUQuk4oAHoECBEQBw\">\n<p>Opasna ku\u0161nja sedmi je roman iz serije o obitelji Ravenel koji donosi zanosnu i uzbudljivu romansu izme\u0111u udovice i odbjeglog \u0160kota koji mo\u017eda ima veze s jednom od najplemenitijih obitelji u Londonu.<\/p>\n<p>Lady Merritt Sterling, mlada udovica sna\u017ene volje koja vodi tvrtku pokojnoga supruga, zna da londonsko dru\u0161tvo umire od \u017eelje da je uhvati u skandalu. Do sada je bila prepametna da bi im to priu\u0161tila. Ali zbog Keira MacRaea, drskog \u0161kotskog proizvo\u0111a\u010da viskija, svi njezini razumni planovi prestaju imati smisla. Iako su potpuno razli\u010diti, privla\u010dnost koja ih spaja mo\u0107na je, sirova i neodoljiva.<\/p>\n<p>U trenutku kada je Keir MacRae kro\u010dio u London zadao si je dva cilja. Prvo, nipo\u0161to se ne zaljubiti u sjajnu Lady Merritt Sterling. Drugo, izbje\u0107i smrt. Malo je re\u0107i da mu ni\u0161ta od toga ne polazi za rukom. Njegov je svijet izvrnut naopa\u010dke, a jedina osoba kojoj vjeruje je Merritt. Dok im opasnost di\u0161e za vratom, Merritt \u010dini sve \u0161to je potrebno da bi spasila mu\u0161karca kojeg voli\u2026 iako zna da je pred njom opasna ku\u0161nja.<\/p>\n<h4>O autorici romana Opasna ku\u0161nja:<\/h4>\n<p>LISA KLEYPAS jedna je od naj\u010ditanijih i najomiljenijih ameri\u010dkih autorica ljubavnih romana, \u010dije su brojne knjige postale veliki svjetski bestseleri. Na\u0161i su je \u010ditatelji mogli upoznati kroz romane Slatkorje\u010divi neznanac, Sponzor, Vrag plavih o\u010diju, Djevojka sme\u0111ih o\u010diju, Jedne strasne zime, Dogodilo se jedne jeseni, Tajne ljetne no\u0107i, Proljetni skandal, Na bo\u017ei\u0107no jutro, Jedne no\u0107i u pono\u0107, Zavedi me u zoru, Isku\u0161aj me u sumrak, U braku do jutra, Hladnokrvni zavodnik, Udaja za Winterbornea, \u0110avolja k\u0107i, U lovu na Cassandru itd.<\/p>\n<\/div>\n<\/div>\n<\/div>\n","protected":false},"excerpt":{"rendered":"<p><strong>Author: Lisa Kleypas<\/strong><\/p>\n<p><strong>Broj stranica: <\/strong>348<\/p>\n<p><strong>Godina izdanja: <\/strong>2022.<\/p>\n<p><strong>ISBN: <\/strong>9789531432573<\/p>\n<p><strong>Strani naslov: <\/strong>Devil in Disguise<\/p>\n<p><strong>Prevoditelj: <\/strong>Vida Milek<\/p>\n<p><strong>Uvez: <\/strong>meki<\/p>\n<p><strong>Dimenzije: <\/strong>14 x 20 cm<\/p>\n<p><strong>Te\u017eina: <\/strong>350 g<\/p>\n<p><strong>Nakladnik:<\/strong>\u00a0Mozaik knjiga<\/p>\n","protected":false},"featured_media":4713,"template":"","meta":{"site-sidebar-layout":"default","site-content-layout":"default","ast-site-content-layout":"default","site-content-style":"default","site-sidebar-style":"default","ast-global-header-display":"","ast-banner-title-visibility":"","ast-main-header-display":"","ast-hfb-above-header-display":"","ast-hfb-below-header-display":"","ast-hfb-mobile-header-display":"","site-post-title":"","ast-breadcrumbs-content":"","ast-featured-img":"","footer-sml-layout":"","ast-disable-related-posts":"","theme-transparent-header-meta":"default","adv-header-id-meta":"","stick-header-meta":"","header-above-stick-meta":"","header-main-stick-meta":"","header-below-stick-meta":"","astra-migrate-meta-layouts":"set","ast-page-background-enabled":"default","ast-page-background-meta":{"desktop":{"background-color":"","background-image":"","background-repeat":"repeat","background-position":"center center","background-size":"auto","background-attachment":"scroll","background-type":"","background-media":"","overlay-type":"","overlay-color":"","overlay-opacity":"","overlay-gradient":""},"tablet":{"background-color":"","background-image":"","background-repeat":"repeat","background-position":"center center","background-size":"auto","background-attachment":"scroll","background-type":"","background-media":"","overlay-type":"","overlay-color":"","overlay-opacity":"","overlay-gradient":""},"mobile":{"background-color":"","background-image":"","background-repeat":"repeat","background-position":"center center","background-size":"auto","background-attachment":"scroll","background-type":"","background-media":"","overlay-type":"","overlay-color":"","overlay-opacity":"","overlay-gradient":""}},"ast-content-background-meta":{"desktop":{"background-color":"var(--ast-global-color-5)","background-image":"","background-repeat":"repeat","background-position":"center center","background-size":"auto","background-attachment":"scroll","background-type":"","background-media":"","overlay-type":"","overlay-color":"","overlay-opacity":"","overlay-gradient":""},"tablet":{"background-color":"var(--ast-global-color-5)","background-image":"","background-repeat":"repeat","background-position":"center center","background-size":"auto","background-attachment":"scroll","background-type":"","background-media":"","overlay-type":"","overlay-color":"","overlay-opacity":"","overlay-gradient":""},"mobile":{"background-color":"var(--ast-global-color-5)","background-image":"","background-repeat":"repeat","background-position":"center center","background-size":"auto","background-attachment":"scroll","background-type":"","background-media":"","overlay-type":"","overlay-color":"","overlay-opacity":"","overlay-gradient":""}}},"product_brand":[],"product_cat":[70,72],"product_tag":[132,147],"class_list":{"0":"post-4712","1":"product","2":"type-product","3":"status-publish","4":"has-post-thumbnail","6":"product_cat-fiction","7":"product_cat-paperbacks","8":"product_tag-novel","9":"product_tag-romance","10":"desktop-align-left","11":"tablet-align-left","12":"mobile-align-left","14":"first","15":"instock","16":"shipping-taxable","17":"purchasable","18":"product-type-simple"},"_links":{"self":[{"href":"https:\/\/www.croatiabooks.com.au\/index.php?rest_route=\/wp\/v2\/product\/4712","targetHints":{"allow":["GET"]}}],"collection":[{"href":"https:\/\/www.croatiabooks.com.au\/index.php?rest_route=\/wp\/v2\/product"}],"about":[{"href":"https:\/\/www.croatiabooks.com.au\/index.php?rest_route=\/wp\/v2\/types\/product"}],"version-history":[{"count":1,"href":"https:\/\/www.croatiabooks.com.au\/index.php?rest_route=\/wp\/v2\/product\/4712\/revisions"}],"predecessor-version":[{"id":4714,"href":"https:\/\/www.croatiabooks.com.au\/index.php?rest_route=\/wp\/v2\/product\/4712\/revisions\/4714"}],"wp:featuredmedia":[{"embeddable":true,"href":"https:\/\/www.croatiabooks.com.au\/index.php?rest_route=\/wp\/v2\/media\/4713"}],"wp:attachment":[{"href":"https:\/\/www.croatiabooks.com.au\/index.php?rest_route=%2Fwp%2Fv2%2Fmedia&parent=4712"}],"wp:term":[{"taxonomy":"product_brand","embeddable":true,"href":"https:\/\/www.croatiabooks.com.au\/index.php?rest_route=%2Fwp%2Fv2%2Fproduct_brand&post=4712"},{"taxonomy":"product_cat","embeddable":true,"href":"https:\/\/www.croatiabooks.com.au\/index.php?rest_route=%2Fwp%2Fv2%2Fproduct_cat&post=4712"},{"taxonomy":"product_tag","embeddable":true,"href":"https:\/\/www.croatiabooks.com.au\/index.php?rest_route=%2Fwp%2Fv2%2Fproduct_tag&post=4712"}],"curies":[{"name":"wp","href":"https:\/\/api.w.org\/{rel}","templated":true}]}}