{"id":4715,"date":"2024-06-27T01:05:04","date_gmt":"2024-06-27T01:05:04","guid":{"rendered":"https:\/\/www.croatiabooks.com.au\/?post_type=product&#038;p=4715"},"modified":"2024-06-27T01:08:40","modified_gmt":"2024-06-27T01:08:40","slug":"obecanje-ruze","status":"publish","type":"product","link":"https:\/\/www.croatiabooks.com.au\/?product=obecanje-ruze","title":{"rendered":"Obe\u0107anje ru\u017ee"},"content":{"rendered":"<div class=\"ygGdYd related-question-pair\" data-ved=\"2ahUKEwjew-SJkO7vAhWfzzgGHTNkBeUQq7kBKAF6BAgREAY\">\n<div id=\"_zLBuYN6tEZ-f4-EPs8iVqA432\" class=\"mWyH1d UgLoB\" tabindex=\"0\" role=\"button\" aria-controls=\"_zLBuYN6tEZ-f4-EPs8iVqA431\" aria-expanded=\"false\">\n<div class=\"cbphWd\" data-kt=\"Ki7x2vyts7O990mSiqOupr7Ogx39qoLkm86Rliu_wY6G4_OghhyMrryK2Ja-htcB\" data-hveid=\"CBEQBw\" data-ved=\"2ahUKEwjew-SJkO7vAhWfzzgGHTNkBeUQuk4oAHoECBEQBw\">O knjizi:<\/div>\n<div data-kt=\"Ki7x2vyts7O990mSiqOupr7Ogx39qoLkm86Rliu_wY6G4_OghhyMrryK2Ja-htcB\" data-hveid=\"CBEQBw\" data-ved=\"2ahUKEwjew-SJkO7vAhWfzzgGHTNkBeUQuk4oAHoECBEQBw\">\n<p>Roman Obe\u0107anje ru\u017ee autorice Brande Joyce o\u010daravaju\u0107a je pri\u010da o strasti, otmici i opasnoj ljubavi protkana misti\u010dno\u0161\u0107u srednjega vijeka<\/p>\n<p>Njezino je ime Mary i ona je prelijepa k\u0107i \u0161kotskoga kralja \u2013 ali i zarobljenica normanskih osvaja\u010da. Tvrdoglava princeza odbija otkriti svoj identitet \u2013 \u010dak i ako to zna\u010di da \u0107e \u017ertvovati svoju krepost. No u naru\u010dju opasnog neprijatelja ona otkriva mo\u0107nu strast i mo\u0107no obe\u0107anje. Hrabar i prekaljen ratnik Stephen de Warrene spreman je do smrti braniti ono \u0161to je uzeo u osvaja\u010dkom pohodu, uklju\u010duju\u0107i i zarobljenicu zlatne kose koja budi najtajnije \u010de\u017enje u njegovoj du\u0161i. Jer njihova se strast ne mo\u017ee pore\u0107i \u2013 ona je veli\u010danstven plamen koji gori ja\u010de i intenzivnije od ratnih plamenova koji okru\u017euju zemlju.<\/p>\n<h4>O autorici romana Obe\u0107anje ru\u017ee:<\/h4>\n<p><strong>BRENDA JOYCE<\/strong>\u00a0je ameri\u010dka spisateljica i autorica vi\u0161e od \u010detrdeset romana, mahom prvoklasnih ljubi\u0107a.\u00a0Dobitnica je mnogih nagrada, a njezin debitantski roman,\u00a0<em>Nevina vatra<\/em>, osvojio je nagradu\u00a0<em>BestWestern Romance<\/em>. Tiskano je vi\u0161e od \u010detrnaest milijuna primjeraka njezinih knjiga koje su prevedeni na desetak svjetskih jezika. Romani Brende Joyce romanti\u010dne su i duhovite pri\u010de pa stoga i ne \u010dudi da je stekla toliko obo\u017eavatelja diljem svijeta. \u010citatelji u Hrvatskoj dosad su je upoznali kroz brojne naslove, poput\u00a0<em>Osvaja\u010d<\/em>,<em>\u00a0Ma\u010d na ru\u017ei<\/em>,<em>\u00a0Ru\u017ea u oluji<\/em>,<em>\u00a0Tajne<\/em>\u00a0i<em>\u00a0Skandalozna ljubav<\/em>\u00a0.<\/p>\n<\/div>\n<\/div>\n<\/div>\n","protected":false},"excerpt":{"rendered":"<p><strong>Author: Brenda Joyce<\/strong><\/p>\n<p><strong>Broj stranica: <\/strong>530<\/p>\n<p><strong>Godina izdanja: <\/strong>2022.<\/p>\n<p><strong>ISBN: <\/strong>9789531433266<\/p>\n<p><strong>Strani naslov: <\/strong>Promise of the Rose<\/p>\n<p><strong>Prevoditelj: <\/strong>Alica Bjeli Dudukovi\u0107<\/p>\n<p><strong>Uvez: <\/strong>meki<\/p>\n<p><strong>Dimenzije: <\/strong>14 x 20 cm<\/p>\n<p><strong>Te\u017eina: <\/strong>500 g<\/p>\n","protected":false},"featured_media":4716,"template":"","meta":{"site-sidebar-layout":"default","site-content-layout":"default","ast-site-content-layout":"default","site-content-style":"default","site-sidebar-style":"default","ast-global-header-display":"","ast-banner-title-visibility":"","ast-main-header-display":"","ast-hfb-above-header-display":"","ast-hfb-below-header-display":"","ast-hfb-mobile-header-display":"","site-post-title":"","ast-breadcrumbs-content":"","ast-featured-img":"","footer-sml-layout":"","ast-disable-related-posts":"","theme-transparent-header-meta":"default","adv-header-id-meta":"","stick-header-meta":"","header-above-stick-meta":"","header-main-stick-meta":"","header-below-stick-meta":"","astra-migrate-meta-layouts":"set","ast-page-background-enabled":"default","ast-page-background-meta":{"desktop":{"background-color":"","background-image":"","background-repeat":"repeat","background-position":"center center","background-size":"auto","background-attachment":"scroll","background-type":"","background-media":"","overlay-type":"","overlay-color":"","overlay-opacity":"","overlay-gradient":""},"tablet":{"background-color":"","background-image":"","background-repeat":"repeat","background-position":"center center","background-size":"auto","background-attachment":"scroll","background-type":"","background-media":"","overlay-type":"","overlay-color":"","overlay-opacity":"","overlay-gradient":""},"mobile":{"background-color":"","background-image":"","background-repeat":"repeat","background-position":"center center","background-size":"auto","background-attachment":"scroll","background-type":"","background-media":"","overlay-type":"","overlay-color":"","overlay-opacity":"","overlay-gradient":""}},"ast-content-background-meta":{"desktop":{"background-color":"var(--ast-global-color-5)","background-image":"","background-repeat":"repeat","background-position":"center center","background-size":"auto","background-attachment":"scroll","background-type":"","background-media":"","overlay-type":"","overlay-color":"","overlay-opacity":"","overlay-gradient":""},"tablet":{"background-color":"var(--ast-global-color-5)","background-image":"","background-repeat":"repeat","background-position":"center center","background-size":"auto","background-attachment":"scroll","background-type":"","background-media":"","overlay-type":"","overlay-color":"","overlay-opacity":"","overlay-gradient":""},"mobile":{"background-color":"var(--ast-global-color-5)","background-image":"","background-repeat":"repeat","background-position":"center center","background-size":"auto","background-attachment":"scroll","background-type":"","background-media":"","overlay-type":"","overlay-color":"","overlay-opacity":"","overlay-gradient":""}}},"product_brand":[],"product_cat":[70,72],"product_tag":[132,147],"class_list":{"0":"post-4715","1":"product","2":"type-product","3":"status-publish","4":"has-post-thumbnail","6":"product_cat-fiction","7":"product_cat-paperbacks","8":"product_tag-novel","9":"product_tag-romance","10":"desktop-align-left","11":"tablet-align-left","12":"mobile-align-left","14":"first","15":"instock","16":"shipping-taxable","17":"purchasable","18":"product-type-simple"},"_links":{"self":[{"href":"https:\/\/www.croatiabooks.com.au\/index.php?rest_route=\/wp\/v2\/product\/4715","targetHints":{"allow":["GET"]}}],"collection":[{"href":"https:\/\/www.croatiabooks.com.au\/index.php?rest_route=\/wp\/v2\/product"}],"about":[{"href":"https:\/\/www.croatiabooks.com.au\/index.php?rest_route=\/wp\/v2\/types\/product"}],"version-history":[{"count":1,"href":"https:\/\/www.croatiabooks.com.au\/index.php?rest_route=\/wp\/v2\/product\/4715\/revisions"}],"predecessor-version":[{"id":4717,"href":"https:\/\/www.croatiabooks.com.au\/index.php?rest_route=\/wp\/v2\/product\/4715\/revisions\/4717"}],"wp:featuredmedia":[{"embeddable":true,"href":"https:\/\/www.croatiabooks.com.au\/index.php?rest_route=\/wp\/v2\/media\/4716"}],"wp:attachment":[{"href":"https:\/\/www.croatiabooks.com.au\/index.php?rest_route=%2Fwp%2Fv2%2Fmedia&parent=4715"}],"wp:term":[{"taxonomy":"product_brand","embeddable":true,"href":"https:\/\/www.croatiabooks.com.au\/index.php?rest_route=%2Fwp%2Fv2%2Fproduct_brand&post=4715"},{"taxonomy":"product_cat","embeddable":true,"href":"https:\/\/www.croatiabooks.com.au\/index.php?rest_route=%2Fwp%2Fv2%2Fproduct_cat&post=4715"},{"taxonomy":"product_tag","embeddable":true,"href":"https:\/\/www.croatiabooks.com.au\/index.php?rest_route=%2Fwp%2Fv2%2Fproduct_tag&post=4715"}],"curies":[{"name":"wp","href":"https:\/\/api.w.org\/{rel}","templated":true}]}}