{"id":4721,"date":"2024-06-27T01:17:01","date_gmt":"2024-06-27T01:17:01","guid":{"rendered":"https:\/\/www.croatiabooks.com.au\/?post_type=product&#038;p=4721"},"modified":"2024-06-27T01:21:31","modified_gmt":"2024-06-27T01:21:31","slug":"nezadovoljna-bubamara","status":"publish","type":"product","link":"https:\/\/www.croatiabooks.com.au\/?product=nezadovoljna-bubamara","title":{"rendered":"Nezadovoljna bubamara"},"content":{"rendered":"<p>O knjizi:<\/p>\n<p>Slikovnica\u00a0<strong>NEZADOVOLJNA BUBAMARA<\/strong>\u00a0donosi poznatu pri\u010du Sun\u010dane \u0160krinjari\u0107 o bubamari koja silno \u017eeli biti druk\u010dija od drugih.<\/p>\n<p>Mala bubamara, iako prekrasne crvene boje s crnim to\u010dkicama, nezadovoljna je svojim izgledom. \u017delja da postane zelena poput skakavca nagnala ju je da sko\u010di u kanticu s bojom. No ni tada nije bila sretna jer je prijateljice bubamare vi\u0161e nisu mogle prepoznati.<\/p>\n<p>\u2013 Znate, crne to\u010dke su mi dosadile. Kako bi bilo da zamolim slikara da mi ih oboji u \u017euto?<br \/>\n\u2013 Ta vi nikada niste zadovoljni \u2013 re\u010de skakavac zaprepa\u0161teno.<br \/>\n\u2013 Mo\u017ee biti \u2013 re\u010de bubamara \u2013 ali ja ho\u0107u da se razlikujem od drugih.<\/p>\n<p><strong>Sun\u010dana \u0160krinjari\u0107<\/strong>\u00a0poznata je spisateljica za djecu i mlade, autorica petnaestak knjiga od kojih su mnoge nagra\u0111ene najzna\u010dajnijim knji\u017eevnim nagradama. Inspiraciju za svoje pri\u010de i bajke pronalazila je u svakodnevnim, naizgled malim, situacijama. Godine 1999. \u00a0bila je nominirana za najpresti\u017eniju svjetsku nagradu za knji\u017eevnosti za djecu i mlade Hans Christian Andersen, poznatu i kao Mali Nobel, a prema njezinu scenariju snimljen je prvi hrvatski cjelove\u010dernji crtani film \u010cudesna \u0161uma.<\/p>\n<p>Slavnu pri\u010du Nezadovoljna bubamara nadahnuto je oslikala nagra\u0111ivana ilustratorica Marsela Hajdinjak te je tako pribli\u017eila novim mladim \u010ditateljima.<\/p>\n","protected":false},"excerpt":{"rendered":"<p><strong>Author: Sun\u010dana \u0160krinjari\u0107<\/strong><\/p>\n<p><strong>Broj stranica: <\/strong>17<\/p>\n<p><strong>Godina izdanja: <\/strong>2021.<\/p>\n<p><strong>ISBN: <\/strong>9789531411486<\/p>\n<p><strong>Uvez: <\/strong>tvrdi<\/p>\n<p><strong>Dimenzije: <\/strong>24.8 x 24.8 cm<\/p>\n<p><strong>Te\u017eina: <\/strong>370 g<\/p>\n","protected":false},"featured_media":4722,"template":"","meta":{"site-sidebar-layout":"default","site-content-layout":"default","ast-site-content-layout":"default","site-content-style":"default","site-sidebar-style":"default","ast-global-header-display":"","ast-banner-title-visibility":"","ast-main-header-display":"","ast-hfb-above-header-display":"","ast-hfb-below-header-display":"","ast-hfb-mobile-header-display":"","site-post-title":"","ast-breadcrumbs-content":"","ast-featured-img":"","footer-sml-layout":"","ast-disable-related-posts":"","theme-transparent-header-meta":"default","adv-header-id-meta":"","stick-header-meta":"","header-above-stick-meta":"","header-main-stick-meta":"","header-below-stick-meta":"","astra-migrate-meta-layouts":"set","ast-page-background-enabled":"default","ast-page-background-meta":{"desktop":{"background-color":"","background-image":"","background-repeat":"repeat","background-position":"center center","background-size":"auto","background-attachment":"scroll","background-type":"","background-media":"","overlay-type":"","overlay-color":"","overlay-opacity":"","overlay-gradient":""},"tablet":{"background-color":"","background-image":"","background-repeat":"repeat","background-position":"center center","background-size":"auto","background-attachment":"scroll","background-type":"","background-media":"","overlay-type":"","overlay-color":"","overlay-opacity":"","overlay-gradient":""},"mobile":{"background-color":"","background-image":"","background-repeat":"repeat","background-position":"center center","background-size":"auto","background-attachment":"scroll","background-type":"","background-media":"","overlay-type":"","overlay-color":"","overlay-opacity":"","overlay-gradient":""}},"ast-content-background-meta":{"desktop":{"background-color":"var(--ast-global-color-5)","background-image":"","background-repeat":"repeat","background-position":"center center","background-size":"auto","background-attachment":"scroll","background-type":"","background-media":"","overlay-type":"","overlay-color":"","overlay-opacity":"","overlay-gradient":""},"tablet":{"background-color":"var(--ast-global-color-5)","background-image":"","background-repeat":"repeat","background-position":"center center","background-size":"auto","background-attachment":"scroll","background-type":"","background-media":"","overlay-type":"","overlay-color":"","overlay-opacity":"","overlay-gradient":""},"mobile":{"background-color":"var(--ast-global-color-5)","background-image":"","background-repeat":"repeat","background-position":"center center","background-size":"auto","background-attachment":"scroll","background-type":"","background-media":"","overlay-type":"","overlay-color":"","overlay-opacity":"","overlay-gradient":""}}},"product_brand":[],"product_cat":[78,64],"product_tag":[134,148],"class_list":{"0":"post-4721","1":"product","2":"type-product","3":"status-publish","4":"has-post-thumbnail","6":"product_cat-teenagers","7":"product_cat-junior","8":"product_tag-childrens","9":"product_tag-junior","10":"desktop-align-left","11":"tablet-align-left","12":"mobile-align-left","14":"first","15":"instock","16":"shipping-taxable","17":"purchasable","18":"product-type-simple"},"_links":{"self":[{"href":"https:\/\/www.croatiabooks.com.au\/index.php?rest_route=\/wp\/v2\/product\/4721","targetHints":{"allow":["GET"]}}],"collection":[{"href":"https:\/\/www.croatiabooks.com.au\/index.php?rest_route=\/wp\/v2\/product"}],"about":[{"href":"https:\/\/www.croatiabooks.com.au\/index.php?rest_route=\/wp\/v2\/types\/product"}],"version-history":[{"count":1,"href":"https:\/\/www.croatiabooks.com.au\/index.php?rest_route=\/wp\/v2\/product\/4721\/revisions"}],"predecessor-version":[{"id":4723,"href":"https:\/\/www.croatiabooks.com.au\/index.php?rest_route=\/wp\/v2\/product\/4721\/revisions\/4723"}],"wp:featuredmedia":[{"embeddable":true,"href":"https:\/\/www.croatiabooks.com.au\/index.php?rest_route=\/wp\/v2\/media\/4722"}],"wp:attachment":[{"href":"https:\/\/www.croatiabooks.com.au\/index.php?rest_route=%2Fwp%2Fv2%2Fmedia&parent=4721"}],"wp:term":[{"taxonomy":"product_brand","embeddable":true,"href":"https:\/\/www.croatiabooks.com.au\/index.php?rest_route=%2Fwp%2Fv2%2Fproduct_brand&post=4721"},{"taxonomy":"product_cat","embeddable":true,"href":"https:\/\/www.croatiabooks.com.au\/index.php?rest_route=%2Fwp%2Fv2%2Fproduct_cat&post=4721"},{"taxonomy":"product_tag","embeddable":true,"href":"https:\/\/www.croatiabooks.com.au\/index.php?rest_route=%2Fwp%2Fv2%2Fproduct_tag&post=4721"}],"curies":[{"name":"wp","href":"https:\/\/api.w.org\/{rel}","templated":true}]}}