{"id":4724,"date":"2024-06-27T01:21:49","date_gmt":"2024-06-27T01:21:49","guid":{"rendered":"https:\/\/www.croatiabooks.com.au\/?post_type=product&#038;p=4724"},"modified":"2025-06-03T09:34:17","modified_gmt":"2025-06-03T09:34:17","slug":"neukrotiva-zudnja","status":"publish","type":"product","link":"https:\/\/www.croatiabooks.com.au\/?product=neukrotiva-zudnja","title":{"rendered":"Neukrotiva \u017eudnja"},"content":{"rendered":"<div class=\"ygGdYd related-question-pair\" data-ved=\"2ahUKEwjew-SJkO7vAhWfzzgGHTNkBeUQq7kBKAF6BAgREAY\">\n<div id=\"_zLBuYN6tEZ-f4-EPs8iVqA432\" class=\"mWyH1d UgLoB\" tabindex=\"0\" role=\"button\" aria-controls=\"_zLBuYN6tEZ-f4-EPs8iVqA431\" aria-expanded=\"false\">\n<div class=\"cbphWd\" data-kt=\"Ki7x2vyts7O990mSiqOupr7Ogx39qoLkm86Rliu_wY6G4_OghhyMrryK2Ja-htcB\" data-hveid=\"CBEQBw\" data-ved=\"2ahUKEwjew-SJkO7vAhWfzzgGHTNkBeUQuk4oAHoECBEQBw\">O knjizi:<\/div>\n<div data-kt=\"Ki7x2vyts7O990mSiqOupr7Ogx39qoLkm86Rliu_wY6G4_OghhyMrryK2Ja-htcB\" data-hveid=\"CBEQBw\" data-ved=\"2ahUKEwjew-SJkO7vAhWfzzgGHTNkBeUQuk4oAHoECBEQBw\">\n<p>U ovoj zadivljuju\u0107oj, klasi\u010dnoj povijesnoj romansi o be\u0161\u0107utnom \u00a0vojvodi i njegovoj svojeglavoj ljubavnici, Julie Garwood jo\u0161 \u00a0jednom dokazuje za\u0161to je neupitna kraljica romantike.<\/p>\n<p>Od svih razvratnih vojvoda u Engleskoj, Jered Marcus \u00a0Benton, vojvoda od Bradforda, najbogatiji je, najzgodniji i \u00a0najarogantniji. A od svih o\u010daravaju\u0107ih londonskih dama, on \u00a0tra\u017ei naklonosti samo jedne \u2013 zanosne Caroline Richmond \u00a0iz Bostona, ljepotice tajanstvene pro\u0161losti i vatrenog duha.<\/p>\n<p>No Bradford se ne\u0107e prilagoditi nijednoj \u017eeni, bez obzira \u00a0na to koliko se zbli\u017eili ili koliko ona bude odlu\u010dna u \u017eelji \u00a0da zadobije njegovo bezuvjetno povjerenje. Ipak, kad \u00a0smrtonosna spletka ujedini par protiv zajedni\u010dkog neprijatelja, \u00a0Bradford i Caroline otkrivaju snagu goru\u0107e strasti koju \u00a0opasnost rasplamsava, a sudbina pretvara u ljubav.<\/p>\n<p>Jedna on naj\u010ditanijih autorica New York \u00a0Timesa, Julie Garwood, privla\u010di \u010ditatelje \u00a0magnetizmom kojim njezine predivne \u00a0junakinje privla\u010de markantne junake! \u2013 USA Today<\/p>\n<p>Mo\u0107 pripovijedanja u romanima Julie Garwood obuzet \u0107e vas i za\u010darati! \u2013 Rendezvous<\/p>\n<h4>O autorici romana Neukrotiva \u017eudnja:<\/h4>\n<p><strong>Julie Garwood<\/strong>\u00a0autorica je velikih svjetskih uspje\u0161nica, a njezini se romani \u010desto nalaze na vrhovima ljestvica najprodavanijih knjiga. Tijekom duge i uspje\u0161ne karijere op\u010dinjavala je \u010ditatelje svojim hrabrim i osebujnim likovima. Autorica je\u00a0<em>bestselera New York Timesa<\/em>, uklju\u010duju\u0107i Princ na bijelom konju,\u00a0<em>Sve za Rose<\/em>,\u00a0<em>Dar<\/em>,\u00a0<em>An\u0111eo \u010duvar, Lavlja dru\u017eica, Otkupnina,<\/em>\u00a0<em>Vjen\u010danje\u00a0<\/em>i druge, tiskanih u vi\u0161e od trideset milijuna primjeraka.<\/p>\n<p>Ostale romane Julie Garwood potra\u017eite\u00a0<a href=\"https:\/\/mozaik-knjiga.hr\/kategorija\/knjige\/knjizevnost\/ljubavni-i-erotski-romani\/\">ovdje<\/a>.<\/p>\n<p>Prijevod: Tomislav \u017dili\u0107<\/p>\n<\/div>\n<\/div>\n<\/div>\n","protected":false},"excerpt":{"rendered":"<p><strong>Author: Julie Garwood<\/strong><\/p>\n<p><strong>Broj stranica: <\/strong>344<\/p>\n<p><strong>Godina izdanja: <\/strong>2021.<\/p>\n<p><strong>ISBN: <\/strong>9789531429610<\/p>\n<p><strong>Strani naslov: <\/strong>Rebelious Desire<\/p>\n<p><strong>Uvez: <\/strong>meki<\/p>\n<p><strong>Dimenzije: <\/strong>14 x 20 cm<\/p>\n<p><strong>Te\u017eina: <\/strong>400 g<\/p>\n<p><strong>Nakladnik:<\/strong>\u00a0Mozaik knjiga<\/p>\n","protected":false},"featured_media":4725,"template":"","meta":{"site-sidebar-layout":"default","site-content-layout":"default","ast-site-content-layout":"default","site-content-style":"default","site-sidebar-style":"default","ast-global-header-display":"","ast-banner-title-visibility":"","ast-main-header-display":"","ast-hfb-above-header-display":"","ast-hfb-below-header-display":"","ast-hfb-mobile-header-display":"","site-post-title":"","ast-breadcrumbs-content":"","ast-featured-img":"","footer-sml-layout":"","ast-disable-related-posts":"","theme-transparent-header-meta":"default","adv-header-id-meta":"","stick-header-meta":"","header-above-stick-meta":"","header-main-stick-meta":"","header-below-stick-meta":"","astra-migrate-meta-layouts":"set","ast-page-background-enabled":"default","ast-page-background-meta":{"desktop":{"background-color":"","background-image":"","background-repeat":"repeat","background-position":"center center","background-size":"auto","background-attachment":"scroll","background-type":"","background-media":"","overlay-type":"","overlay-color":"","overlay-opacity":"","overlay-gradient":""},"tablet":{"background-color":"","background-image":"","background-repeat":"repeat","background-position":"center center","background-size":"auto","background-attachment":"scroll","background-type":"","background-media":"","overlay-type":"","overlay-color":"","overlay-opacity":"","overlay-gradient":""},"mobile":{"background-color":"","background-image":"","background-repeat":"repeat","background-position":"center center","background-size":"auto","background-attachment":"scroll","background-type":"","background-media":"","overlay-type":"","overlay-color":"","overlay-opacity":"","overlay-gradient":""}},"ast-content-background-meta":{"desktop":{"background-color":"var(--ast-global-color-5)","background-image":"","background-repeat":"repeat","background-position":"center center","background-size":"auto","background-attachment":"scroll","background-type":"","background-media":"","overlay-type":"","overlay-color":"","overlay-opacity":"","overlay-gradient":""},"tablet":{"background-color":"var(--ast-global-color-5)","background-image":"","background-repeat":"repeat","background-position":"center center","background-size":"auto","background-attachment":"scroll","background-type":"","background-media":"","overlay-type":"","overlay-color":"","overlay-opacity":"","overlay-gradient":""},"mobile":{"background-color":"var(--ast-global-color-5)","background-image":"","background-repeat":"repeat","background-position":"center center","background-size":"auto","background-attachment":"scroll","background-type":"","background-media":"","overlay-type":"","overlay-color":"","overlay-opacity":"","overlay-gradient":""}}},"product_brand":[],"product_cat":[70,72],"product_tag":[132,147],"class_list":{"0":"post-4724","1":"product","2":"type-product","3":"status-publish","4":"has-post-thumbnail","6":"product_cat-fiction","7":"product_cat-paperbacks","8":"product_tag-novel","9":"product_tag-romance","10":"desktop-align-left","11":"tablet-align-left","12":"mobile-align-left","14":"first","15":"outofstock","16":"shipping-taxable","17":"purchasable","18":"product-type-simple"},"_links":{"self":[{"href":"https:\/\/www.croatiabooks.com.au\/index.php?rest_route=\/wp\/v2\/product\/4724","targetHints":{"allow":["GET"]}}],"collection":[{"href":"https:\/\/www.croatiabooks.com.au\/index.php?rest_route=\/wp\/v2\/product"}],"about":[{"href":"https:\/\/www.croatiabooks.com.au\/index.php?rest_route=\/wp\/v2\/types\/product"}],"version-history":[{"count":1,"href":"https:\/\/www.croatiabooks.com.au\/index.php?rest_route=\/wp\/v2\/product\/4724\/revisions"}],"predecessor-version":[{"id":4726,"href":"https:\/\/www.croatiabooks.com.au\/index.php?rest_route=\/wp\/v2\/product\/4724\/revisions\/4726"}],"wp:featuredmedia":[{"embeddable":true,"href":"https:\/\/www.croatiabooks.com.au\/index.php?rest_route=\/wp\/v2\/media\/4725"}],"wp:attachment":[{"href":"https:\/\/www.croatiabooks.com.au\/index.php?rest_route=%2Fwp%2Fv2%2Fmedia&parent=4724"}],"wp:term":[{"taxonomy":"product_brand","embeddable":true,"href":"https:\/\/www.croatiabooks.com.au\/index.php?rest_route=%2Fwp%2Fv2%2Fproduct_brand&post=4724"},{"taxonomy":"product_cat","embeddable":true,"href":"https:\/\/www.croatiabooks.com.au\/index.php?rest_route=%2Fwp%2Fv2%2Fproduct_cat&post=4724"},{"taxonomy":"product_tag","embeddable":true,"href":"https:\/\/www.croatiabooks.com.au\/index.php?rest_route=%2Fwp%2Fv2%2Fproduct_tag&post=4724"}],"curies":[{"name":"wp","href":"https:\/\/api.w.org\/{rel}","templated":true}]}}