{"id":4727,"date":"2024-06-27T01:25:51","date_gmt":"2024-06-27T01:25:51","guid":{"rendered":"https:\/\/www.croatiabooks.com.au\/?post_type=product&#038;p=4727"},"modified":"2025-08-12T04:41:45","modified_gmt":"2025-08-12T04:41:45","slug":"nepokolebljivi-vojvoda","status":"publish","type":"product","link":"https:\/\/www.croatiabooks.com.au\/?product=nepokolebljivi-vojvoda","title":{"rendered":"Nepokolebljivi vojvoda"},"content":{"rendered":"<div class=\"ygGdYd related-question-pair\" data-ved=\"2ahUKEwjew-SJkO7vAhWfzzgGHTNkBeUQq7kBKAF6BAgREAY\">\n<div id=\"_zLBuYN6tEZ-f4-EPs8iVqA432\" class=\"mWyH1d UgLoB\" tabindex=\"0\" role=\"button\" aria-controls=\"_zLBuYN6tEZ-f4-EPs8iVqA431\" aria-expanded=\"false\">\n<div class=\"cbphWd\" data-kt=\"Ki7x2vyts7O990mSiqOupr7Ogx39qoLkm86Rliu_wY6G4_OghhyMrryK2Ja-htcB\" data-hveid=\"CBEQBw\" data-ved=\"2ahUKEwjew-SJkO7vAhWfzzgGHTNkBeUQuk4oAHoECBEQBw\">O knjizi:<\/div>\n<div data-kt=\"Ki7x2vyts7O990mSiqOupr7Ogx39qoLkm86Rliu_wY6G4_OghhyMrryK2Ja-htcB\" data-hveid=\"CBEQBw\" data-ved=\"2ahUKEwjew-SJkO7vAhWfzzgGHTNkBeUQuk4oAHoECBEQBw\">\n<p>Novi serijal Amazonove all-star autorice Alexe Aston, Vojvode na krivom putu, prati petoricu mu\u0161karaca koji su se kao djeca upoznali u \u0161koli za aristokrate, i koji su u nekom trenutku \u017eivota optu\u017eeni za zlo\u010dine koje nisu po\u010dinili.<\/p>\n<p>Miles Notley vra\u0107a se ku\u0107i kao novi vojvoda od Winslowa. Ne zna ni\u0161ta o tome kako voditi imanje, a jo\u0161 manje kako biti vojvoda. Sve dok ne upozna intrigantnu mladu \u017eenu.<\/p>\n<p>Emery Jenson u Wildwood je s roditeljima do\u0161la prije deset godina. Dok um njezina oca slabi, ona na imanju preuzima sve vi\u0161e odgovornosti, a kad se pojavi novi vojvoda uvjerena je da se ne\u0107e dugo zadr\u017eati i da \u0107e o\u010deve propuste brzopleto skriti.<br \/>\nNaime, sezona je u punom jeku, a vojvoda mora potra\u017eiti nevjestu i osigurati nasljednika. No Miles ne ide nikamo. O\u010daran ne samo Emerynim \u0161armom i samopouzdanjem, ve\u0107 i njezinim vje\u0161tinama, Miles zna da nitko osim nje ne mo\u017ee biti njegova vojvotkinja.<\/p>\n<h4>O autorici romana Nepokolebljivi vojvoda:<\/h4>\n<p>Nagra\u0111ivana autorica bestselera\u00a0<em>USA Todaya<\/em>\u00a0i Amazona, Alexa Aston, \u017eivi sa suprugom u predgra\u0111u Dallasa, gdje svako jutro jede gomilu tamne \u010dokolade i smi\u0161lja pri\u010de dok \u0161e\u0107e. Obo\u017eava satima gledati serije (<em>Kruna<\/em>\u00a0i\u00a0<em>Ozark<\/em>\u00a0su joj favoriti) te putovati i provoditi vrijeme s obitelji.<\/p>\n<\/div>\n<\/div>\n<\/div>\n","protected":false},"excerpt":{"rendered":"<p><strong>Author: Alexa Aston<\/strong><\/p>\n<p><strong>Broj stranica: <\/strong>332<\/p>\n<p><strong>Godina izdanja: <\/strong>2023.<\/p>\n<p><strong>ISBN: <\/strong>9789531434515<\/p>\n<p><strong>Strani naslov: <\/strong>Discouraging the Duke<\/p>\n<p><strong>Prevoditelj: <\/strong>Viktorija Novosel<\/p>\n<p><strong>Uvez: <\/strong>meki<\/p>\n<p><strong>Dimenzije: <\/strong>14 x 20 cm<\/p>\n<p><strong>Te\u017eina: <\/strong>380 g<\/p>\n<p><strong>Nakladnik:<\/strong>\u00a0Mozaik knjiga<\/p>\n","protected":false},"featured_media":4728,"template":"","meta":{"site-sidebar-layout":"default","site-content-layout":"default","ast-site-content-layout":"default","site-content-style":"default","site-sidebar-style":"default","ast-global-header-display":"","ast-banner-title-visibility":"","ast-main-header-display":"","ast-hfb-above-header-display":"","ast-hfb-below-header-display":"","ast-hfb-mobile-header-display":"","site-post-title":"","ast-breadcrumbs-content":"","ast-featured-img":"","footer-sml-layout":"","ast-disable-related-posts":"","theme-transparent-header-meta":"default","adv-header-id-meta":"","stick-header-meta":"","header-above-stick-meta":"","header-main-stick-meta":"","header-below-stick-meta":"","astra-migrate-meta-layouts":"set","ast-page-background-enabled":"default","ast-page-background-meta":{"desktop":{"background-color":"","background-image":"","background-repeat":"repeat","background-position":"center center","background-size":"auto","background-attachment":"scroll","background-type":"","background-media":"","overlay-type":"","overlay-color":"","overlay-opacity":"","overlay-gradient":""},"tablet":{"background-color":"","background-image":"","background-repeat":"repeat","background-position":"center center","background-size":"auto","background-attachment":"scroll","background-type":"","background-media":"","overlay-type":"","overlay-color":"","overlay-opacity":"","overlay-gradient":""},"mobile":{"background-color":"","background-image":"","background-repeat":"repeat","background-position":"center center","background-size":"auto","background-attachment":"scroll","background-type":"","background-media":"","overlay-type":"","overlay-color":"","overlay-opacity":"","overlay-gradient":""}},"ast-content-background-meta":{"desktop":{"background-color":"var(--ast-global-color-5)","background-image":"","background-repeat":"repeat","background-position":"center center","background-size":"auto","background-attachment":"scroll","background-type":"","background-media":"","overlay-type":"","overlay-color":"","overlay-opacity":"","overlay-gradient":""},"tablet":{"background-color":"var(--ast-global-color-5)","background-image":"","background-repeat":"repeat","background-position":"center center","background-size":"auto","background-attachment":"scroll","background-type":"","background-media":"","overlay-type":"","overlay-color":"","overlay-opacity":"","overlay-gradient":""},"mobile":{"background-color":"var(--ast-global-color-5)","background-image":"","background-repeat":"repeat","background-position":"center center","background-size":"auto","background-attachment":"scroll","background-type":"","background-media":"","overlay-type":"","overlay-color":"","overlay-opacity":"","overlay-gradient":""}}},"product_brand":[],"product_cat":[70,72],"product_tag":[132,147],"class_list":{"0":"post-4727","1":"product","2":"type-product","3":"status-publish","4":"has-post-thumbnail","6":"product_cat-fiction","7":"product_cat-paperbacks","8":"product_tag-novel","9":"product_tag-romance","10":"desktop-align-left","11":"tablet-align-left","12":"mobile-align-left","14":"first","15":"instock","16":"featured","17":"shipping-taxable","18":"purchasable","19":"product-type-simple"},"_links":{"self":[{"href":"https:\/\/www.croatiabooks.com.au\/index.php?rest_route=\/wp\/v2\/product\/4727","targetHints":{"allow":["GET"]}}],"collection":[{"href":"https:\/\/www.croatiabooks.com.au\/index.php?rest_route=\/wp\/v2\/product"}],"about":[{"href":"https:\/\/www.croatiabooks.com.au\/index.php?rest_route=\/wp\/v2\/types\/product"}],"version-history":[{"count":1,"href":"https:\/\/www.croatiabooks.com.au\/index.php?rest_route=\/wp\/v2\/product\/4727\/revisions"}],"predecessor-version":[{"id":4729,"href":"https:\/\/www.croatiabooks.com.au\/index.php?rest_route=\/wp\/v2\/product\/4727\/revisions\/4729"}],"wp:featuredmedia":[{"embeddable":true,"href":"https:\/\/www.croatiabooks.com.au\/index.php?rest_route=\/wp\/v2\/media\/4728"}],"wp:attachment":[{"href":"https:\/\/www.croatiabooks.com.au\/index.php?rest_route=%2Fwp%2Fv2%2Fmedia&parent=4727"}],"wp:term":[{"taxonomy":"product_brand","embeddable":true,"href":"https:\/\/www.croatiabooks.com.au\/index.php?rest_route=%2Fwp%2Fv2%2Fproduct_brand&post=4727"},{"taxonomy":"product_cat","embeddable":true,"href":"https:\/\/www.croatiabooks.com.au\/index.php?rest_route=%2Fwp%2Fv2%2Fproduct_cat&post=4727"},{"taxonomy":"product_tag","embeddable":true,"href":"https:\/\/www.croatiabooks.com.au\/index.php?rest_route=%2Fwp%2Fv2%2Fproduct_tag&post=4727"}],"curies":[{"name":"wp","href":"https:\/\/api.w.org\/{rel}","templated":true}]}}