{"id":4730,"date":"2024-06-27T01:30:07","date_gmt":"2024-06-27T01:30:07","guid":{"rendered":"https:\/\/www.croatiabooks.com.au\/?post_type=product&#038;p=4730"},"modified":"2024-06-27T01:33:37","modified_gmt":"2024-06-27T01:33:37","slug":"neodoljivi-vojvoda","status":"publish","type":"product","link":"https:\/\/www.croatiabooks.com.au\/?product=neodoljivi-vojvoda","title":{"rendered":"Neodoljivi vojvoda"},"content":{"rendered":"<div class=\"ygGdYd related-question-pair\" data-ved=\"2ahUKEwjew-SJkO7vAhWfzzgGHTNkBeUQq7kBKAF6BAgREAY\">\n<div id=\"_zLBuYN6tEZ-f4-EPs8iVqA432\" class=\"mWyH1d UgLoB\" tabindex=\"0\" role=\"button\" aria-controls=\"_zLBuYN6tEZ-f4-EPs8iVqA431\" aria-expanded=\"false\">\n<div class=\"cbphWd\" data-kt=\"Ki7x2vyts7O990mSiqOupr7Ogx39qoLkm86Rliu_wY6G4_OghhyMrryK2Ja-htcB\" data-hveid=\"CBEQBw\" data-ved=\"2ahUKEwjew-SJkO7vAhWfzzgGHTNkBeUQuk4oAHoECBEQBw\">O knjizi:<\/div>\n<div data-kt=\"Ki7x2vyts7O990mSiqOupr7Ogx39qoLkm86Rliu_wY6G4_OghhyMrryK2Ja-htcB\" data-hveid=\"CBEQBw\" data-ved=\"2ahUKEwjew-SJkO7vAhWfzzgGHTNkBeUQuk4oAHoECBEQBw\">\n<p>Neodoljivi vojvoda prva je knjiga iz serijala\u00a0<em>Ljubavne rime.<\/em><\/p>\n<p>Nad \u017eenama maloga, engleskog sela Kemptona nadvija se prokletstvo \u2013 ako se udaju, taj \u0107e brak zavr\u0161iti tragedijom. To je za Tabithu Timmons odli\u010dan izgovor da se ne uda, jer o braku ima najgore mi\u0161ljenje.<\/p>\n<p>No, u jednom se trenutku njezin \u017eivot potpuno mijenja. Doznaje da je naslijedila veliko bogatstvo koje \u0107e dobiti tek ako se uda za cijenjenoga gospodina Barkwortha. Shva\u0107a da bi joj taj brak omogu\u0107io da kona\u010dno pobjegne od omra\u017eenih ro\u0111aka i da stekne toliko \u017eeljenu sigurnost\u2026<\/p>\n<p>No, tada se Tabithi na putu na\u0111e vojvoda od Prestona. On u njoj prepoznaje buntovni\u010dki duh jednak svojemu i uzima si u zadatak izbaviti ju iz braka u kojem nema ljubavi, uple\u0107u\u0107i se u njezin \u017eivot na svakom koraku. Ubrzo \u0107e se zbog Prestona, \u010dije je ime sinonim za propast, Tabitha na\u0107i rastrgana izme\u0111u dogovorenog braka, koji joj donosi sigurnost, i njegova poljupca, koji obe\u0107ava potpuno druk\u010diji kraj.<\/p>\n<h4>O autorici romana: Neodoljivi vojvoda<\/h4>\n<p>Elizabeth Boyle autorica je tridesetak povijesno-ljubavnih romana, bestselera New York Timesa i Sunday Timesa. Prije nego \u0161to je postala uspje\u0161na spisateljica, Elizabeth se bavila pravnim poslovima u Microsoftu. Njezin prvi roman, Brazen Angel, osvojio je nagradu Dell\u2019s Diamond Debut Award i Romance Writers of America\u2019s RITA Award for Best First Book.Nakon toga slijedile su nominacije i nagrade za njezina djela \u2013 Bookseller\u2019s Best award, National Reader\u2019s Choice Award, Romantic Times Love and Laughter Award i mnoge druge. \u017divi u Seattleu, u dr\u017eavi Washington, sa suprugom i dvojicom sinova.<\/p>\n<p>Prijevod: Vida Milek<\/p>\n<\/div>\n<\/div>\n<\/div>\n","protected":false},"excerpt":{"rendered":"<p><strong>Author: Elizabeth Boyle<\/strong><\/p>\n<p><strong>Broj stranica: <\/strong>360<\/p>\n<p><strong>Godina izdanja: <\/strong>2021.<\/p>\n<p><strong>ISBN: <\/strong>9789531429122<\/p>\n<p><strong>Strani naslov: <\/strong>Along Came a Duke<\/p>\n<p><strong>Uvez: <\/strong>meki<\/p>\n<p><strong>Dimenzije: <\/strong>14 x 20 cm<\/p>\n<p><strong>Te\u017eina: <\/strong>385 g<\/p>\n<p><strong>Nakladnik:<\/strong>\u00a0Mozaik knjiga<\/p>\n","protected":false},"featured_media":4731,"template":"","meta":{"site-sidebar-layout":"default","site-content-layout":"default","ast-site-content-layout":"default","site-content-style":"default","site-sidebar-style":"default","ast-global-header-display":"","ast-banner-title-visibility":"","ast-main-header-display":"","ast-hfb-above-header-display":"","ast-hfb-below-header-display":"","ast-hfb-mobile-header-display":"","site-post-title":"","ast-breadcrumbs-content":"","ast-featured-img":"","footer-sml-layout":"","ast-disable-related-posts":"","theme-transparent-header-meta":"default","adv-header-id-meta":"","stick-header-meta":"","header-above-stick-meta":"","header-main-stick-meta":"","header-below-stick-meta":"","astra-migrate-meta-layouts":"set","ast-page-background-enabled":"default","ast-page-background-meta":{"desktop":{"background-color":"","background-image":"","background-repeat":"repeat","background-position":"center center","background-size":"auto","background-attachment":"scroll","background-type":"","background-media":"","overlay-type":"","overlay-color":"","overlay-opacity":"","overlay-gradient":""},"tablet":{"background-color":"","background-image":"","background-repeat":"repeat","background-position":"center center","background-size":"auto","background-attachment":"scroll","background-type":"","background-media":"","overlay-type":"","overlay-color":"","overlay-opacity":"","overlay-gradient":""},"mobile":{"background-color":"","background-image":"","background-repeat":"repeat","background-position":"center center","background-size":"auto","background-attachment":"scroll","background-type":"","background-media":"","overlay-type":"","overlay-color":"","overlay-opacity":"","overlay-gradient":""}},"ast-content-background-meta":{"desktop":{"background-color":"var(--ast-global-color-5)","background-image":"","background-repeat":"repeat","background-position":"center center","background-size":"auto","background-attachment":"scroll","background-type":"","background-media":"","overlay-type":"","overlay-color":"","overlay-opacity":"","overlay-gradient":""},"tablet":{"background-color":"var(--ast-global-color-5)","background-image":"","background-repeat":"repeat","background-position":"center center","background-size":"auto","background-attachment":"scroll","background-type":"","background-media":"","overlay-type":"","overlay-color":"","overlay-opacity":"","overlay-gradient":""},"mobile":{"background-color":"var(--ast-global-color-5)","background-image":"","background-repeat":"repeat","background-position":"center center","background-size":"auto","background-attachment":"scroll","background-type":"","background-media":"","overlay-type":"","overlay-color":"","overlay-opacity":"","overlay-gradient":""}}},"product_brand":[],"product_cat":[70,72],"product_tag":[132,147],"class_list":{"0":"post-4730","1":"product","2":"type-product","3":"status-publish","4":"has-post-thumbnail","6":"product_cat-fiction","7":"product_cat-paperbacks","8":"product_tag-novel","9":"product_tag-romance","10":"desktop-align-left","11":"tablet-align-left","12":"mobile-align-left","14":"first","15":"instock","16":"shipping-taxable","17":"purchasable","18":"product-type-simple"},"_links":{"self":[{"href":"https:\/\/www.croatiabooks.com.au\/index.php?rest_route=\/wp\/v2\/product\/4730","targetHints":{"allow":["GET"]}}],"collection":[{"href":"https:\/\/www.croatiabooks.com.au\/index.php?rest_route=\/wp\/v2\/product"}],"about":[{"href":"https:\/\/www.croatiabooks.com.au\/index.php?rest_route=\/wp\/v2\/types\/product"}],"version-history":[{"count":1,"href":"https:\/\/www.croatiabooks.com.au\/index.php?rest_route=\/wp\/v2\/product\/4730\/revisions"}],"predecessor-version":[{"id":4732,"href":"https:\/\/www.croatiabooks.com.au\/index.php?rest_route=\/wp\/v2\/product\/4730\/revisions\/4732"}],"wp:featuredmedia":[{"embeddable":true,"href":"https:\/\/www.croatiabooks.com.au\/index.php?rest_route=\/wp\/v2\/media\/4731"}],"wp:attachment":[{"href":"https:\/\/www.croatiabooks.com.au\/index.php?rest_route=%2Fwp%2Fv2%2Fmedia&parent=4730"}],"wp:term":[{"taxonomy":"product_brand","embeddable":true,"href":"https:\/\/www.croatiabooks.com.au\/index.php?rest_route=%2Fwp%2Fv2%2Fproduct_brand&post=4730"},{"taxonomy":"product_cat","embeddable":true,"href":"https:\/\/www.croatiabooks.com.au\/index.php?rest_route=%2Fwp%2Fv2%2Fproduct_cat&post=4730"},{"taxonomy":"product_tag","embeddable":true,"href":"https:\/\/www.croatiabooks.com.au\/index.php?rest_route=%2Fwp%2Fv2%2Fproduct_tag&post=4730"}],"curies":[{"name":"wp","href":"https:\/\/api.w.org\/{rel}","templated":true}]}}