{"id":4745,"date":"2024-06-27T02:10:36","date_gmt":"2024-06-27T02:10:36","guid":{"rendered":"https:\/\/www.croatiabooks.com.au\/?post_type=product&#038;p=4745"},"modified":"2024-06-27T02:15:23","modified_gmt":"2024-06-27T02:15:23","slug":"mala-laz","status":"publish","type":"product","link":"https:\/\/www.croatiabooks.com.au\/?product=mala-laz","title":{"rendered":"Mala la\u017e"},"content":{"rendered":"<div class=\"ygGdYd related-question-pair\" data-ved=\"2ahUKEwjew-SJkO7vAhWfzzgGHTNkBeUQq7kBKAF6BAgREAY\">\n<div id=\"_zLBuYN6tEZ-f4-EPs8iVqA432\" class=\"mWyH1d UgLoB\" tabindex=\"0\" role=\"button\" aria-controls=\"_zLBuYN6tEZ-f4-EPs8iVqA431\" aria-expanded=\"false\">\n<div class=\"cbphWd\" data-kt=\"Ki7x2vyts7O990mSiqOupr7Ogx39qoLkm86Rliu_wY6G4_OghhyMrryK2Ja-htcB\" data-hveid=\"CBEQBw\" data-ved=\"2ahUKEwjew-SJkO7vAhWfzzgGHTNkBeUQuk4oAHoECBEQBw\">O knjizi:<\/div>\n<div data-kt=\"Ki7x2vyts7O990mSiqOupr7Ogx39qoLkm86Rliu_wY6G4_OghhyMrryK2Ja-htcB\" data-hveid=\"CBEQBw\" data-ved=\"2ahUKEwjew-SJkO7vAhWfzzgGHTNkBeUQuk4oAHoECBEQBw\">\n<p>Mala la\u017e drugi je roman iz serije o obitelji Rokesby.<\/p>\n<p><em>Dok si spavao\u2026<\/em><\/p>\n<p>Nakon \u0161to joj brata Thomasa rane na boji\u0161nici u ameri\u010dkim kolonijama, Cecilia Harcourt putuje preko Atlantskog oceana, odlu\u010dna u namjeri da ga njeguje. No nakon dugotrajne potrage ne pronalazi svog brata ve\u0107 njegovog prijatelja, nao\u010ditog oficira Edwarda Rokesbyja. On je u nesvijesti i o\u010dajni\u010dki treba njezinu skrb. Cecilia se zaklinje da \u0107e spasiti Edwardov \u017eivota, \u010dak i ako mora izre\u0107i jednu malu la\u017e kako bi ostala kraj njega\u2026<\/p>\n<p><em>\u00a0<\/em><em>Svima sam rekla da sam ti supruga\u2026<\/em><\/p>\n<p>Kad se Edward osvijesti, prili\u010dno je zbunjen. Istina je da mu je udarac u glavu izbrisao tri mjeseca pam\u0107enja, ali zasigurno bi se sje\u0107ao da se o\u017eenio. Zna tko je Cecilia (\u010dak i ako joj se ne sje\u0107a lica), a budu\u0107i da je svi nazivaju njegovom \u017eenom, to mora da je istina, iako je on oduvijek vjerovao da \u0107e se o\u017eeniti svojom susjedom.<\/p>\n<p><em>\u00a0<\/em><em>Kad bi to barem bila istina\u2026<\/em><\/p>\n<p>Cecilia riskira \u010ditavu svoju budu\u0107nost u potpunost se predaju\u0107i \u010dovjeku kojeg voli. Ali kada istina iza\u0111e na vidjelu, Edward bi mogao imati i nekoliko vlastitih iznena\u0111enja za novu gospo\u0111u Rokesby.<\/p>\n<p>Nakon uspje\u0161ne sage o obitelji Bridgerton, koju je Netflix pretvorio u seriju koja ru\u0161i rekorde gledanosti, Julia Quinn predstavlja jo\u0161 jednu o\u010daravaju\u0107u seriju romana, ispunjenu duhovitim dijalozima, \u0161arolikom likovima i savr\u0161enom koli\u010dinom tajni i skandala.<\/p>\n<p>\u017divahan dijalog, \u0161aroliki opisi, brz tempo i dirljiva pri\u010da Julie Quinn upravo su ono \u0161to \u010ditatelji o\u010dekuju od ove vje\u0161te pripovjeda\u010dice. \u2013 Rt book reviews<\/p>\n<p>Mala la\u017e prava je poslastica. Ovaj povijesni roman smje\u0161ten ne u doba regenstva ve\u0107 Ameri\u010dkog rata za neovisnost, kombinira dirljive trenutke koje bismo o\u010dekivali u tako burna vremena i neizmjeran, topao osje\u0107aj zaljubljivanja. \u2013 Harlequin Junkie<\/p>\n<h4>O autorici romana Mala la\u017e:<\/h4>\n<p>Julia Quinn po\u010dela je pisati po zavr\u0161etku fakulteta i otad ne prestaje. Autorica je nagra\u0111ivanih povijesnih ljubavnih romana, uklju\u010duju\u0107i uspje\u0161nice\u00a0<em>New York Timesa<\/em>, seriju romana o obitelji Bridgerton. Na hrvatski su joj do sada prevedeni romani\u00a0<em>Deset stvari koje volim kod tebe<\/em>,\u00a0<em>Tajni dnevnici gospo\u0111ice Mirande Cheever<\/em>,\u00a0<em>\u0160to se to zbiva u Londonu?<\/em>,\u00a0<em>Vojvoda i ja<\/em>,\u00a0<em>Vikont koji me volio<\/em>,\u00a0<em>D\u017eentlmenska ponuda<\/em>,\u00a0<em>Siru Phillipu s ljubavlju<\/em>,\u00a0<em>Gospodin Bridgerton<\/em>,\u00a0<em>Kad je bio gre\u0161an<\/em>,\u00a0<em>Tajna njegova poljupca<\/em>,\u00a0<em>Na putu do vjen\u010danja<\/em>,\u00a0<em>\u017divjeli su dugo i sretno<\/em>\u00a0i\u00a0<em>Zbog gospo\u0111ice Bridgerton<\/em>. Diplomirala je na Harvardu i Radcliffeu.<\/p>\n<\/div>\n<\/div>\n<\/div>\n","protected":false},"excerpt":{"rendered":"<p><strong>Author: Julia Quinn<\/strong><\/p>\n<p><strong>Broj stranica: <\/strong>356<\/p>\n<p><strong>Godina izdanja: <\/strong>2022.<\/p>\n<p><strong>ISBN: <\/strong>9789531432870<\/p>\n<p><strong>Strani naslov: <\/strong>The Girl with the Make-Believe Husband<\/p>\n<p><strong>Prevoditelj: <\/strong>Lidija Toman<\/p>\n<p><strong>Uvez: <\/strong>meki<\/p>\n<p><strong>Dimenzije: <\/strong>14 x 20 cm<\/p>\n<p><strong>Te\u017eina: <\/strong>410 g<\/p>\n<p><strong>Nakladnik:<\/strong>\u00a0Mozaik knjiga<\/p>\n","protected":false},"featured_media":4746,"template":"","meta":{"site-sidebar-layout":"default","site-content-layout":"default","ast-site-content-layout":"default","site-content-style":"default","site-sidebar-style":"default","ast-global-header-display":"","ast-banner-title-visibility":"","ast-main-header-display":"","ast-hfb-above-header-display":"","ast-hfb-below-header-display":"","ast-hfb-mobile-header-display":"","site-post-title":"","ast-breadcrumbs-content":"","ast-featured-img":"","footer-sml-layout":"","ast-disable-related-posts":"","theme-transparent-header-meta":"default","adv-header-id-meta":"","stick-header-meta":"","header-above-stick-meta":"","header-main-stick-meta":"","header-below-stick-meta":"","astra-migrate-meta-layouts":"set","ast-page-background-enabled":"default","ast-page-background-meta":{"desktop":{"background-color":"","background-image":"","background-repeat":"repeat","background-position":"center center","background-size":"auto","background-attachment":"scroll","background-type":"","background-media":"","overlay-type":"","overlay-color":"","overlay-opacity":"","overlay-gradient":""},"tablet":{"background-color":"","background-image":"","background-repeat":"repeat","background-position":"center center","background-size":"auto","background-attachment":"scroll","background-type":"","background-media":"","overlay-type":"","overlay-color":"","overlay-opacity":"","overlay-gradient":""},"mobile":{"background-color":"","background-image":"","background-repeat":"repeat","background-position":"center center","background-size":"auto","background-attachment":"scroll","background-type":"","background-media":"","overlay-type":"","overlay-color":"","overlay-opacity":"","overlay-gradient":""}},"ast-content-background-meta":{"desktop":{"background-color":"var(--ast-global-color-5)","background-image":"","background-repeat":"repeat","background-position":"center center","background-size":"auto","background-attachment":"scroll","background-type":"","background-media":"","overlay-type":"","overlay-color":"","overlay-opacity":"","overlay-gradient":""},"tablet":{"background-color":"var(--ast-global-color-5)","background-image":"","background-repeat":"repeat","background-position":"center center","background-size":"auto","background-attachment":"scroll","background-type":"","background-media":"","overlay-type":"","overlay-color":"","overlay-opacity":"","overlay-gradient":""},"mobile":{"background-color":"var(--ast-global-color-5)","background-image":"","background-repeat":"repeat","background-position":"center center","background-size":"auto","background-attachment":"scroll","background-type":"","background-media":"","overlay-type":"","overlay-color":"","overlay-opacity":"","overlay-gradient":""}}},"product_brand":[],"product_cat":[70,72],"product_tag":[132,147],"class_list":{"0":"post-4745","1":"product","2":"type-product","3":"status-publish","4":"has-post-thumbnail","6":"product_cat-fiction","7":"product_cat-paperbacks","8":"product_tag-novel","9":"product_tag-romance","10":"desktop-align-left","11":"tablet-align-left","12":"mobile-align-left","14":"first","15":"instock","16":"shipping-taxable","17":"purchasable","18":"product-type-simple"},"_links":{"self":[{"href":"https:\/\/www.croatiabooks.com.au\/index.php?rest_route=\/wp\/v2\/product\/4745","targetHints":{"allow":["GET"]}}],"collection":[{"href":"https:\/\/www.croatiabooks.com.au\/index.php?rest_route=\/wp\/v2\/product"}],"about":[{"href":"https:\/\/www.croatiabooks.com.au\/index.php?rest_route=\/wp\/v2\/types\/product"}],"version-history":[{"count":1,"href":"https:\/\/www.croatiabooks.com.au\/index.php?rest_route=\/wp\/v2\/product\/4745\/revisions"}],"predecessor-version":[{"id":4747,"href":"https:\/\/www.croatiabooks.com.au\/index.php?rest_route=\/wp\/v2\/product\/4745\/revisions\/4747"}],"wp:featuredmedia":[{"embeddable":true,"href":"https:\/\/www.croatiabooks.com.au\/index.php?rest_route=\/wp\/v2\/media\/4746"}],"wp:attachment":[{"href":"https:\/\/www.croatiabooks.com.au\/index.php?rest_route=%2Fwp%2Fv2%2Fmedia&parent=4745"}],"wp:term":[{"taxonomy":"product_brand","embeddable":true,"href":"https:\/\/www.croatiabooks.com.au\/index.php?rest_route=%2Fwp%2Fv2%2Fproduct_brand&post=4745"},{"taxonomy":"product_cat","embeddable":true,"href":"https:\/\/www.croatiabooks.com.au\/index.php?rest_route=%2Fwp%2Fv2%2Fproduct_cat&post=4745"},{"taxonomy":"product_tag","embeddable":true,"href":"https:\/\/www.croatiabooks.com.au\/index.php?rest_route=%2Fwp%2Fv2%2Fproduct_tag&post=4745"}],"curies":[{"name":"wp","href":"https:\/\/api.w.org\/{rel}","templated":true}]}}