{"id":4748,"date":"2024-06-27T02:15:47","date_gmt":"2024-06-27T02:15:47","guid":{"rendered":"https:\/\/www.croatiabooks.com.au\/?post_type=product&#038;p=4748"},"modified":"2024-06-27T02:19:27","modified_gmt":"2024-06-27T02:19:27","slug":"lord-kojem-sam-pisala","status":"publish","type":"product","link":"https:\/\/www.croatiabooks.com.au\/?product=lord-kojem-sam-pisala","title":{"rendered":"Lord kojem sam pisala"},"content":{"rendered":"<div class=\"ygGdYd related-question-pair\" data-ved=\"2ahUKEwjew-SJkO7vAhWfzzgGHTNkBeUQq7kBKAF6BAgREAY\">\n<div id=\"_zLBuYN6tEZ-f4-EPs8iVqA432\" class=\"mWyH1d UgLoB\" tabindex=\"0\" role=\"button\" aria-controls=\"_zLBuYN6tEZ-f4-EPs8iVqA431\" aria-expanded=\"false\">\n<div class=\"cbphWd\" data-kt=\"Ki7x2vyts7O990mSiqOupr7Ogx39qoLkm86Rliu_wY6G4_OghhyMrryK2Ja-htcB\" data-hveid=\"CBEQBw\" data-ved=\"2ahUKEwjew-SJkO7vAhWfzzgGHTNkBeUQuk4oAHoECBEQBw\">O knjizi:<\/div>\n<div data-kt=\"Ki7x2vyts7O990mSiqOupr7Ogx39qoLkm86Rliu_wY6G4_OghhyMrryK2Ja-htcB\" data-hveid=\"CBEQBw\" data-ved=\"2ahUKEwjew-SJkO7vAhWfzzgGHTNkBeUQuk4oAHoECBEQBw\">\n<p>Lord kojem sam pisala druga je knjiga iz serijala Ljubavne rime.<\/p>\n<p>Kada se javila na oglas u novinama Daphne Dale nije ni sanjala da \u0107e prona\u0107i pravu ljubav. Sada ima<\/p>\n<p>priliku upoznati svog nepoznatog prosca, ali to zna\u010di otputovati na Tabithino vjen\u010danje i to u gnijezdo zakletih obiteljskih neprijatelja. Svi znaju da su Seldoni stra\u0161ni razvratnici i \u017eenskari, ali Daphne \u0107e pretrpjeti bilo \u0161to za neizmjernu sre\u0107u koja je \u010deka odmah iza ugla.<\/p>\n<p>Lord Henry Seldon u\u017easnut je posljednjim dodatkom na popisu gostiju njihove ku\u0107ne zabave \u2013 \u010dovjek bi pomislilo da se, nakon nezaboravnog skandala koji je Daphne Dale izazvala na proslavi vojvodinih zaruka, doti\u010dna ne\u0107e usuditi pojaviti i na vojvodinu vjen\u010danju. Ali evo je, zabada nos tamo gdje joj nije mjesto i izlu\u0111uje ga\u2026 nezaboravnom stra\u0161\u0107u koja \u0107e neprijatelje pretvoriti u ljubavnike.<\/p>\n<p>O autorici romana Lord kojem sam pisala:<\/p>\n<p>Elizabeth Boyle autorica je tridesetak povijesno-ljubavnih romana, bestselera New York Timesa i SundayTimesa. Prije nego \u0161to je postala uspje\u0161na spisateljica, Elizabeth se bavila pravnim poslovima u Microsoftu. Njezin prvi roman, Brazen Angel, osvojio je nagradu Dell\u2019s Diamond Debut Award i Romance Writers of America\u2019s RITA Award for Best First Book.<\/p>\n<p>Nakon toga slijedile su nominacije i nagrade za njezina djela \u2013 Bookseller\u2019s Best award, National Reader\u2019s Choice Award, Romantic Times Love and Laughter Award i mnoge druge. \u017divi u Seattleu, u dr\u017eavi Washington, sa suprugom i dvojicom sinova.<\/p>\n<p>Prevela: Andrea Maksimovi\u0107<\/p>\n<\/div>\n<\/div>\n<\/div>\n","protected":false},"excerpt":{"rendered":"<p><strong>Author: Elizabeth Boyle<\/strong><\/p>\n<p><strong>Broj stranica: <\/strong>384<\/p>\n<p><strong>Godina izdanja: <\/strong>2021.<\/p>\n<p><strong>ISBN: <\/strong>9789531429740<\/p>\n<p><strong>Strani naslov: <\/strong>And The Miss Ran Away With The Rake<\/p>\n<p><strong>Uvez: <\/strong>meki<\/p>\n<p><strong>Dimenzije: <\/strong>14 x 20 cm<\/p>\n<p><strong>Te\u017eina: <\/strong>450 g<\/p>\n<p><strong>Nakladnik:<\/strong>\u00a0Mozaik knjiga<\/p>\n","protected":false},"featured_media":4749,"template":"","meta":{"site-sidebar-layout":"default","site-content-layout":"default","ast-site-content-layout":"default","site-content-style":"default","site-sidebar-style":"default","ast-global-header-display":"","ast-banner-title-visibility":"","ast-main-header-display":"","ast-hfb-above-header-display":"","ast-hfb-below-header-display":"","ast-hfb-mobile-header-display":"","site-post-title":"","ast-breadcrumbs-content":"","ast-featured-img":"","footer-sml-layout":"","ast-disable-related-posts":"","theme-transparent-header-meta":"default","adv-header-id-meta":"","stick-header-meta":"","header-above-stick-meta":"","header-main-stick-meta":"","header-below-stick-meta":"","astra-migrate-meta-layouts":"set","ast-page-background-enabled":"default","ast-page-background-meta":{"desktop":{"background-color":"","background-image":"","background-repeat":"repeat","background-position":"center center","background-size":"auto","background-attachment":"scroll","background-type":"","background-media":"","overlay-type":"","overlay-color":"","overlay-opacity":"","overlay-gradient":""},"tablet":{"background-color":"","background-image":"","background-repeat":"repeat","background-position":"center center","background-size":"auto","background-attachment":"scroll","background-type":"","background-media":"","overlay-type":"","overlay-color":"","overlay-opacity":"","overlay-gradient":""},"mobile":{"background-color":"","background-image":"","background-repeat":"repeat","background-position":"center center","background-size":"auto","background-attachment":"scroll","background-type":"","background-media":"","overlay-type":"","overlay-color":"","overlay-opacity":"","overlay-gradient":""}},"ast-content-background-meta":{"desktop":{"background-color":"var(--ast-global-color-5)","background-image":"","background-repeat":"repeat","background-position":"center center","background-size":"auto","background-attachment":"scroll","background-type":"","background-media":"","overlay-type":"","overlay-color":"","overlay-opacity":"","overlay-gradient":""},"tablet":{"background-color":"var(--ast-global-color-5)","background-image":"","background-repeat":"repeat","background-position":"center center","background-size":"auto","background-attachment":"scroll","background-type":"","background-media":"","overlay-type":"","overlay-color":"","overlay-opacity":"","overlay-gradient":""},"mobile":{"background-color":"var(--ast-global-color-5)","background-image":"","background-repeat":"repeat","background-position":"center center","background-size":"auto","background-attachment":"scroll","background-type":"","background-media":"","overlay-type":"","overlay-color":"","overlay-opacity":"","overlay-gradient":""}}},"product_brand":[],"product_cat":[70,72],"product_tag":[132,147],"class_list":{"0":"post-4748","1":"product","2":"type-product","3":"status-publish","4":"has-post-thumbnail","6":"product_cat-fiction","7":"product_cat-paperbacks","8":"product_tag-novel","9":"product_tag-romance","10":"desktop-align-left","11":"tablet-align-left","12":"mobile-align-left","14":"first","15":"instock","16":"shipping-taxable","17":"purchasable","18":"product-type-simple"},"_links":{"self":[{"href":"https:\/\/www.croatiabooks.com.au\/index.php?rest_route=\/wp\/v2\/product\/4748","targetHints":{"allow":["GET"]}}],"collection":[{"href":"https:\/\/www.croatiabooks.com.au\/index.php?rest_route=\/wp\/v2\/product"}],"about":[{"href":"https:\/\/www.croatiabooks.com.au\/index.php?rest_route=\/wp\/v2\/types\/product"}],"version-history":[{"count":1,"href":"https:\/\/www.croatiabooks.com.au\/index.php?rest_route=\/wp\/v2\/product\/4748\/revisions"}],"predecessor-version":[{"id":4750,"href":"https:\/\/www.croatiabooks.com.au\/index.php?rest_route=\/wp\/v2\/product\/4748\/revisions\/4750"}],"wp:featuredmedia":[{"embeddable":true,"href":"https:\/\/www.croatiabooks.com.au\/index.php?rest_route=\/wp\/v2\/media\/4749"}],"wp:attachment":[{"href":"https:\/\/www.croatiabooks.com.au\/index.php?rest_route=%2Fwp%2Fv2%2Fmedia&parent=4748"}],"wp:term":[{"taxonomy":"product_brand","embeddable":true,"href":"https:\/\/www.croatiabooks.com.au\/index.php?rest_route=%2Fwp%2Fv2%2Fproduct_brand&post=4748"},{"taxonomy":"product_cat","embeddable":true,"href":"https:\/\/www.croatiabooks.com.au\/index.php?rest_route=%2Fwp%2Fv2%2Fproduct_cat&post=4748"},{"taxonomy":"product_tag","embeddable":true,"href":"https:\/\/www.croatiabooks.com.au\/index.php?rest_route=%2Fwp%2Fv2%2Fproduct_tag&post=4748"}],"curies":[{"name":"wp","href":"https:\/\/api.w.org\/{rel}","templated":true}]}}