{"id":4751,"date":"2024-06-27T02:19:47","date_gmt":"2024-06-27T02:19:47","guid":{"rendered":"https:\/\/www.croatiabooks.com.au\/?post_type=product&#038;p=4751"},"modified":"2024-06-27T02:29:06","modified_gmt":"2024-06-27T02:29:06","slug":"ljubavno-posredovanje-za-pocetnike","status":"publish","type":"product","link":"https:\/\/www.croatiabooks.com.au\/?product=ljubavno-posredovanje-za-pocetnike","title":{"rendered":"Ljubavno posredovanje za po\u010detnike"},"content":{"rendered":"<div class=\"ygGdYd related-question-pair\" data-ved=\"2ahUKEwjew-SJkO7vAhWfzzgGHTNkBeUQq7kBKAF6BAgREAY\">\n<div id=\"_zLBuYN6tEZ-f4-EPs8iVqA432\" class=\"mWyH1d UgLoB\" tabindex=\"0\" role=\"button\" aria-controls=\"_zLBuYN6tEZ-f4-EPs8iVqA431\" aria-expanded=\"false\">\n<div class=\"cbphWd\" data-kt=\"Ki7x2vyts7O990mSiqOupr7Ogx39qoLkm86Rliu_wY6G4_OghhyMrryK2Ja-htcB\" data-hveid=\"CBEQBw\" data-ved=\"2ahUKEwjew-SJkO7vAhWfzzgGHTNkBeUQuk4oAHoECBEQBw\">O knjizi:<\/div>\n<div data-kt=\"Ki7x2vyts7O990mSiqOupr7Ogx39qoLkm86Rliu_wY6G4_OghhyMrryK2Ja-htcB\" data-hveid=\"CBEQBw\" data-ved=\"2ahUKEwjew-SJkO7vAhWfzzgGHTNkBeUQuk4oAHoECBEQBw\">\n<p>Roman Maddie Dawson\u00a0<i>Ljubavno posredovanje za po\u010detnike<\/i>\u00a0bio je veliko iznena\u0111enje ameri\u010dke knji\u017eevne scene u ljeto 2018. godine kada je postao jedno od najomiljenijih ljetnih \u0161tiva. Istovremeno duhovita i ozbiljna, opu\u0161taju\u0107a je to knjiga namijenjena svima koji se \u017eele zaljubiti ili ve\u0107 jesu zaljubljeni.<\/p>\n<p>Marnie MacGraw \u017eeli obi\u010dan \u017eivot \u2013 supruga, djecu, ve\u0107i automobil i ku\u0107u u predgra\u0111u. Pred udajom je za mu\u0161karca iz svojih snova, uvjerena je da je i takav \u017eivot pred njom. A tada Marnie upoznaje Blix Holliday, neobi\u010dnu pratetu svojeg zaru\u010dnika sklonu ljubavnom posredovanju, i sve se odjednom mijenja \u2013 ba\u0161 onako kako \u0161to joj je Blix rekla da ho\u0107e. Kad joj kola krenu nizbrdo Marnie \u0107e pomisliti da za nju vi\u0161e nema nikakve izgledne prilike, da je \u017eivot ve\u0107 iza nje\u2026 No tada \u0107e je zapanjiti \u010dinjenica je naslijedila Blixinu ku\u0107u u Brooklynu, kao i sve njezine nezavr\u0161ene \u201cprojekte\u201d: ekscentri\u010dne prijatelje ranjenog srca te susjede koji bje\u017ee od sre\u0107e. Marnie ne vjeruje da je posebna, ali Blix je nekako znala da je ona savr\u0161ena osoba koja \u0107e nastaviti njezin rad na poslovima ljubavnog posredovanja. Blix je bila u pravu i u pogledu onoga \u0161to Marnie mora nau\u010diti na te\u017ei na\u010din: ljubav je te\u0161ko prepoznati, a onima koji je odguruju \u010desto je najpotrebnija.<\/p>\n<\/div>\n<\/div>\n<\/div>\n","protected":false},"excerpt":{"rendered":"<p><strong>Author: Maddie Dawson<\/strong><\/p>\n<p><strong>Broj stranica: <\/strong>375<\/p>\n<p><strong>Godina izdanja: <\/strong>2019.<\/p>\n<p><strong>ISBN: <\/strong>9789531425605<\/p>\n<p><strong>Strani naslov: Matchmaking for Beginners<\/strong><\/p>\n<p><strong>Uvez: <\/strong>meki<\/p>\n<p><strong>Nakladnik:<\/strong>\u00a0Mozaik knjiga<\/p>\n","protected":false},"featured_media":4752,"template":"","meta":{"site-sidebar-layout":"default","site-content-layout":"default","ast-site-content-layout":"default","site-content-style":"default","site-sidebar-style":"default","ast-global-header-display":"","ast-banner-title-visibility":"","ast-main-header-display":"","ast-hfb-above-header-display":"","ast-hfb-below-header-display":"","ast-hfb-mobile-header-display":"","site-post-title":"","ast-breadcrumbs-content":"","ast-featured-img":"","footer-sml-layout":"","ast-disable-related-posts":"","theme-transparent-header-meta":"default","adv-header-id-meta":"","stick-header-meta":"","header-above-stick-meta":"","header-main-stick-meta":"","header-below-stick-meta":"","astra-migrate-meta-layouts":"set","ast-page-background-enabled":"default","ast-page-background-meta":{"desktop":{"background-color":"","background-image":"","background-repeat":"repeat","background-position":"center center","background-size":"auto","background-attachment":"scroll","background-type":"","background-media":"","overlay-type":"","overlay-color":"","overlay-opacity":"","overlay-gradient":""},"tablet":{"background-color":"","background-image":"","background-repeat":"repeat","background-position":"center center","background-size":"auto","background-attachment":"scroll","background-type":"","background-media":"","overlay-type":"","overlay-color":"","overlay-opacity":"","overlay-gradient":""},"mobile":{"background-color":"","background-image":"","background-repeat":"repeat","background-position":"center center","background-size":"auto","background-attachment":"scroll","background-type":"","background-media":"","overlay-type":"","overlay-color":"","overlay-opacity":"","overlay-gradient":""}},"ast-content-background-meta":{"desktop":{"background-color":"var(--ast-global-color-5)","background-image":"","background-repeat":"repeat","background-position":"center center","background-size":"auto","background-attachment":"scroll","background-type":"","background-media":"","overlay-type":"","overlay-color":"","overlay-opacity":"","overlay-gradient":""},"tablet":{"background-color":"var(--ast-global-color-5)","background-image":"","background-repeat":"repeat","background-position":"center center","background-size":"auto","background-attachment":"scroll","background-type":"","background-media":"","overlay-type":"","overlay-color":"","overlay-opacity":"","overlay-gradient":""},"mobile":{"background-color":"var(--ast-global-color-5)","background-image":"","background-repeat":"repeat","background-position":"center center","background-size":"auto","background-attachment":"scroll","background-type":"","background-media":"","overlay-type":"","overlay-color":"","overlay-opacity":"","overlay-gradient":""}}},"product_brand":[],"product_cat":[70,72],"product_tag":[132,147],"class_list":{"0":"post-4751","1":"product","2":"type-product","3":"status-publish","4":"has-post-thumbnail","6":"product_cat-fiction","7":"product_cat-paperbacks","8":"product_tag-novel","9":"product_tag-romance","10":"desktop-align-left","11":"tablet-align-left","12":"mobile-align-left","14":"first","15":"instock","16":"shipping-taxable","17":"purchasable","18":"product-type-simple"},"_links":{"self":[{"href":"https:\/\/www.croatiabooks.com.au\/index.php?rest_route=\/wp\/v2\/product\/4751","targetHints":{"allow":["GET"]}}],"collection":[{"href":"https:\/\/www.croatiabooks.com.au\/index.php?rest_route=\/wp\/v2\/product"}],"about":[{"href":"https:\/\/www.croatiabooks.com.au\/index.php?rest_route=\/wp\/v2\/types\/product"}],"version-history":[{"count":1,"href":"https:\/\/www.croatiabooks.com.au\/index.php?rest_route=\/wp\/v2\/product\/4751\/revisions"}],"predecessor-version":[{"id":4753,"href":"https:\/\/www.croatiabooks.com.au\/index.php?rest_route=\/wp\/v2\/product\/4751\/revisions\/4753"}],"wp:featuredmedia":[{"embeddable":true,"href":"https:\/\/www.croatiabooks.com.au\/index.php?rest_route=\/wp\/v2\/media\/4752"}],"wp:attachment":[{"href":"https:\/\/www.croatiabooks.com.au\/index.php?rest_route=%2Fwp%2Fv2%2Fmedia&parent=4751"}],"wp:term":[{"taxonomy":"product_brand","embeddable":true,"href":"https:\/\/www.croatiabooks.com.au\/index.php?rest_route=%2Fwp%2Fv2%2Fproduct_brand&post=4751"},{"taxonomy":"product_cat","embeddable":true,"href":"https:\/\/www.croatiabooks.com.au\/index.php?rest_route=%2Fwp%2Fv2%2Fproduct_cat&post=4751"},{"taxonomy":"product_tag","embeddable":true,"href":"https:\/\/www.croatiabooks.com.au\/index.php?rest_route=%2Fwp%2Fv2%2Fproduct_tag&post=4751"}],"curies":[{"name":"wp","href":"https:\/\/api.w.org\/{rel}","templated":true}]}}