{"id":4754,"date":"2024-06-29T04:15:58","date_gmt":"2024-06-29T04:15:58","guid":{"rendered":"https:\/\/www.croatiabooks.com.au\/?post_type=product&#038;p=4754"},"modified":"2024-06-29T04:27:21","modified_gmt":"2024-06-29T04:27:21","slug":"sto-se-to-zbiva-u-londonu","status":"publish","type":"product","link":"https:\/\/www.croatiabooks.com.au\/?product=sto-se-to-zbiva-u-londonu","title":{"rendered":"\u0160to se to zbiva u Londonu?"},"content":{"rendered":"<div class=\"ygGdYd related-question-pair\" data-ved=\"2ahUKEwjew-SJkO7vAhWfzzgGHTNkBeUQq7kBKAF6BAgREAY\">\n<div id=\"_zLBuYN6tEZ-f4-EPs8iVqA432\" class=\"mWyH1d UgLoB\" tabindex=\"0\" role=\"button\" aria-controls=\"_zLBuYN6tEZ-f4-EPs8iVqA431\" aria-expanded=\"false\">\n<div class=\"cbphWd\" data-kt=\"Ki7x2vyts7O990mSiqOupr7Ogx39qoLkm86Rliu_wY6G4_OghhyMrryK2Ja-htcB\" data-hveid=\"CBEQBw\" data-ved=\"2ahUKEwjew-SJkO7vAhWfzzgGHTNkBeUQuk4oAHoECBEQBw\">O knjizi:<\/div>\n<div data-kt=\"Ki7x2vyts7O990mSiqOupr7Ogx39qoLkm86Rliu_wY6G4_OghhyMrryK2Ja-htcB\" data-hveid=\"CBEQBw\" data-ved=\"2ahUKEwjew-SJkO7vAhWfzzgGHTNkBeUQuk4oAHoECBEQBw\">\n<p>Kada Olivia Bevelstoke \u010duje da je njezin novi susjed mo\u017eda ubio vlastitu zaru\u010dnicu, ne vjeruje u to ni sekunde \u2013 ali kako da se suzdr\u017ei da ga ipak mal\u010dice ne \u0161pijunira, samo da se uvjeri? I zato spremno zauzima polo\u017eaj uz prozor svoje spava\u0107e sobe, strate\u0161ki zaklonjena zastorima, i \u010deka\u2026 i promatra\u2026 i otkriva veoma intrigantnog mu\u0161karca koji, po svemu sude\u0107i, ne\u0161to muti.<\/p>\n<p>Sir Harry Valentine radi za dosadan ogranak Ministarstva rata i prevodi dokumente va\u017ene za nacionalnu sigurnost. Nije \u0161pijun, ali pro\u0161ao je svu potrebnu obuku, pa kada ga prekrasna plavu\u0161a odlu\u010di promatrati sa svog prozora, on postaje sumnji\u010dav. Po\u0161to otkrije da ona nije ni\u0161ta drugo nego vrlo znati\u017eeljna mlada dama, Harry saznaje i da bi se uskoro mogla zaru\u010diti za ruskog princa, a ruski princ pak mo\u017eda kuje zavjeru protiv Engleske. Nakon \u0161to ga zapadne zadatak da \u0161pijunira Oliviju shva\u0107a da bi i sam mogao pasti na njezine \u010dari\u2026<\/p>\n<h4>O autorici romana \u0160to se to zbiva u Londonu?:<\/h4>\n<p>Julia Quinn po\u010dela je pisati po zavr\u0161etku fakulteta i otada ne prestaje. Autorica je nagra\u0111ivanih povijesnih ljubavnih romana, uklju\u010duju\u0107i uspje\u0161nice New York Timesa, seriju romana o obitelji Bridgerton koja zapo\u010dinje romanom Vojvoda i ja. Diplomirala je na Harvardu i Radcliffeu i sada \u017eivi s obitelji u dr\u017eavi Colorado.<\/p>\n<p>Prijevod: Lidija Toman<\/p>\n<\/div>\n<\/div>\n<\/div>\n","protected":false},"excerpt":{"rendered":"<p><strong>Author: Julia Quinn<\/strong><\/p>\n<p><strong>Broj stranica: <\/strong>360<\/p>\n<p><strong>Godina izdanja: <\/strong>2021.<\/p>\n<p><strong>ISBN: <\/strong>9789531429177<\/p>\n<p><strong>Strani naslov: <\/strong>What Happens in London<\/p>\n<p><strong>Uvez: <\/strong>meki<\/p>\n<p><strong>Dimenzije: <\/strong>14 x 20 cm<\/p>\n<p><strong>Te\u017eina: <\/strong>385 g<\/p>\n<p><strong>Nakladnik:<\/strong>\u00a0Mozaik knjiga<\/p>\n","protected":false},"featured_media":4755,"template":"","meta":{"site-sidebar-layout":"default","site-content-layout":"default","ast-site-content-layout":"default","site-content-style":"default","site-sidebar-style":"default","ast-global-header-display":"","ast-banner-title-visibility":"","ast-main-header-display":"","ast-hfb-above-header-display":"","ast-hfb-below-header-display":"","ast-hfb-mobile-header-display":"","site-post-title":"","ast-breadcrumbs-content":"","ast-featured-img":"","footer-sml-layout":"","ast-disable-related-posts":"","theme-transparent-header-meta":"default","adv-header-id-meta":"","stick-header-meta":"","header-above-stick-meta":"","header-main-stick-meta":"","header-below-stick-meta":"","astra-migrate-meta-layouts":"set","ast-page-background-enabled":"default","ast-page-background-meta":{"desktop":{"background-color":"","background-image":"","background-repeat":"repeat","background-position":"center center","background-size":"auto","background-attachment":"scroll","background-type":"","background-media":"","overlay-type":"","overlay-color":"","overlay-opacity":"","overlay-gradient":""},"tablet":{"background-color":"","background-image":"","background-repeat":"repeat","background-position":"center center","background-size":"auto","background-attachment":"scroll","background-type":"","background-media":"","overlay-type":"","overlay-color":"","overlay-opacity":"","overlay-gradient":""},"mobile":{"background-color":"","background-image":"","background-repeat":"repeat","background-position":"center center","background-size":"auto","background-attachment":"scroll","background-type":"","background-media":"","overlay-type":"","overlay-color":"","overlay-opacity":"","overlay-gradient":""}},"ast-content-background-meta":{"desktop":{"background-color":"var(--ast-global-color-5)","background-image":"","background-repeat":"repeat","background-position":"center center","background-size":"auto","background-attachment":"scroll","background-type":"","background-media":"","overlay-type":"","overlay-color":"","overlay-opacity":"","overlay-gradient":""},"tablet":{"background-color":"var(--ast-global-color-5)","background-image":"","background-repeat":"repeat","background-position":"center center","background-size":"auto","background-attachment":"scroll","background-type":"","background-media":"","overlay-type":"","overlay-color":"","overlay-opacity":"","overlay-gradient":""},"mobile":{"background-color":"var(--ast-global-color-5)","background-image":"","background-repeat":"repeat","background-position":"center center","background-size":"auto","background-attachment":"scroll","background-type":"","background-media":"","overlay-type":"","overlay-color":"","overlay-opacity":"","overlay-gradient":""}}},"product_brand":[],"product_cat":[70,72],"product_tag":[132,147],"class_list":{"0":"post-4754","1":"product","2":"type-product","3":"status-publish","4":"has-post-thumbnail","6":"product_cat-fiction","7":"product_cat-paperbacks","8":"product_tag-novel","9":"product_tag-romance","10":"desktop-align-left","11":"tablet-align-left","12":"mobile-align-left","14":"first","15":"instock","16":"shipping-taxable","17":"purchasable","18":"product-type-simple"},"_links":{"self":[{"href":"https:\/\/www.croatiabooks.com.au\/index.php?rest_route=\/wp\/v2\/product\/4754","targetHints":{"allow":["GET"]}}],"collection":[{"href":"https:\/\/www.croatiabooks.com.au\/index.php?rest_route=\/wp\/v2\/product"}],"about":[{"href":"https:\/\/www.croatiabooks.com.au\/index.php?rest_route=\/wp\/v2\/types\/product"}],"version-history":[{"count":2,"href":"https:\/\/www.croatiabooks.com.au\/index.php?rest_route=\/wp\/v2\/product\/4754\/revisions"}],"predecessor-version":[{"id":4760,"href":"https:\/\/www.croatiabooks.com.au\/index.php?rest_route=\/wp\/v2\/product\/4754\/revisions\/4760"}],"wp:featuredmedia":[{"embeddable":true,"href":"https:\/\/www.croatiabooks.com.au\/index.php?rest_route=\/wp\/v2\/media\/4755"}],"wp:attachment":[{"href":"https:\/\/www.croatiabooks.com.au\/index.php?rest_route=%2Fwp%2Fv2%2Fmedia&parent=4754"}],"wp:term":[{"taxonomy":"product_brand","embeddable":true,"href":"https:\/\/www.croatiabooks.com.au\/index.php?rest_route=%2Fwp%2Fv2%2Fproduct_brand&post=4754"},{"taxonomy":"product_cat","embeddable":true,"href":"https:\/\/www.croatiabooks.com.au\/index.php?rest_route=%2Fwp%2Fv2%2Fproduct_cat&post=4754"},{"taxonomy":"product_tag","embeddable":true,"href":"https:\/\/www.croatiabooks.com.au\/index.php?rest_route=%2Fwp%2Fv2%2Fproduct_tag&post=4754"}],"curies":[{"name":"wp","href":"https:\/\/api.w.org\/{rel}","templated":true}]}}