{"id":4757,"date":"2024-06-29T04:20:05","date_gmt":"2024-06-29T04:20:05","guid":{"rendered":"https:\/\/www.croatiabooks.com.au\/?post_type=product&#038;p=4757"},"modified":"2025-01-06T02:45:44","modified_gmt":"2025-01-06T02:45:44","slug":"vojvoda-za-nju","status":"publish","type":"product","link":"https:\/\/www.croatiabooks.com.au\/?product=vojvoda-za-nju","title":{"rendered":"Vojvoda za nju"},"content":{"rendered":"<div class=\"ygGdYd related-question-pair\" data-ved=\"2ahUKEwjew-SJkO7vAhWfzzgGHTNkBeUQq7kBKAF6BAgREAY\">\n<div id=\"_zLBuYN6tEZ-f4-EPs8iVqA432\" class=\"mWyH1d UgLoB\" tabindex=\"0\" role=\"button\" aria-controls=\"_zLBuYN6tEZ-f4-EPs8iVqA431\" aria-expanded=\"false\">\n<div class=\"cbphWd\" data-kt=\"Ki7x2vyts7O990mSiqOupr7Ogx39qoLkm86Rliu_wY6G4_OghhyMrryK2Ja-htcB\" data-hveid=\"CBEQBw\" data-ved=\"2ahUKEwjew-SJkO7vAhWfzzgGHTNkBeUQuk4oAHoECBEQBw\">O knjizi:<\/div>\n<div data-kt=\"Ki7x2vyts7O990mSiqOupr7Ogx39qoLkm86Rliu_wY6G4_OghhyMrryK2Ja-htcB\" data-hveid=\"CBEQBw\" data-ved=\"2ahUKEwjew-SJkO7vAhWfzzgGHTNkBeUQuk4oAHoECBEQBw\">\n<p>Vojvoda mora birati mudro\u2026<\/p>\n<p>Leopold Dautry, ozlogla\u0161eni vojvoda od Villiersa, u intenzivnoj je i neodgodivoj potrazi za prikladnom suprugom, a izbora je jako malo. Sre\u0107om, k\u0107i vojvode od Montaguea, ledi Eleanor, djeluje zamamno i nevjerojatno inteligentno. Villiers se bez daljnjega planira zaru\u010diti za nju.<\/p>\n<p>Uostalom, preostaje mu jo\u0161 samo jedna dama koja dolazi u obzir: ledi Lisette, neobi\u010dna k\u0107i vojvode od Gilnera, koja ne mari za odje\u0107u ili pristojnost. Zaru\u010dena je za drugog mu\u0161karca i ignorira svoj status i titulu. Jo\u0161 jedan sitni detalj: Lisette je potpuno nestabilna \u2013 \u0161to je Villiers sve skloniji potvrditi.<\/p>\n<p>Rastrgan izme\u0111u logike i strasti, izme\u0111u razuma i fantazija, Villiers balansira na samome rubu neprimjerenosti. Ali tek<br \/>\nkada se na\u0111e u posljednjem dvoboju, bore\u0107i se za ugled \u017eene koju voli, Villiers kona\u010dno shva\u0107a da ga najve\u0107i rizik ne \u010deka pred ma\u010dem\u2026 ve\u0107 u spava\u0107oj sobi i vlastitu srcu.<\/p>\n<p>O autorici romana Vojvoda za nju:<\/p>\n<p>Eeloisa james autorica je niza romana koji su vi\u0161e puta bili me\u0111u najprodavanijima na popisu New York Timesa. \u017divi u New Yorku, gdje predaje na katedri o Williamu Shakespeareu. Magistrirala je na sveu\u010dili\u0161tu u Oxfordu. Dosad su joj na hrvatski jezik prevedeni romani Kako je ljepotica ukrotila zvijer, Neugledna vojvotkinja, Kako osvojiti vojvodu, Poljubac u pono\u0107, Bila jednom jedna kula, O\u010dajne vojvotkinje, Afera prije Bo\u017ei\u0107a, Vojvotkinja no\u0107i, Povratak vojvode i Vojvotkinja moga srca.<\/p>\n<\/div>\n<\/div>\n<\/div>\n","protected":false},"excerpt":{"rendered":"<p><strong>Author: Eloisa James<\/strong><\/p>\n<p><strong>Broj stranica: <\/strong>398<\/p>\n<p><strong>Godina izdanja: <\/strong>2023.<\/p>\n<p><strong>ISBN: <\/strong>9789531433877<\/p>\n<p><strong>Strani naslov: <\/strong>A Duke of Her Own<\/p>\n<p><strong>Prevoditelj: <\/strong>Vesna Valen\u010di\u0107<\/p>\n<p><strong>Uvez: <\/strong>meki<\/p>\n<p><strong>Dimenzije: <\/strong>14 x 20 cm<\/p>\n<p><strong>Te\u017eina: <\/strong>400 g<\/p>\n","protected":false},"featured_media":4758,"template":"","meta":{"site-sidebar-layout":"default","site-content-layout":"default","ast-site-content-layout":"default","site-content-style":"default","site-sidebar-style":"default","ast-global-header-display":"","ast-banner-title-visibility":"","ast-main-header-display":"","ast-hfb-above-header-display":"","ast-hfb-below-header-display":"","ast-hfb-mobile-header-display":"","site-post-title":"","ast-breadcrumbs-content":"","ast-featured-img":"","footer-sml-layout":"","ast-disable-related-posts":"","theme-transparent-header-meta":"default","adv-header-id-meta":"","stick-header-meta":"","header-above-stick-meta":"","header-main-stick-meta":"","header-below-stick-meta":"","astra-migrate-meta-layouts":"set","ast-page-background-enabled":"default","ast-page-background-meta":{"desktop":{"background-color":"","background-image":"","background-repeat":"repeat","background-position":"center center","background-size":"auto","background-attachment":"scroll","background-type":"","background-media":"","overlay-type":"","overlay-color":"","overlay-opacity":"","overlay-gradient":""},"tablet":{"background-color":"","background-image":"","background-repeat":"repeat","background-position":"center center","background-size":"auto","background-attachment":"scroll","background-type":"","background-media":"","overlay-type":"","overlay-color":"","overlay-opacity":"","overlay-gradient":""},"mobile":{"background-color":"","background-image":"","background-repeat":"repeat","background-position":"center center","background-size":"auto","background-attachment":"scroll","background-type":"","background-media":"","overlay-type":"","overlay-color":"","overlay-opacity":"","overlay-gradient":""}},"ast-content-background-meta":{"desktop":{"background-color":"var(--ast-global-color-5)","background-image":"","background-repeat":"repeat","background-position":"center center","background-size":"auto","background-attachment":"scroll","background-type":"","background-media":"","overlay-type":"","overlay-color":"","overlay-opacity":"","overlay-gradient":""},"tablet":{"background-color":"var(--ast-global-color-5)","background-image":"","background-repeat":"repeat","background-position":"center center","background-size":"auto","background-attachment":"scroll","background-type":"","background-media":"","overlay-type":"","overlay-color":"","overlay-opacity":"","overlay-gradient":""},"mobile":{"background-color":"var(--ast-global-color-5)","background-image":"","background-repeat":"repeat","background-position":"center center","background-size":"auto","background-attachment":"scroll","background-type":"","background-media":"","overlay-type":"","overlay-color":"","overlay-opacity":"","overlay-gradient":""}}},"product_brand":[],"product_cat":[70,72],"product_tag":[132,147],"class_list":{"0":"post-4757","1":"product","2":"type-product","3":"status-publish","4":"has-post-thumbnail","6":"product_cat-fiction","7":"product_cat-paperbacks","8":"product_tag-novel","9":"product_tag-romance","10":"desktop-align-left","11":"tablet-align-left","12":"mobile-align-left","14":"first","15":"instock","16":"featured","17":"shipping-taxable","18":"purchasable","19":"product-type-simple"},"_links":{"self":[{"href":"https:\/\/www.croatiabooks.com.au\/index.php?rest_route=\/wp\/v2\/product\/4757","targetHints":{"allow":["GET"]}}],"collection":[{"href":"https:\/\/www.croatiabooks.com.au\/index.php?rest_route=\/wp\/v2\/product"}],"about":[{"href":"https:\/\/www.croatiabooks.com.au\/index.php?rest_route=\/wp\/v2\/types\/product"}],"version-history":[{"count":2,"href":"https:\/\/www.croatiabooks.com.au\/index.php?rest_route=\/wp\/v2\/product\/4757\/revisions"}],"predecessor-version":[{"id":4764,"href":"https:\/\/www.croatiabooks.com.au\/index.php?rest_route=\/wp\/v2\/product\/4757\/revisions\/4764"}],"wp:featuredmedia":[{"embeddable":true,"href":"https:\/\/www.croatiabooks.com.au\/index.php?rest_route=\/wp\/v2\/media\/4758"}],"wp:attachment":[{"href":"https:\/\/www.croatiabooks.com.au\/index.php?rest_route=%2Fwp%2Fv2%2Fmedia&parent=4757"}],"wp:term":[{"taxonomy":"product_brand","embeddable":true,"href":"https:\/\/www.croatiabooks.com.au\/index.php?rest_route=%2Fwp%2Fv2%2Fproduct_brand&post=4757"},{"taxonomy":"product_cat","embeddable":true,"href":"https:\/\/www.croatiabooks.com.au\/index.php?rest_route=%2Fwp%2Fv2%2Fproduct_cat&post=4757"},{"taxonomy":"product_tag","embeddable":true,"href":"https:\/\/www.croatiabooks.com.au\/index.php?rest_route=%2Fwp%2Fv2%2Fproduct_tag&post=4757"}],"curies":[{"name":"wp","href":"https:\/\/api.w.org\/{rel}","templated":true}]}}