{"id":4761,"date":"2024-06-29T04:28:51","date_gmt":"2024-06-29T04:28:51","guid":{"rendered":"https:\/\/www.croatiabooks.com.au\/?post_type=product&#038;p=4761"},"modified":"2025-08-11T01:49:35","modified_gmt":"2025-08-11T01:49:35","slug":"vikont-koji-me-volio","status":"publish","type":"product","link":"https:\/\/www.croatiabooks.com.au\/?product=vikont-koji-me-volio","title":{"rendered":"Vikont koji me volio"},"content":{"rendered":"<div class=\"ygGdYd related-question-pair\" data-ved=\"2ahUKEwjew-SJkO7vAhWfzzgGHTNkBeUQq7kBKAF6BAgREAY\">\n<div id=\"_zLBuYN6tEZ-f4-EPs8iVqA432\" class=\"mWyH1d UgLoB\" tabindex=\"0\" role=\"button\" aria-controls=\"_zLBuYN6tEZ-f4-EPs8iVqA431\" aria-expanded=\"false\">\n<div class=\"cbphWd\" data-kt=\"Ki7x2vyts7O990mSiqOupr7Ogx39qoLkm86Rliu_wY6G4_OghhyMrryK2Ja-htcB\" data-hveid=\"CBEQBw\" data-ved=\"2ahUKEwjew-SJkO7vAhWfzzgGHTNkBeUQuk4oAHoECBEQBw\">O knjizi:<\/div>\n<div data-kt=\"Ki7x2vyts7O990mSiqOupr7Ogx39qoLkm86Rliu_wY6G4_OghhyMrryK2Ja-htcB\" data-hveid=\"CBEQBw\" data-ved=\"2ahUKEwjew-SJkO7vAhWfzzgGHTNkBeUQuk4oAHoECBEQBw\">\n<p><strong><em>Vikont koji me volio<\/em><\/strong>\u00a0je nezaboravan povijesni ljubavni roman iz serije o obitelji Bridgerton autorice Julije Quinn.<\/p>\n<p>Anthony Bridgerton odlu\u010dio je prona\u0107i suprugu. Svoje je dvadesete godine proveo prepu\u0161taju\u0107i se razvratnim u\u017eicima, iako je istovremeno brinuo o majci i sedmero mla\u0111e bra\u0107e i sestara osiguravaju\u0107i im financijsku sigurnost. Me\u0111utim, sada je do\u0161lo vrijeme da se skrasi i osigura nastavak loze Bridgertonovih.<\/p>\n<p>Edwinu Sheffield smatraju najljep\u0161om debitanticom teku\u0107e sezone. Ona je i dra\u017eesna, nevina i izrazito poslu\u0161na. Anthony je siguran da \u0107e ona biti savr\u0161eno pogodna supruga i zavjetuje se da \u0107e je u\u010diniti svojom.<\/p>\n<p>Jedina prepreka na njegovu putu je Edwinina starija sestra Kate. Ona je odlu\u010dila u\u010diniti sve \u0161to je u njezinoj mo\u0107i da joj se sestra uda iz ljubavi, a ne iz prakti\u010dnih razloga. A razvratni vikont po\u010dinje uvi\u0111ati kako Katein o\u0161tar um i britak jezik lako pariraju njegovima. Sve dok, naime, ne u\u010dini pogre\u0161ku i poljubi je..<\/p>\n<h4>O autorici romana Vikont koji me volio:<\/h4>\n<p>Julia Quinn po\u010dela je pisati svoj prvi roman mjesec dana nakon zavr\u0161etka fakulteta i otad ne prestaje udarati po tipkovnici. Autorica je nagra\u0111enih povijesnih ljubavnih romana, uklju\u010duju\u0107i bestselere New York Timesa, seriju romana o obitelji Bridgerton koja zapo\u010dinje romanom Vojvoda i ja (The Duke and I). Diplomirala je na Harvardu i Radcliffeu i sada \u017eivi sa svojom obitelji u dr\u017eavi Colorado.<\/p>\n<\/div>\n<\/div>\n<\/div>\n","protected":false},"excerpt":{"rendered":"<p><strong>Author: Julia Quinn<\/strong><\/p>\n<p><strong>Broj stranica: <\/strong>368<\/p>\n<p><strong>Godina izdanja: <\/strong>2021.<\/p>\n<p><strong>ISBN: <\/strong>9789531429412<\/p>\n<p><strong>Strani naslov: <\/strong>The Viscount Who Loved Me<\/p>\n<p><strong>Prevoditelj: <\/strong>Zrinka Budak<\/p>\n<p><strong>Uvez: <\/strong>meki<\/p>\n<p><strong>Dimenzije: <\/strong>14 x 20 cm<\/p>\n<p><strong>Te\u017eina: <\/strong>450 g<\/p>\n<p><strong>Nakladnik:<\/strong>\u00a0Mozaik knjiga<\/p>\n","protected":false},"featured_media":4762,"template":"","meta":{"site-sidebar-layout":"default","site-content-layout":"default","ast-site-content-layout":"default","site-content-style":"default","site-sidebar-style":"default","ast-global-header-display":"","ast-banner-title-visibility":"","ast-main-header-display":"","ast-hfb-above-header-display":"","ast-hfb-below-header-display":"","ast-hfb-mobile-header-display":"","site-post-title":"","ast-breadcrumbs-content":"","ast-featured-img":"","footer-sml-layout":"","ast-disable-related-posts":"","theme-transparent-header-meta":"default","adv-header-id-meta":"","stick-header-meta":"","header-above-stick-meta":"","header-main-stick-meta":"","header-below-stick-meta":"","astra-migrate-meta-layouts":"set","ast-page-background-enabled":"default","ast-page-background-meta":{"desktop":{"background-color":"","background-image":"","background-repeat":"repeat","background-position":"center center","background-size":"auto","background-attachment":"scroll","background-type":"","background-media":"","overlay-type":"","overlay-color":"","overlay-opacity":"","overlay-gradient":""},"tablet":{"background-color":"","background-image":"","background-repeat":"repeat","background-position":"center center","background-size":"auto","background-attachment":"scroll","background-type":"","background-media":"","overlay-type":"","overlay-color":"","overlay-opacity":"","overlay-gradient":""},"mobile":{"background-color":"","background-image":"","background-repeat":"repeat","background-position":"center center","background-size":"auto","background-attachment":"scroll","background-type":"","background-media":"","overlay-type":"","overlay-color":"","overlay-opacity":"","overlay-gradient":""}},"ast-content-background-meta":{"desktop":{"background-color":"var(--ast-global-color-5)","background-image":"","background-repeat":"repeat","background-position":"center center","background-size":"auto","background-attachment":"scroll","background-type":"","background-media":"","overlay-type":"","overlay-color":"","overlay-opacity":"","overlay-gradient":""},"tablet":{"background-color":"var(--ast-global-color-5)","background-image":"","background-repeat":"repeat","background-position":"center center","background-size":"auto","background-attachment":"scroll","background-type":"","background-media":"","overlay-type":"","overlay-color":"","overlay-opacity":"","overlay-gradient":""},"mobile":{"background-color":"var(--ast-global-color-5)","background-image":"","background-repeat":"repeat","background-position":"center center","background-size":"auto","background-attachment":"scroll","background-type":"","background-media":"","overlay-type":"","overlay-color":"","overlay-opacity":"","overlay-gradient":""}}},"product_brand":[],"product_cat":[70,72],"product_tag":[132,147],"class_list":{"0":"post-4761","1":"product","2":"type-product","3":"status-publish","4":"has-post-thumbnail","6":"product_cat-fiction","7":"product_cat-paperbacks","8":"product_tag-novel","9":"product_tag-romance","10":"desktop-align-left","11":"tablet-align-left","12":"mobile-align-left","14":"first","15":"outofstock","16":"shipping-taxable","17":"purchasable","18":"product-type-simple"},"_links":{"self":[{"href":"https:\/\/www.croatiabooks.com.au\/index.php?rest_route=\/wp\/v2\/product\/4761","targetHints":{"allow":["GET"]}}],"collection":[{"href":"https:\/\/www.croatiabooks.com.au\/index.php?rest_route=\/wp\/v2\/product"}],"about":[{"href":"https:\/\/www.croatiabooks.com.au\/index.php?rest_route=\/wp\/v2\/types\/product"}],"version-history":[{"count":1,"href":"https:\/\/www.croatiabooks.com.au\/index.php?rest_route=\/wp\/v2\/product\/4761\/revisions"}],"predecessor-version":[{"id":4763,"href":"https:\/\/www.croatiabooks.com.au\/index.php?rest_route=\/wp\/v2\/product\/4761\/revisions\/4763"}],"wp:featuredmedia":[{"embeddable":true,"href":"https:\/\/www.croatiabooks.com.au\/index.php?rest_route=\/wp\/v2\/media\/4762"}],"wp:attachment":[{"href":"https:\/\/www.croatiabooks.com.au\/index.php?rest_route=%2Fwp%2Fv2%2Fmedia&parent=4761"}],"wp:term":[{"taxonomy":"product_brand","embeddable":true,"href":"https:\/\/www.croatiabooks.com.au\/index.php?rest_route=%2Fwp%2Fv2%2Fproduct_brand&post=4761"},{"taxonomy":"product_cat","embeddable":true,"href":"https:\/\/www.croatiabooks.com.au\/index.php?rest_route=%2Fwp%2Fv2%2Fproduct_cat&post=4761"},{"taxonomy":"product_tag","embeddable":true,"href":"https:\/\/www.croatiabooks.com.au\/index.php?rest_route=%2Fwp%2Fv2%2Fproduct_tag&post=4761"}],"curies":[{"name":"wp","href":"https:\/\/api.w.org\/{rel}","templated":true}]}}