{"id":4765,"date":"2024-06-29T04:42:20","date_gmt":"2024-06-29T04:42:20","guid":{"rendered":"https:\/\/www.croatiabooks.com.au\/?post_type=product&#038;p=4765"},"modified":"2024-06-29T04:46:07","modified_gmt":"2024-06-29T04:46:07","slug":"u-lovu-na-cassandru","status":"publish","type":"product","link":"https:\/\/www.croatiabooks.com.au\/?product=u-lovu-na-cassandru","title":{"rendered":"U lovu na Cassandru"},"content":{"rendered":"<div class=\"ygGdYd related-question-pair\" data-ved=\"2ahUKEwjew-SJkO7vAhWfzzgGHTNkBeUQq7kBKAF6BAgREAY\">\n<div id=\"_zLBuYN6tEZ-f4-EPs8iVqA432\" class=\"mWyH1d UgLoB\" tabindex=\"0\" role=\"button\" aria-controls=\"_zLBuYN6tEZ-f4-EPs8iVqA431\" aria-expanded=\"false\">\n<div class=\"cbphWd\" data-kt=\"Ki7x2vyts7O990mSiqOupr7Ogx39qoLkm86Rliu_wY6G4_OghhyMrryK2Ja-htcB\" data-hveid=\"CBEQBw\" data-ved=\"2ahUKEwjew-SJkO7vAhWfzzgGHTNkBeUQuk4oAHoECBEQBw\">O knjizi:<\/div>\n<div data-kt=\"Ki7x2vyts7O990mSiqOupr7Ogx39qoLkm86Rliu_wY6G4_OghhyMrryK2Ja-htcB\" data-hveid=\"CBEQBw\" data-ved=\"2ahUKEwjew-SJkO7vAhWfzzgGHTNkBeUQuk4oAHoECBEQBw\">\n<p>U lovu na Cassandru \u0161esti je roman iz serije o obitelji Ravenel.<\/p>\n<p>SVE IMA SVOJU CIJENU\u2026<br \/>\n\u017deljezni\u010dki magnat Tom Severin dovoljno je bogat i mo\u0107an da udovolji svakoj svojoj \u017eelji istoga \u010dasa kada<br \/>\nse ona pojavi i \u010dim je ugledao lady Cassandru Ravenel odlu\u010dio je da je mora imati. Ali prekrasna i<br \/>\no\u0161troumna Cassandra jednako je odlu\u010dna u tome da se uda iz ljubavi \u2013 a to je jedina stvar koju joj on ne mo\u017ee dati.<\/p>\n<p>SVE OSIM NJE\u2026<br \/>\nKada novoste\u010deni neprijatelj gotovo uni\u0161ti Cassandrinu reputaciju, Severin koristi priliku koju je tako dugo \u010dekao. Kao i uvijek, dobit \u0107e ono \u0161to \u017eeli \u2013 ili? Postoji jo\u0161 jedna lekcija koju \u0107e Tom Severin tek nau\u010diti od svoje budu\u0107e mladenke:<\/p>\n<p>Nikada ne podcjenjuj nekoga od Ravenelovih.<\/p>\n<p>Lov na Cassandrinu ruku mo\u017eda je zavr\u0161io, ali lov na njezino srce tek je zapo\u010deo\u2026<\/p>\n<p><strong>O autorici romana U lovu na Cassandru:<\/strong><\/p>\n<p>LISA KLEYPAS jedna je od naj\u010ditanijih i najomiljenijih ameri\u010dkih autorica ljubavnih romana, \u010dije su brojne knjige postale veliki svjetski bestseleri. Na\u0161i su je \u010ditatelji mogli upoznati \u010ditaju\u0107i romane Slatkorje\u010divi neznanac, Sponzor, Vrag plavih o\u010diju, Djevojka sme\u0111ih o\u010diju, Jedne strasne zime, Dogodilo se jedne jeseni, Tajne ljetne no\u0107i, Proljetni skandal, Na bo\u017ei\u0107no jutro, Jedne no\u0107i u pono\u0107, Zavedi me u zoru, Isku\u0161aj me u sumrak, U braku do jutra, Hladnorkrvi zavodnik, Udaja za Winterbornea i \u0110avolja k\u0107i..<\/p>\n<\/div>\n<\/div>\n<\/div>\n","protected":false},"excerpt":{"rendered":"<p><strong>Author: Lisa Kleypas<\/strong><\/p>\n<p><strong>Broj stranica: <\/strong>372<\/p>\n<p><strong>Godina izdanja: <\/strong>2022.<\/p>\n<p><strong>ISBN: <\/strong>9789531431408<\/p>\n<p><strong>Strani naslov: <\/strong>Chasing Cassandra<\/p>\n<p><strong>Prevoditelj: <\/strong>Viktorija Novosel<\/p>\n<p><strong>Uvez: <\/strong>meki<\/p>\n<p><strong>Dimenzije: <\/strong>14 x 20 cm<\/p>\n<p><strong>Te\u017eina: <\/strong>370 g<\/p>\n<p><strong>Nakladnik:<\/strong>\u00a0Mozaik knjiga<\/p>\n","protected":false},"featured_media":4766,"template":"","meta":{"site-sidebar-layout":"default","site-content-layout":"default","ast-site-content-layout":"default","site-content-style":"default","site-sidebar-style":"default","ast-global-header-display":"","ast-banner-title-visibility":"","ast-main-header-display":"","ast-hfb-above-header-display":"","ast-hfb-below-header-display":"","ast-hfb-mobile-header-display":"","site-post-title":"","ast-breadcrumbs-content":"","ast-featured-img":"","footer-sml-layout":"","ast-disable-related-posts":"","theme-transparent-header-meta":"default","adv-header-id-meta":"","stick-header-meta":"","header-above-stick-meta":"","header-main-stick-meta":"","header-below-stick-meta":"","astra-migrate-meta-layouts":"set","ast-page-background-enabled":"default","ast-page-background-meta":{"desktop":{"background-color":"","background-image":"","background-repeat":"repeat","background-position":"center center","background-size":"auto","background-attachment":"scroll","background-type":"","background-media":"","overlay-type":"","overlay-color":"","overlay-opacity":"","overlay-gradient":""},"tablet":{"background-color":"","background-image":"","background-repeat":"repeat","background-position":"center center","background-size":"auto","background-attachment":"scroll","background-type":"","background-media":"","overlay-type":"","overlay-color":"","overlay-opacity":"","overlay-gradient":""},"mobile":{"background-color":"","background-image":"","background-repeat":"repeat","background-position":"center center","background-size":"auto","background-attachment":"scroll","background-type":"","background-media":"","overlay-type":"","overlay-color":"","overlay-opacity":"","overlay-gradient":""}},"ast-content-background-meta":{"desktop":{"background-color":"var(--ast-global-color-5)","background-image":"","background-repeat":"repeat","background-position":"center center","background-size":"auto","background-attachment":"scroll","background-type":"","background-media":"","overlay-type":"","overlay-color":"","overlay-opacity":"","overlay-gradient":""},"tablet":{"background-color":"var(--ast-global-color-5)","background-image":"","background-repeat":"repeat","background-position":"center center","background-size":"auto","background-attachment":"scroll","background-type":"","background-media":"","overlay-type":"","overlay-color":"","overlay-opacity":"","overlay-gradient":""},"mobile":{"background-color":"var(--ast-global-color-5)","background-image":"","background-repeat":"repeat","background-position":"center center","background-size":"auto","background-attachment":"scroll","background-type":"","background-media":"","overlay-type":"","overlay-color":"","overlay-opacity":"","overlay-gradient":""}}},"product_brand":[],"product_cat":[70,72],"product_tag":[132,147],"class_list":{"0":"post-4765","1":"product","2":"type-product","3":"status-publish","4":"has-post-thumbnail","6":"product_cat-fiction","7":"product_cat-paperbacks","8":"product_tag-novel","9":"product_tag-romance","10":"desktop-align-left","11":"tablet-align-left","12":"mobile-align-left","14":"first","15":"instock","16":"shipping-taxable","17":"purchasable","18":"product-type-simple"},"_links":{"self":[{"href":"https:\/\/www.croatiabooks.com.au\/index.php?rest_route=\/wp\/v2\/product\/4765","targetHints":{"allow":["GET"]}}],"collection":[{"href":"https:\/\/www.croatiabooks.com.au\/index.php?rest_route=\/wp\/v2\/product"}],"about":[{"href":"https:\/\/www.croatiabooks.com.au\/index.php?rest_route=\/wp\/v2\/types\/product"}],"version-history":[{"count":1,"href":"https:\/\/www.croatiabooks.com.au\/index.php?rest_route=\/wp\/v2\/product\/4765\/revisions"}],"predecessor-version":[{"id":4767,"href":"https:\/\/www.croatiabooks.com.au\/index.php?rest_route=\/wp\/v2\/product\/4765\/revisions\/4767"}],"wp:featuredmedia":[{"embeddable":true,"href":"https:\/\/www.croatiabooks.com.au\/index.php?rest_route=\/wp\/v2\/media\/4766"}],"wp:attachment":[{"href":"https:\/\/www.croatiabooks.com.au\/index.php?rest_route=%2Fwp%2Fv2%2Fmedia&parent=4765"}],"wp:term":[{"taxonomy":"product_brand","embeddable":true,"href":"https:\/\/www.croatiabooks.com.au\/index.php?rest_route=%2Fwp%2Fv2%2Fproduct_brand&post=4765"},{"taxonomy":"product_cat","embeddable":true,"href":"https:\/\/www.croatiabooks.com.au\/index.php?rest_route=%2Fwp%2Fv2%2Fproduct_cat&post=4765"},{"taxonomy":"product_tag","embeddable":true,"href":"https:\/\/www.croatiabooks.com.au\/index.php?rest_route=%2Fwp%2Fv2%2Fproduct_tag&post=4765"}],"curies":[{"name":"wp","href":"https:\/\/api.w.org\/{rel}","templated":true}]}}