{"id":4768,"date":"2024-06-29T04:46:37","date_gmt":"2024-06-29T04:46:37","guid":{"rendered":"https:\/\/www.croatiabooks.com.au\/?post_type=product&#038;p=4768"},"modified":"2024-11-29T01:28:53","modified_gmt":"2024-11-29T01:28:53","slug":"voljeni-neprijatelj-dzepno-izdanje","status":"publish","type":"product","link":"https:\/\/www.croatiabooks.com.au\/?product=voljeni-neprijatelj-dzepno-izdanje","title":{"rendered":"Voljeni neprijatelj \u2013 d\u017eepno izdanje"},"content":{"rendered":"<div class=\"ygGdYd related-question-pair\" data-ved=\"2ahUKEwjew-SJkO7vAhWfzzgGHTNkBeUQq7kBKAF6BAgREAY\">\n<div id=\"_zLBuYN6tEZ-f4-EPs8iVqA432\" class=\"mWyH1d UgLoB\" tabindex=\"0\" role=\"button\" aria-controls=\"_zLBuYN6tEZ-f4-EPs8iVqA431\" aria-expanded=\"false\">\n<div class=\"cbphWd\" data-kt=\"Ki7x2vyts7O990mSiqOupr7Ogx39qoLkm86Rliu_wY6G4_OghhyMrryK2Ja-htcB\" data-hveid=\"CBEQBw\" data-ved=\"2ahUKEwjew-SJkO7vAhWfzzgGHTNkBeUQuk4oAHoECBEQBw\">O knjizi:<\/div>\n<div data-kt=\"Ki7x2vyts7O990mSiqOupr7Ogx39qoLkm86Rliu_wY6G4_OghhyMrryK2Ja-htcB\" data-hveid=\"CBEQBw\" data-ved=\"2ahUKEwjew-SJkO7vAhWfzzgGHTNkBeUQuk4oAHoECBEQBw\">\n<p>Voljeni neprijatelj \u2013 d\u017eepno izdanje novi je hit autorice Johanne Lindsey.<\/p>\n<p>Ma koliko bila ponosna i tvrdoglava, Sheena, najljep\u0161a k\u0107i Dugalda Fergussona, svjesna je da \u0107e morati poslu\u0161ati oca i udati se za groznog Jamesa MacKinniona. Bio je to jedini na\u010din za okon\u010danje dugogodi\u0161nje zavade izme\u0111u njihovih klanova. No ako i jest tako, ne\u0107e mu se nikada potpuno predati i pokloniti mu svoje srce.<\/p>\n<p>Iz dna du\u0161e ga je prezirala. Smatrala je da u Viso\u010dju ne postoji gori \u010dovjek od njega. Unato\u010d tomu nije mu mogla odoljeti. Kako je mogu\u0107e da je taj zlotvor ipak privla\u010di? Kako je mogu\u0107e da je toliko slaba na njega i njegove poljupce i milovanja? Zarobio je i nju i njezino srce. Vlastito srce ju je izdalo i zahtijevalo od nje najve\u0107u predaju. Ho\u0107e li se usuditi pogaziti ponos i priznati sebi i njemu da ga voli?<\/p>\n<p>\u201cJohanna Lindsey stvara bajke koje se ostvaruju.\u201d \u2013 \u201cRomanti\u010dna vremena\u201d<\/p>\n<p>O autorici romana Voljeni neprijatelj:<\/p>\n<p><span lang=\"hr\">Johanna Lindsey jedna je od najuspje\u0161nijih svjetskih autorica povijesnih romana. Svaki njezin prethodni roman postao je svjetski hit, a neki su osvojili i prvo mjesto na listi bestselera New York Timesa.\u00a0<\/span><\/p>\n<p>Roman je prevela Silvija \u010coli\u0107.<\/p>\n<\/div>\n<\/div>\n<\/div>\n","protected":false},"excerpt":{"rendered":"<p><strong>Author: Johanna Lindsey<\/strong><\/p>\n<p><strong>Broj stranica: <\/strong>366<\/p>\n<p><strong>Godina izdanja: <\/strong>2022.<\/p>\n<p><strong>ISBN: <\/strong>9789531432191<\/p>\n<p><strong>Strani naslov: <\/strong>A Gentle Felding<\/p>\n<p><strong>Prevoditelj: <\/strong>Silvija \u010coli\u0107<\/p>\n<p><strong>Uvez: <\/strong>meki<\/p>\n<p><strong>Dimenzije: <\/strong>12.5 x 19 cm<\/p>\n<p><strong>Te\u017eina: <\/strong>230 g<\/p>\n<p><strong>Nakladnik:<\/strong>\u00a0Mozaik knjiga<\/p>\n","protected":false},"featured_media":4769,"template":"","meta":{"site-sidebar-layout":"default","site-content-layout":"default","ast-site-content-layout":"default","site-content-style":"default","site-sidebar-style":"default","ast-global-header-display":"","ast-banner-title-visibility":"","ast-main-header-display":"","ast-hfb-above-header-display":"","ast-hfb-below-header-display":"","ast-hfb-mobile-header-display":"","site-post-title":"","ast-breadcrumbs-content":"","ast-featured-img":"","footer-sml-layout":"","ast-disable-related-posts":"","theme-transparent-header-meta":"default","adv-header-id-meta":"","stick-header-meta":"","header-above-stick-meta":"","header-main-stick-meta":"","header-below-stick-meta":"","astra-migrate-meta-layouts":"set","ast-page-background-enabled":"default","ast-page-background-meta":{"desktop":{"background-color":"","background-image":"","background-repeat":"repeat","background-position":"center center","background-size":"auto","background-attachment":"scroll","background-type":"","background-media":"","overlay-type":"","overlay-color":"","overlay-opacity":"","overlay-gradient":""},"tablet":{"background-color":"","background-image":"","background-repeat":"repeat","background-position":"center center","background-size":"auto","background-attachment":"scroll","background-type":"","background-media":"","overlay-type":"","overlay-color":"","overlay-opacity":"","overlay-gradient":""},"mobile":{"background-color":"","background-image":"","background-repeat":"repeat","background-position":"center center","background-size":"auto","background-attachment":"scroll","background-type":"","background-media":"","overlay-type":"","overlay-color":"","overlay-opacity":"","overlay-gradient":""}},"ast-content-background-meta":{"desktop":{"background-color":"var(--ast-global-color-5)","background-image":"","background-repeat":"repeat","background-position":"center center","background-size":"auto","background-attachment":"scroll","background-type":"","background-media":"","overlay-type":"","overlay-color":"","overlay-opacity":"","overlay-gradient":""},"tablet":{"background-color":"var(--ast-global-color-5)","background-image":"","background-repeat":"repeat","background-position":"center center","background-size":"auto","background-attachment":"scroll","background-type":"","background-media":"","overlay-type":"","overlay-color":"","overlay-opacity":"","overlay-gradient":""},"mobile":{"background-color":"var(--ast-global-color-5)","background-image":"","background-repeat":"repeat","background-position":"center center","background-size":"auto","background-attachment":"scroll","background-type":"","background-media":"","overlay-type":"","overlay-color":"","overlay-opacity":"","overlay-gradient":""}}},"product_brand":[],"product_cat":[70,72],"product_tag":[132,147],"class_list":{"0":"post-4768","1":"product","2":"type-product","3":"status-publish","4":"has-post-thumbnail","6":"product_cat-fiction","7":"product_cat-paperbacks","8":"product_tag-novel","9":"product_tag-romance","10":"desktop-align-left","11":"tablet-align-left","12":"mobile-align-left","14":"first","15":"outofstock","16":"shipping-taxable","17":"purchasable","18":"product-type-simple"},"_links":{"self":[{"href":"https:\/\/www.croatiabooks.com.au\/index.php?rest_route=\/wp\/v2\/product\/4768","targetHints":{"allow":["GET"]}}],"collection":[{"href":"https:\/\/www.croatiabooks.com.au\/index.php?rest_route=\/wp\/v2\/product"}],"about":[{"href":"https:\/\/www.croatiabooks.com.au\/index.php?rest_route=\/wp\/v2\/types\/product"}],"version-history":[{"count":1,"href":"https:\/\/www.croatiabooks.com.au\/index.php?rest_route=\/wp\/v2\/product\/4768\/revisions"}],"predecessor-version":[{"id":4770,"href":"https:\/\/www.croatiabooks.com.au\/index.php?rest_route=\/wp\/v2\/product\/4768\/revisions\/4770"}],"wp:featuredmedia":[{"embeddable":true,"href":"https:\/\/www.croatiabooks.com.au\/index.php?rest_route=\/wp\/v2\/media\/4769"}],"wp:attachment":[{"href":"https:\/\/www.croatiabooks.com.au\/index.php?rest_route=%2Fwp%2Fv2%2Fmedia&parent=4768"}],"wp:term":[{"taxonomy":"product_brand","embeddable":true,"href":"https:\/\/www.croatiabooks.com.au\/index.php?rest_route=%2Fwp%2Fv2%2Fproduct_brand&post=4768"},{"taxonomy":"product_cat","embeddable":true,"href":"https:\/\/www.croatiabooks.com.au\/index.php?rest_route=%2Fwp%2Fv2%2Fproduct_cat&post=4768"},{"taxonomy":"product_tag","embeddable":true,"href":"https:\/\/www.croatiabooks.com.au\/index.php?rest_route=%2Fwp%2Fv2%2Fproduct_tag&post=4768"}],"curies":[{"name":"wp","href":"https:\/\/api.w.org\/{rel}","templated":true}]}}