{"id":4774,"date":"2024-06-29T04:56:55","date_gmt":"2024-06-29T04:56:55","guid":{"rendered":"https:\/\/www.croatiabooks.com.au\/?post_type=product&#038;p=4774"},"modified":"2024-06-29T05:00:41","modified_gmt":"2024-06-29T05:00:41","slug":"zbroj-nasih-poljubaca","status":"publish","type":"product","link":"https:\/\/www.croatiabooks.com.au\/?product=zbroj-nasih-poljubaca","title":{"rendered":"Zbroj na\u0161ih poljubaca"},"content":{"rendered":"<div class=\"ygGdYd related-question-pair\" data-ved=\"2ahUKEwjew-SJkO7vAhWfzzgGHTNkBeUQq7kBKAF6BAgREAY\">\n<div id=\"_zLBuYN6tEZ-f4-EPs8iVqA432\" class=\"mWyH1d UgLoB\" tabindex=\"0\" role=\"button\" aria-controls=\"_zLBuYN6tEZ-f4-EPs8iVqA431\" aria-expanded=\"false\">\n<div class=\"cbphWd\" data-kt=\"Ki7x2vyts7O990mSiqOupr7Ogx39qoLkm86Rliu_wY6G4_OghhyMrryK2Ja-htcB\" data-hveid=\"CBEQBw\" data-ved=\"2ahUKEwjew-SJkO7vAhWfzzgGHTNkBeUQuk4oAHoECBEQBw\">O knjizi:<\/div>\n<div data-kt=\"Ki7x2vyts7O990mSiqOupr7Ogx39qoLkm86Rliu_wY6G4_OghhyMrryK2Ja-htcB\" data-hveid=\"CBEQBw\" data-ved=\"2ahUKEwjew-SJkO7vAhWfzzgGHTNkBeUQuk4oAHoECBEQBw\">\n<p>On za nju misli da je naporna pametnjakovi\u0107ka\u2026<\/p>\n<p>Hugh Prentice nikada nije imao strpljenja za \u017eene koje suvi\u0161e dramatiziraju, a ako lady Sarah Pleinsworth i jest \u010dula za rije\u010di poput stidljiva i suzdr\u017eana, odavno ih je zaboravila. K tome, sulud dvoboj upropastio je ovome briljantnom matemati\u010daru nogu, i on se nikada ne bi mogao ni udvarati \u017eeni poput Sare, a kamoli sanjati o tome da se njome o\u017eeni.<\/p>\n<p>Ona za njega misli da je potpuni lu\u0111ak\u2026<\/p>\n<p>Sarah nikada nije oprostila Hughu zbog dvoboja koji je on izazvao i koji je umalo uni\u0161tio njezinu obitelj. \u010cak i kad bi prona\u0161la na\u010din da mu oprosti, to ne bi bilo va\u017eno. Ne smeta joj \u010dak ni to \u0161to ima o\u0161te\u0107enu nogu, jer je najvi\u0161e \u017eivcira upravo njegova osobnost. Me\u0111utim, po\u0161to su prisiljeni provesti \u010ditav tjedan jedno s drugim, po\u010dinju otkrivati da prvi dojmovi nisu uvijek pouzdani. I kada jedan poljubac dovede do drugog, pa tre\u0107eg, pa \u010detvrtog, matemati\u010dar \u0107e se malko pogubiti u brojenju, a dama \u0107e, prvi put u svome \u017eivotu, ostati bez rije\u010di.<\/p>\n<h4>O autorici romana Zbroj na\u0161ih poljubaca:<\/h4>\n<p>Julia Quinn po\u010dela je pisati po zavr\u0161etku fakulteta i otada ne prestaje. Autorica je nagra\u0111ivanih povijesnih ljubavnih romana, uklju\u010duju\u0107i seriju romana o obitelji Bridgerton \u2012 uspje\u0161nicu New York Timesa i jednu od najgledanijih ekranizacija u povijesti Netflixa. Na hrvatski su joj do sada prevedeni romani Deset stvari koje volim kod tebe, Tajni dnevnici gospo\u0111ice Mirande Cheever, \u0160to se to zbiva u Londonu?, Vojvoda i ja, Vikont koji me volio, D\u017eentlmenska ponuda, Siru Phillipu s ljubavlju, Gospodin Bridgerton, Kad je bio gre\u0161an, Tajna njegova poljupca, Na putu do vjen\u010danja, \u017divjeli su dugo i sretno te romani Zbog gospo\u0111ice Bridgerton i Mala la\u017e. Diplomirala je na Harvardu i Radcliffeu i sada \u017eivi s obitelji u dr\u017eavi Colorado.<\/p>\n<\/div>\n<\/div>\n<\/div>\n","protected":false},"excerpt":{"rendered":"<p><strong>Author: Julia Quinn<\/strong><\/p>\n<p><strong>Broj stranica: <\/strong>348<\/p>\n<p><strong>Godina izdanja: <\/strong>2023.<\/p>\n<p><strong>ISBN: <\/strong>9789531434812<\/p>\n<p><strong>Strani naslov: <\/strong>The Sum of All Kisses<\/p>\n<p><strong>Prevoditelj: <\/strong>Lidija Toman<\/p>\n<p><strong>Uvez: <\/strong>meki<\/p>\n<p><strong>Dimenzije: <\/strong>14 x 20 cm<\/p>\n<p><strong>Te\u017eina: <\/strong>380 g<\/p>\n","protected":false},"featured_media":4775,"template":"","meta":{"site-sidebar-layout":"default","site-content-layout":"default","ast-site-content-layout":"default","site-content-style":"default","site-sidebar-style":"default","ast-global-header-display":"","ast-banner-title-visibility":"","ast-main-header-display":"","ast-hfb-above-header-display":"","ast-hfb-below-header-display":"","ast-hfb-mobile-header-display":"","site-post-title":"","ast-breadcrumbs-content":"","ast-featured-img":"","footer-sml-layout":"","ast-disable-related-posts":"","theme-transparent-header-meta":"default","adv-header-id-meta":"","stick-header-meta":"","header-above-stick-meta":"","header-main-stick-meta":"","header-below-stick-meta":"","astra-migrate-meta-layouts":"set","ast-page-background-enabled":"default","ast-page-background-meta":{"desktop":{"background-color":"","background-image":"","background-repeat":"repeat","background-position":"center center","background-size":"auto","background-attachment":"scroll","background-type":"","background-media":"","overlay-type":"","overlay-color":"","overlay-opacity":"","overlay-gradient":""},"tablet":{"background-color":"","background-image":"","background-repeat":"repeat","background-position":"center center","background-size":"auto","background-attachment":"scroll","background-type":"","background-media":"","overlay-type":"","overlay-color":"","overlay-opacity":"","overlay-gradient":""},"mobile":{"background-color":"","background-image":"","background-repeat":"repeat","background-position":"center center","background-size":"auto","background-attachment":"scroll","background-type":"","background-media":"","overlay-type":"","overlay-color":"","overlay-opacity":"","overlay-gradient":""}},"ast-content-background-meta":{"desktop":{"background-color":"var(--ast-global-color-5)","background-image":"","background-repeat":"repeat","background-position":"center center","background-size":"auto","background-attachment":"scroll","background-type":"","background-media":"","overlay-type":"","overlay-color":"","overlay-opacity":"","overlay-gradient":""},"tablet":{"background-color":"var(--ast-global-color-5)","background-image":"","background-repeat":"repeat","background-position":"center center","background-size":"auto","background-attachment":"scroll","background-type":"","background-media":"","overlay-type":"","overlay-color":"","overlay-opacity":"","overlay-gradient":""},"mobile":{"background-color":"var(--ast-global-color-5)","background-image":"","background-repeat":"repeat","background-position":"center center","background-size":"auto","background-attachment":"scroll","background-type":"","background-media":"","overlay-type":"","overlay-color":"","overlay-opacity":"","overlay-gradient":""}}},"product_brand":[],"product_cat":[70,72],"product_tag":[132,147],"class_list":{"0":"post-4774","1":"product","2":"type-product","3":"status-publish","4":"has-post-thumbnail","6":"product_cat-fiction","7":"product_cat-paperbacks","8":"product_tag-novel","9":"product_tag-romance","10":"desktop-align-left","11":"tablet-align-left","12":"mobile-align-left","14":"first","15":"instock","16":"shipping-taxable","17":"purchasable","18":"product-type-simple"},"_links":{"self":[{"href":"https:\/\/www.croatiabooks.com.au\/index.php?rest_route=\/wp\/v2\/product\/4774","targetHints":{"allow":["GET"]}}],"collection":[{"href":"https:\/\/www.croatiabooks.com.au\/index.php?rest_route=\/wp\/v2\/product"}],"about":[{"href":"https:\/\/www.croatiabooks.com.au\/index.php?rest_route=\/wp\/v2\/types\/product"}],"version-history":[{"count":1,"href":"https:\/\/www.croatiabooks.com.au\/index.php?rest_route=\/wp\/v2\/product\/4774\/revisions"}],"predecessor-version":[{"id":4776,"href":"https:\/\/www.croatiabooks.com.au\/index.php?rest_route=\/wp\/v2\/product\/4774\/revisions\/4776"}],"wp:featuredmedia":[{"embeddable":true,"href":"https:\/\/www.croatiabooks.com.au\/index.php?rest_route=\/wp\/v2\/media\/4775"}],"wp:attachment":[{"href":"https:\/\/www.croatiabooks.com.au\/index.php?rest_route=%2Fwp%2Fv2%2Fmedia&parent=4774"}],"wp:term":[{"taxonomy":"product_brand","embeddable":true,"href":"https:\/\/www.croatiabooks.com.au\/index.php?rest_route=%2Fwp%2Fv2%2Fproduct_brand&post=4774"},{"taxonomy":"product_cat","embeddable":true,"href":"https:\/\/www.croatiabooks.com.au\/index.php?rest_route=%2Fwp%2Fv2%2Fproduct_cat&post=4774"},{"taxonomy":"product_tag","embeddable":true,"href":"https:\/\/www.croatiabooks.com.au\/index.php?rest_route=%2Fwp%2Fv2%2Fproduct_tag&post=4774"}],"curies":[{"name":"wp","href":"https:\/\/api.w.org\/{rel}","templated":true}]}}