{"id":4777,"date":"2024-06-29T05:01:19","date_gmt":"2024-06-29T05:01:19","guid":{"rendered":"https:\/\/www.croatiabooks.com.au\/?post_type=product&#038;p=4777"},"modified":"2024-06-29T05:05:38","modified_gmt":"2024-06-29T05:05:38","slug":"tajanstveni-vikont","status":"publish","type":"product","link":"https:\/\/www.croatiabooks.com.au\/?product=tajanstveni-vikont","title":{"rendered":"Tajanstveni vikont"},"content":{"rendered":"<div class=\"ygGdYd related-question-pair\" data-ved=\"2ahUKEwjew-SJkO7vAhWfzzgGHTNkBeUQq7kBKAF6BAgREAY\">\n<div id=\"_zLBuYN6tEZ-f4-EPs8iVqA432\" class=\"mWyH1d UgLoB\" tabindex=\"0\" role=\"button\" aria-controls=\"_zLBuYN6tEZ-f4-EPs8iVqA431\" aria-expanded=\"false\">\n<div class=\"cbphWd\" data-kt=\"Ki7x2vyts7O990mSiqOupr7Ogx39qoLkm86Rliu_wY6G4_OghhyMrryK2Ja-htcB\" data-hveid=\"CBEQBw\" data-ved=\"2ahUKEwjew-SJkO7vAhWfzzgGHTNkBeUQuk4oAHoECBEQBw\">O knjizi:<\/div>\n<div data-kt=\"Ki7x2vyts7O990mSiqOupr7Ogx39qoLkm86Rliu_wY6G4_OghhyMrryK2Ja-htcB\" data-hveid=\"CBEQBw\" data-ved=\"2ahUKEwjew-SJkO7vAhWfzzgGHTNkBeUQuk4oAHoECBEQBw\">\n<p>Tajanstveni vikont \u010detvrta je knjiga iz serijala \u201cLJUBAVNE RIME\u201d.<\/p>\n<p><em>Ona nema nikakvu namjeru zaljubiti se\u2026<\/em><\/p>\n<p>Odmah po dolasku u Mayfair Louisa Tempest van je sebe zbog pona\u0161anja svog nepopravljivog ma\u010dka: Hanibal je izletio iz ko\u010dije i uletio ravno u susjedovu ku\u0107u, zbog \u010dega je bila primorana susresti se licem u lice s povu\u010denim vikontom Wakefieldom. Od Wakefieldove grube naravi gori je bio jedino nered koji je zatekla u njegovu domu. Uvjerena da \u0107e se njegovo dr\u017eanje popraviti ako samo ku\u0107anstvo bude urednije, Louisa odlu\u010duje sve namjestiti kako spada.<\/p>\n<p><em>\u2026 dok ne upozna tajanstvenog vikonta.<\/em><\/p>\n<p>Poput kakvog napornog prokletstva, Wakefield polako shva\u0107a da je jednostavno nemogu\u0107e rije\u0161iti se Louise i zaustaviti tu invaziju na njegov dom i njegovu privatnost. Svakodnevno \u201enamje\u0161tanje\u201c ku\u0107e ostavlja ga potpuno slu\u0111enim\u2026 ponajvi\u0161e \u017earkom po\u017eudom koju je probudila u njemu. Jo\u0161 od povratka iz rata, gdje je bio ranjen, Wakefield prezire bilo kakav doticaj s dru\u0161tvom\u2026 sve dok Louisa ne otvori vrata njegova doma i njegova srca i ne uvjeri ga da ljubavi pru\u017ei drugu priliku.<\/p>\n<h4>O autorici romana Tajanstveni vikont:<\/h4>\n<p>Elizabeth Boyle oduvijek je voljela ljubavne pri\u010de, a sada ih svaki dan pro\u017eivljava pi\u0161u\u0107i pustolovne i strastvene romane koje ljudi iz cijeloga svijeta opisuju kao \u201eone koji se ne pu\u0161taju iz ruku\u201c. Od prvog objavljenog romana 1996. godine njezina su djela postala uspje\u0161nice \u010dasopisa New York Times i USA Today te su osvojila nagrade RWA Rita Awards i Romanitic Times prema izboru kriti\u010dara. \u017divi u Seattleu s mu\u017eem i dvojicom sinova ili \u201euvje\u017ebanim glavnim likovima\u201c, kako voli re\u0107i.<\/p>\n<\/div>\n<\/div>\n<\/div>\n","protected":false},"excerpt":{"rendered":"<p><strong>Author: Elizabeth Boyle<\/strong><\/p>\n<p><strong>Broj stranica: <\/strong>328<\/p>\n<p><strong>Godina izdanja: <\/strong>2021.<\/p>\n<p><strong>ISBN: <\/strong>9789531430630<\/p>\n<p><strong>Strani naslov: <\/strong>The Viscount Who Lived Down the Lane<\/p>\n<p><strong>Prevoditelj: <\/strong>Andrea Maksimovi\u0107<\/p>\n<p><strong>Uvez: <\/strong>meki<\/p>\n<p><strong>Dimenzije: <\/strong>14 x 20 cm<\/p>\n<p><strong>Te\u017eina: <\/strong>360 g<\/p>\n<p><strong>Nakladnik:<\/strong>\u00a0Mozaik knjiga<\/p>\n","protected":false},"featured_media":4778,"template":"","meta":{"site-sidebar-layout":"default","site-content-layout":"default","ast-site-content-layout":"default","site-content-style":"default","site-sidebar-style":"default","ast-global-header-display":"","ast-banner-title-visibility":"","ast-main-header-display":"","ast-hfb-above-header-display":"","ast-hfb-below-header-display":"","ast-hfb-mobile-header-display":"","site-post-title":"","ast-breadcrumbs-content":"","ast-featured-img":"","footer-sml-layout":"","ast-disable-related-posts":"","theme-transparent-header-meta":"default","adv-header-id-meta":"","stick-header-meta":"","header-above-stick-meta":"","header-main-stick-meta":"","header-below-stick-meta":"","astra-migrate-meta-layouts":"set","ast-page-background-enabled":"default","ast-page-background-meta":{"desktop":{"background-color":"","background-image":"","background-repeat":"repeat","background-position":"center center","background-size":"auto","background-attachment":"scroll","background-type":"","background-media":"","overlay-type":"","overlay-color":"","overlay-opacity":"","overlay-gradient":""},"tablet":{"background-color":"","background-image":"","background-repeat":"repeat","background-position":"center center","background-size":"auto","background-attachment":"scroll","background-type":"","background-media":"","overlay-type":"","overlay-color":"","overlay-opacity":"","overlay-gradient":""},"mobile":{"background-color":"","background-image":"","background-repeat":"repeat","background-position":"center center","background-size":"auto","background-attachment":"scroll","background-type":"","background-media":"","overlay-type":"","overlay-color":"","overlay-opacity":"","overlay-gradient":""}},"ast-content-background-meta":{"desktop":{"background-color":"var(--ast-global-color-5)","background-image":"","background-repeat":"repeat","background-position":"center center","background-size":"auto","background-attachment":"scroll","background-type":"","background-media":"","overlay-type":"","overlay-color":"","overlay-opacity":"","overlay-gradient":""},"tablet":{"background-color":"var(--ast-global-color-5)","background-image":"","background-repeat":"repeat","background-position":"center center","background-size":"auto","background-attachment":"scroll","background-type":"","background-media":"","overlay-type":"","overlay-color":"","overlay-opacity":"","overlay-gradient":""},"mobile":{"background-color":"var(--ast-global-color-5)","background-image":"","background-repeat":"repeat","background-position":"center center","background-size":"auto","background-attachment":"scroll","background-type":"","background-media":"","overlay-type":"","overlay-color":"","overlay-opacity":"","overlay-gradient":""}}},"product_brand":[],"product_cat":[70,72],"product_tag":[132,147],"class_list":{"0":"post-4777","1":"product","2":"type-product","3":"status-publish","4":"has-post-thumbnail","6":"product_cat-fiction","7":"product_cat-paperbacks","8":"product_tag-novel","9":"product_tag-romance","10":"desktop-align-left","11":"tablet-align-left","12":"mobile-align-left","14":"first","15":"instock","16":"shipping-taxable","17":"purchasable","18":"product-type-simple"},"_links":{"self":[{"href":"https:\/\/www.croatiabooks.com.au\/index.php?rest_route=\/wp\/v2\/product\/4777","targetHints":{"allow":["GET"]}}],"collection":[{"href":"https:\/\/www.croatiabooks.com.au\/index.php?rest_route=\/wp\/v2\/product"}],"about":[{"href":"https:\/\/www.croatiabooks.com.au\/index.php?rest_route=\/wp\/v2\/types\/product"}],"version-history":[{"count":1,"href":"https:\/\/www.croatiabooks.com.au\/index.php?rest_route=\/wp\/v2\/product\/4777\/revisions"}],"predecessor-version":[{"id":4779,"href":"https:\/\/www.croatiabooks.com.au\/index.php?rest_route=\/wp\/v2\/product\/4777\/revisions\/4779"}],"wp:featuredmedia":[{"embeddable":true,"href":"https:\/\/www.croatiabooks.com.au\/index.php?rest_route=\/wp\/v2\/media\/4778"}],"wp:attachment":[{"href":"https:\/\/www.croatiabooks.com.au\/index.php?rest_route=%2Fwp%2Fv2%2Fmedia&parent=4777"}],"wp:term":[{"taxonomy":"product_brand","embeddable":true,"href":"https:\/\/www.croatiabooks.com.au\/index.php?rest_route=%2Fwp%2Fv2%2Fproduct_brand&post=4777"},{"taxonomy":"product_cat","embeddable":true,"href":"https:\/\/www.croatiabooks.com.au\/index.php?rest_route=%2Fwp%2Fv2%2Fproduct_cat&post=4777"},{"taxonomy":"product_tag","embeddable":true,"href":"https:\/\/www.croatiabooks.com.au\/index.php?rest_route=%2Fwp%2Fv2%2Fproduct_tag&post=4777"}],"curies":[{"name":"wp","href":"https:\/\/api.w.org\/{rel}","templated":true}]}}