{"id":4780,"date":"2024-06-29T05:06:05","date_gmt":"2024-06-29T05:06:05","guid":{"rendered":"https:\/\/www.croatiabooks.com.au\/?post_type=product&#038;p=4780"},"modified":"2024-06-29T05:10:07","modified_gmt":"2024-06-29T05:10:07","slug":"profesionalac","status":"publish","type":"product","link":"https:\/\/www.croatiabooks.com.au\/?product=profesionalac","title":{"rendered":"Profesionalac"},"content":{"rendered":"<div class=\"ygGdYd related-question-pair\" data-ved=\"2ahUKEwjew-SJkO7vAhWfzzgGHTNkBeUQq7kBKAF6BAgREAY\">\n<div id=\"_zLBuYN6tEZ-f4-EPs8iVqA432\" class=\"mWyH1d UgLoB\" tabindex=\"0\" role=\"button\" aria-controls=\"_zLBuYN6tEZ-f4-EPs8iVqA431\" aria-expanded=\"false\">\n<div class=\"cbphWd\" data-kt=\"Ki7x2vyts7O990mSiqOupr7Ogx39qoLkm86Rliu_wY6G4_OghhyMrryK2Ja-htcB\" data-hveid=\"CBEQBw\" data-ved=\"2ahUKEwjew-SJkO7vAhWfzzgGHTNkBeUQuk4oAHoECBEQBw\">O knjizi:<\/div>\n<div data-kt=\"Ki7x2vyts7O990mSiqOupr7Ogx39qoLkm86Rliu_wY6G4_OghhyMrryK2Ja-htcB\" data-hveid=\"CBEQBw\" data-ved=\"2ahUKEwjew-SJkO7vAhWfzzgGHTNkBeUQuk4oAHoECBEQBw\">\n<p>Kresley Cole, autorica uspje\u0161nica\u00a0<em>New York Timesa<\/em>, zapalit \u0107e svijet erotskih romana ovim vru\u0107im debijem iz dugoo\u010dekivane serije\u00a0<em>Pravila igre<\/em>!<\/p>\n<p>Aleksandr Sevastijan apsolutno je odan svome poslodavcu, mafija\u0161kom \u0161efu, sve dok ne dobije zapovijed da za\u0161titi njegovu davno izgubljenu k\u0107er, bujnu i zamamnu crvenokosu djevojku koja mu ne izlazi iz glave i poput vatre te\u010de njegovim venama.<\/p>\n<p>Postdiplomantica Natalie Porter tek se oporavila od prvoga susreta s tajnovitim, zavodljivim Sibircem kad je on otme i odvede u Rusiju, u kojoj ona otkriva svijet neslu\u0107enog bogatstva i razuzdanih u\u017eitaka.<\/p>\n<p>Ne bi li je spasio od neprijatelja, Aleksandr sakrije Natalie. Od rasko\u0161ne pala\u010de u Rusiji do dekadentnih zabavi\u0161ta ultrabogatih Pari\u017eana, ljubavnici ispituju vlastite granice kako bi otkrili mogu li se njihove najmra\u010dnije \u2013 i najnedopu\u0161tenije \u2013 ma\u0161tarije doista ostvariti. U ovoj igri on odre\u0111uje pravila \u2026<\/p>\n<h4>O autorici romana Profesionalac:<\/h4>\n<p><strong>Kresley Cole<\/strong>\u00a0jedna je od najpopularnijih suvremenih autorica ljubavnih romana. Njezina hit trilogija\u00a0<em>Ako se usudite<\/em>,\u00a0<em>Ako prevarite<\/em>\u00a0i\u00a0<em>Ako po\u017eelite<\/em>\u00a0zarobila je srca brojnih \u010ditateljica, kao i roman\u00a0<em>Kapetan svih u\u017eitaka<\/em>; svi naslovi u izdanju\u00a0<em>Mozaika knjiga<\/em>.<\/p>\n<p>Knjigu je s engleskog jezika prevela\u00a0<strong>Ira Martinovi\u0107<\/strong>.<\/p>\n<\/div>\n<\/div>\n<\/div>\n","protected":false},"excerpt":{"rendered":"<p><strong>Author: Kresley Cole<\/strong><\/p>\n<p><strong>Broj stranica: <\/strong>392<\/p>\n<p><strong>Godina izdanja: <\/strong>2021.<\/p>\n<p><strong>ISBN: <\/strong>9789531429320<\/p>\n<p><strong>Strani naslov: <\/strong>The Professional<\/p>\n<p><strong>Uvez: <\/strong>meki<\/p>\n<p><strong>Dimenzije: <\/strong>14 x 20 cm<\/p>\n<p><strong>Te\u017eina: <\/strong>400 g<\/p>\n<p><strong>Nakladnik:<\/strong>\u00a0Mozaik knjiga<\/p>\n","protected":false},"featured_media":4781,"template":"","meta":{"site-sidebar-layout":"default","site-content-layout":"default","ast-site-content-layout":"default","site-content-style":"default","site-sidebar-style":"default","ast-global-header-display":"","ast-banner-title-visibility":"","ast-main-header-display":"","ast-hfb-above-header-display":"","ast-hfb-below-header-display":"","ast-hfb-mobile-header-display":"","site-post-title":"","ast-breadcrumbs-content":"","ast-featured-img":"","footer-sml-layout":"","ast-disable-related-posts":"","theme-transparent-header-meta":"default","adv-header-id-meta":"","stick-header-meta":"","header-above-stick-meta":"","header-main-stick-meta":"","header-below-stick-meta":"","astra-migrate-meta-layouts":"set","ast-page-background-enabled":"default","ast-page-background-meta":{"desktop":{"background-color":"","background-image":"","background-repeat":"repeat","background-position":"center center","background-size":"auto","background-attachment":"scroll","background-type":"","background-media":"","overlay-type":"","overlay-color":"","overlay-opacity":"","overlay-gradient":""},"tablet":{"background-color":"","background-image":"","background-repeat":"repeat","background-position":"center center","background-size":"auto","background-attachment":"scroll","background-type":"","background-media":"","overlay-type":"","overlay-color":"","overlay-opacity":"","overlay-gradient":""},"mobile":{"background-color":"","background-image":"","background-repeat":"repeat","background-position":"center center","background-size":"auto","background-attachment":"scroll","background-type":"","background-media":"","overlay-type":"","overlay-color":"","overlay-opacity":"","overlay-gradient":""}},"ast-content-background-meta":{"desktop":{"background-color":"var(--ast-global-color-5)","background-image":"","background-repeat":"repeat","background-position":"center center","background-size":"auto","background-attachment":"scroll","background-type":"","background-media":"","overlay-type":"","overlay-color":"","overlay-opacity":"","overlay-gradient":""},"tablet":{"background-color":"var(--ast-global-color-5)","background-image":"","background-repeat":"repeat","background-position":"center center","background-size":"auto","background-attachment":"scroll","background-type":"","background-media":"","overlay-type":"","overlay-color":"","overlay-opacity":"","overlay-gradient":""},"mobile":{"background-color":"var(--ast-global-color-5)","background-image":"","background-repeat":"repeat","background-position":"center center","background-size":"auto","background-attachment":"scroll","background-type":"","background-media":"","overlay-type":"","overlay-color":"","overlay-opacity":"","overlay-gradient":""}}},"product_brand":[],"product_cat":[70,72],"product_tag":[132,147],"class_list":{"0":"post-4780","1":"product","2":"type-product","3":"status-publish","4":"has-post-thumbnail","6":"product_cat-fiction","7":"product_cat-paperbacks","8":"product_tag-novel","9":"product_tag-romance","10":"desktop-align-left","11":"tablet-align-left","12":"mobile-align-left","14":"first","15":"instock","16":"shipping-taxable","17":"purchasable","18":"product-type-simple"},"_links":{"self":[{"href":"https:\/\/www.croatiabooks.com.au\/index.php?rest_route=\/wp\/v2\/product\/4780","targetHints":{"allow":["GET"]}}],"collection":[{"href":"https:\/\/www.croatiabooks.com.au\/index.php?rest_route=\/wp\/v2\/product"}],"about":[{"href":"https:\/\/www.croatiabooks.com.au\/index.php?rest_route=\/wp\/v2\/types\/product"}],"version-history":[{"count":1,"href":"https:\/\/www.croatiabooks.com.au\/index.php?rest_route=\/wp\/v2\/product\/4780\/revisions"}],"predecessor-version":[{"id":4782,"href":"https:\/\/www.croatiabooks.com.au\/index.php?rest_route=\/wp\/v2\/product\/4780\/revisions\/4782"}],"wp:featuredmedia":[{"embeddable":true,"href":"https:\/\/www.croatiabooks.com.au\/index.php?rest_route=\/wp\/v2\/media\/4781"}],"wp:attachment":[{"href":"https:\/\/www.croatiabooks.com.au\/index.php?rest_route=%2Fwp%2Fv2%2Fmedia&parent=4780"}],"wp:term":[{"taxonomy":"product_brand","embeddable":true,"href":"https:\/\/www.croatiabooks.com.au\/index.php?rest_route=%2Fwp%2Fv2%2Fproduct_brand&post=4780"},{"taxonomy":"product_cat","embeddable":true,"href":"https:\/\/www.croatiabooks.com.au\/index.php?rest_route=%2Fwp%2Fv2%2Fproduct_cat&post=4780"},{"taxonomy":"product_tag","embeddable":true,"href":"https:\/\/www.croatiabooks.com.au\/index.php?rest_route=%2Fwp%2Fv2%2Fproduct_tag&post=4780"}],"curies":[{"name":"wp","href":"https:\/\/api.w.org\/{rel}","templated":true}]}}