{"id":4786,"date":"2024-06-29T05:15:00","date_gmt":"2024-06-29T05:15:00","guid":{"rendered":"https:\/\/www.croatiabooks.com.au\/?post_type=product&#038;p=4786"},"modified":"2024-06-29T05:18:56","modified_gmt":"2024-06-29T05:18:56","slug":"svakim-svojim-dahom","status":"publish","type":"product","link":"https:\/\/www.croatiabooks.com.au\/?product=svakim-svojim-dahom","title":{"rendered":"Svakim svojim dahom"},"content":{"rendered":"<div class=\"ygGdYd related-question-pair\" data-ved=\"2ahUKEwjew-SJkO7vAhWfzzgGHTNkBeUQq7kBKAF6BAgREAY\">\n<div id=\"_zLBuYN6tEZ-f4-EPs8iVqA432\" class=\"mWyH1d UgLoB\" tabindex=\"0\" role=\"button\" aria-controls=\"_zLBuYN6tEZ-f4-EPs8iVqA431\" aria-expanded=\"false\">\n<div class=\"cbphWd\" data-kt=\"Ki7x2vyts7O990mSiqOupr7Ogx39qoLkm86Rliu_wY6G4_OghhyMrryK2Ja-htcB\" data-hveid=\"CBEQBw\" data-ved=\"2ahUKEwjew-SJkO7vAhWfzzgGHTNkBeUQuk4oAHoECBEQBw\">O knjizi:<\/div>\n<div data-kt=\"Ki7x2vyts7O990mSiqOupr7Ogx39qoLkm86Rliu_wY6G4_OghhyMrryK2Ja-htcB\" data-hveid=\"CBEQBw\" data-ved=\"2ahUKEwjew-SJkO7vAhWfzzgGHTNkBeUQuk4oAHoECBEQBw\">\n<p><em>Neznanac koji ju je \u010dekao na terasi bio je kao iz pri\u010de: duhovit, \u0161armantan, urban, uvi\u0111avan, ljubazan i \u2013 o, da! \u2013 o\u010daravaju\u0107e zgodan i previ\u0161e seksi.<\/em><\/p>\n<p><em>\u00a0<\/em>Na idili\u010dnom tropskom otoku, uz omamljuju\u0107i miris frangipanija i neodoljiv ritam kalipsa, novope\u010dena nasljednica restorana Kate Donovan susre\u0107e karizmati\u010dnog ali tajanstvenog Mitchella Wyatta. Iako Mitchell vrlo nerado otkriva i\u0161ta o sebi, Kate polako osvajaju njegov \u0161arm i odlu\u010dnost. No njihova strastvena romansa naglo se prekida kada Mitchell iznenada otputuje u Chicago jer je osumnji\u010den u slu\u010daju ubojstva njegova polubrata, nasljednika basnoslovno bogate obitelji Wyatt. Ostav\u0161i sama, Kate se mora zapitati koliko zapravo zna o mu\u0161karcu koji je osvojio njezino srce. Je li on doista po\u010dinio tako gnusan zlo\u010din? I kakve sve tajne krije njegova pro\u0161lost?<\/p>\n<p>U nadahnutom prijevodu\u00a0<strong>Sanje \u0160\u010dibajlo<\/strong>,\u00a0<em>Svakim tvojim dahom<\/em>\u00a0sadr\u017eava sve odlike romana popularne autorice\u00a0<strong>Judith McNaught<\/strong>: nezaboravne likove, vru\u0107u romansu i napetost koja \u0107e vas prikovati uz knjigu.<\/p>\n<p>Roman je \u010detvrti naslov u seriji \u201eParadise\u201c, prethodili su mu: \u201eRaj\u201c, \u201eSavr\u0161en\u201c i \u201e\u0160aputanja u no\u0107i\u201c.<\/p>\n<p><em>Svakim svojim dahom<\/em>\u00a0Judith McNaught nadilazi sve granice \u017eanra romanse. Njihova zadivljuju\u0107a dubina udi\u0161e \u017eivot njezinim likovima, zbog \u010dega je njihovu pri\u010du nemogu\u0107e prestati \u010ditati. \u2013\u00a0<em>Curled up with a Good Book<\/em><\/p>\n<h4>O autorici:<\/h4>\n<p>Knji\u017eevnu slavu\u00a0<strong>Judith McNaught<\/strong>\u00a0stekla je uspje\u0161nicom\u00a0<em>Whitney, ljubavi moja<\/em>. Otada je osvojila srca \u010ditatelja diljem svijeta povijesnim i suvremenim ljubavnim romanima kao \u0161to su\u00a0<em>Jednom i zauvijek<\/em>,\u00a0<em>Raj<\/em>,\u00a0<em>Savr\u0161en<\/em>,\u00a0<em>Sje\u0107a\u0161 li se\u2026<\/em>\u00a0i\u00a0<em>\u0160aputanja u no\u0107i<\/em>, prodanima u vi\u0161e od 40 milijuna primjeraka u vi\u0161e od osamdeset zemalja.<\/p>\n<\/div>\n<\/div>\n<\/div>\n","protected":false},"excerpt":{"rendered":"<p><strong>Author: Judith McNaught<\/strong><\/p>\n<p><strong>Broj stranica: <\/strong>528<\/p>\n<p><strong>Godina izdanja: <\/strong>2023.<\/p>\n<p><strong>ISBN: <\/strong>9789531435543<\/p>\n<p><strong>Prevoditelj: <\/strong>Sanja \u0160\u010dibajlo<\/p>\n<p><strong>Uvez: <\/strong>meki<\/p>\n<p><strong>Dimenzije: <\/strong>14 x 20 cm<\/p>\n<p><strong>Te\u017eina: <\/strong>550 g<\/p>\n","protected":false},"featured_media":4787,"template":"","meta":{"site-sidebar-layout":"default","site-content-layout":"default","ast-site-content-layout":"default","site-content-style":"default","site-sidebar-style":"default","ast-global-header-display":"","ast-banner-title-visibility":"","ast-main-header-display":"","ast-hfb-above-header-display":"","ast-hfb-below-header-display":"","ast-hfb-mobile-header-display":"","site-post-title":"","ast-breadcrumbs-content":"","ast-featured-img":"","footer-sml-layout":"","ast-disable-related-posts":"","theme-transparent-header-meta":"default","adv-header-id-meta":"","stick-header-meta":"","header-above-stick-meta":"","header-main-stick-meta":"","header-below-stick-meta":"","astra-migrate-meta-layouts":"set","ast-page-background-enabled":"default","ast-page-background-meta":{"desktop":{"background-color":"","background-image":"","background-repeat":"repeat","background-position":"center center","background-size":"auto","background-attachment":"scroll","background-type":"","background-media":"","overlay-type":"","overlay-color":"","overlay-opacity":"","overlay-gradient":""},"tablet":{"background-color":"","background-image":"","background-repeat":"repeat","background-position":"center center","background-size":"auto","background-attachment":"scroll","background-type":"","background-media":"","overlay-type":"","overlay-color":"","overlay-opacity":"","overlay-gradient":""},"mobile":{"background-color":"","background-image":"","background-repeat":"repeat","background-position":"center center","background-size":"auto","background-attachment":"scroll","background-type":"","background-media":"","overlay-type":"","overlay-color":"","overlay-opacity":"","overlay-gradient":""}},"ast-content-background-meta":{"desktop":{"background-color":"var(--ast-global-color-5)","background-image":"","background-repeat":"repeat","background-position":"center center","background-size":"auto","background-attachment":"scroll","background-type":"","background-media":"","overlay-type":"","overlay-color":"","overlay-opacity":"","overlay-gradient":""},"tablet":{"background-color":"var(--ast-global-color-5)","background-image":"","background-repeat":"repeat","background-position":"center center","background-size":"auto","background-attachment":"scroll","background-type":"","background-media":"","overlay-type":"","overlay-color":"","overlay-opacity":"","overlay-gradient":""},"mobile":{"background-color":"var(--ast-global-color-5)","background-image":"","background-repeat":"repeat","background-position":"center center","background-size":"auto","background-attachment":"scroll","background-type":"","background-media":"","overlay-type":"","overlay-color":"","overlay-opacity":"","overlay-gradient":""}}},"product_brand":[],"product_cat":[70,72],"product_tag":[132,147],"class_list":{"0":"post-4786","1":"product","2":"type-product","3":"status-publish","4":"has-post-thumbnail","6":"product_cat-fiction","7":"product_cat-paperbacks","8":"product_tag-novel","9":"product_tag-romance","10":"desktop-align-left","11":"tablet-align-left","12":"mobile-align-left","14":"first","15":"instock","16":"shipping-taxable","17":"purchasable","18":"product-type-simple"},"_links":{"self":[{"href":"https:\/\/www.croatiabooks.com.au\/index.php?rest_route=\/wp\/v2\/product\/4786","targetHints":{"allow":["GET"]}}],"collection":[{"href":"https:\/\/www.croatiabooks.com.au\/index.php?rest_route=\/wp\/v2\/product"}],"about":[{"href":"https:\/\/www.croatiabooks.com.au\/index.php?rest_route=\/wp\/v2\/types\/product"}],"version-history":[{"count":1,"href":"https:\/\/www.croatiabooks.com.au\/index.php?rest_route=\/wp\/v2\/product\/4786\/revisions"}],"predecessor-version":[{"id":4788,"href":"https:\/\/www.croatiabooks.com.au\/index.php?rest_route=\/wp\/v2\/product\/4786\/revisions\/4788"}],"wp:featuredmedia":[{"embeddable":true,"href":"https:\/\/www.croatiabooks.com.au\/index.php?rest_route=\/wp\/v2\/media\/4787"}],"wp:attachment":[{"href":"https:\/\/www.croatiabooks.com.au\/index.php?rest_route=%2Fwp%2Fv2%2Fmedia&parent=4786"}],"wp:term":[{"taxonomy":"product_brand","embeddable":true,"href":"https:\/\/www.croatiabooks.com.au\/index.php?rest_route=%2Fwp%2Fv2%2Fproduct_brand&post=4786"},{"taxonomy":"product_cat","embeddable":true,"href":"https:\/\/www.croatiabooks.com.au\/index.php?rest_route=%2Fwp%2Fv2%2Fproduct_cat&post=4786"},{"taxonomy":"product_tag","embeddable":true,"href":"https:\/\/www.croatiabooks.com.au\/index.php?rest_route=%2Fwp%2Fv2%2Fproduct_tag&post=4786"}],"curies":[{"name":"wp","href":"https:\/\/api.w.org\/{rel}","templated":true}]}}