{"id":4789,"date":"2024-06-29T05:19:16","date_gmt":"2024-06-29T05:19:16","guid":{"rendered":"https:\/\/www.croatiabooks.com.au\/?post_type=product&#038;p=4789"},"modified":"2024-06-29T05:23:44","modified_gmt":"2024-06-29T05:23:44","slug":"tajne-sir-richarda-kenworthyja","status":"publish","type":"product","link":"https:\/\/www.croatiabooks.com.au\/?product=tajne-sir-richarda-kenworthyja","title":{"rendered":"Tajne sir Richarda Kenworthyja"},"content":{"rendered":"<div class=\"ygGdYd related-question-pair\" data-ved=\"2ahUKEwjew-SJkO7vAhWfzzgGHTNkBeUQq7kBKAF6BAgREAY\">\n<div id=\"_zLBuYN6tEZ-f4-EPs8iVqA432\" class=\"mWyH1d UgLoB\" tabindex=\"0\" role=\"button\" aria-controls=\"_zLBuYN6tEZ-f4-EPs8iVqA431\" aria-expanded=\"false\">\n<div class=\"cbphWd\" data-kt=\"Ki7x2vyts7O990mSiqOupr7Ogx39qoLkm86Rliu_wY6G4_OghhyMrryK2Ja-htcB\" data-hveid=\"CBEQBw\" data-ved=\"2ahUKEwjew-SJkO7vAhWfzzgGHTNkBeUQuk4oAHoECBEQBw\">O knjizi:<\/div>\n<div data-kt=\"Ki7x2vyts7O990mSiqOupr7Ogx39qoLkm86Rliu_wY6G4_OghhyMrryK2Ja-htcB\" data-hveid=\"CBEQBw\" data-ved=\"2ahUKEwjew-SJkO7vAhWfzzgGHTNkBeUQuk4oAHoECBEQBw\">\n<p>Nije mu ostalo jo\u0161 mnogo vremena.<\/p>\n<p>Iz tajanstvenih razloga sir Richard Kenworthy mora brzo prona\u0107i suprugu, a nedostatak vremena diktira i strategiju: jednostavno ne mo\u017ee biti suvi\u0161e izbirljiv. No, kad ugleda ljupku i samozatajnu Iris Smythe-Smith kako se na obiteljskom koncertu poku\u0161ava sakriti iza svog violon\u010dela, odjednom zna da je ba\u0161 ona \u2013 ona prava!<\/p>\n<p>Sitna i blijeda Iris Smythe-Smith navikla je na to da je ne primje\u0107uju. Ugodno se osje\u0107a u pozadini, stopljena s okolinom. Zato je sumnji\u010dava kad je Richard Kenworthy po\u017eeli upoznati. On zavodi i \u0161armira, njegove slatke rije\u010di ostavljaju dojam zaljubljenog mu\u0161karca i koliko god Iris ne mo\u017ee ostati ravnodu\u0161na na njegova nastojanja, svejedno ima osje\u0107aj da ne\u0161to nije sasvim u redu.<\/p>\n<p>Sir Richard \u0107e je zaprositi, a ta prosidba \u0107e se prometnuti u kompromitiraju\u0107u situaciju koja joj ne\u0107e ostaviti mnogo izbora. Njezine sumnje \u0107e zbog toga postati sve ja\u010de, ali srce \u0107e joj ipak govoriti da ka\u017ee \u201eda\u201c.<\/p>\n<p>Tajne \u0107e se s vremenom razotkriti, a njihove posljedice te\u0161ko je predvidjeti. Odnos Richarda i Iris iz temelja \u0107e se promijeniti. Od suzbijenih strasti i otvorene naklonosti, past \u0107e u dubine odbojnosti i razo\u010daranja. Ali mo\u017eda, unato\u010d svemu, s vremenom prona\u0111u \u2013 ljubav.<\/p>\n<p>Roman obiluje tajnama, a ba\u0161 sve ih vrijedi razotkriti! \u2013 Heroes And Heartbreakers<\/p>\n<h4>O autorici:<\/h4>\n<p>Julia Quinn po\u010dela je pisati po zavr\u0161etku fakulteta i otada ne prestaje. Autorica je nagra\u0111ivanih povijesnih ljubavnih romana, uklju\u010duju\u0107i seriju romana o obitelji Bridgerton \u2012 uspje\u0161nicu New York Timesa i jednu od najgledanijih ekranizacija u povijesti Netflixa. Na hrvatski su joj do sada prevedeni romani\u00a0<em>Deset stvari koje volim kod tebe<\/em>,\u00a0<em>Tajni dnevnici gospo\u0111ice Mirande Cheever<\/em>,\u00a0<em>\u0160to se to zbiva u Londonu?,<\/em>\u00a0<em>Vojvoda i ja<\/em>,\u00a0<em>Vikont koji me volio<\/em>,\u00a0<em>D\u017eentlmenska ponuda<\/em>,\u00a0<em>Siru Phillipu s ljubavlju<\/em>,\u00a0<em>Gospodin Bridgerton<\/em>,\u00a0<em>Kad je bio gre\u0161an<\/em>,\u00a0<em>Tajna njegova poljupca<\/em>,\u00a0<em>Na putu do vjen\u010danja<\/em>,\u00a0<em>\u017divjeli su dugo i sretno<\/em>\u00a0te romani\u00a0<em>Zbog gospo\u0111ice<\/em>\u00a0<em>Bridgerton<\/em>\u00a0i\u00a0<em>Mala la\u017e<\/em>. Diplomirala je na Harvardu i Radcliffeu i sada \u017eivi s obitelji u dr\u017eavi Colorado.<\/p>\n<\/div>\n<\/div>\n<\/div>\n","protected":false},"excerpt":{"rendered":"<p><strong>Author: Julia Quinn<\/strong><\/p>\n<p><strong>Broj stranica: <\/strong>370<\/p>\n<p><strong>Godina izdanja: <\/strong>2023.<\/p>\n<p><strong>ISBN: <\/strong>9789531435451<\/p>\n<p><strong>Strani naslov: <\/strong>The Secrets of sir Richard Kenworthy<\/p>\n<p><strong>Prevoditelj: <\/strong>Nikolina Pala\u0161i\u0107<\/p>\n<p><strong>Uvez: <\/strong>meki<\/p>\n<p><strong>Dimenzije: <\/strong>14 x 20 cm<\/p>\n<p><strong>Te\u017eina: <\/strong>380 g<\/p>\n","protected":false},"featured_media":4790,"template":"","meta":{"site-sidebar-layout":"default","site-content-layout":"default","ast-site-content-layout":"default","site-content-style":"default","site-sidebar-style":"default","ast-global-header-display":"","ast-banner-title-visibility":"","ast-main-header-display":"","ast-hfb-above-header-display":"","ast-hfb-below-header-display":"","ast-hfb-mobile-header-display":"","site-post-title":"","ast-breadcrumbs-content":"","ast-featured-img":"","footer-sml-layout":"","ast-disable-related-posts":"","theme-transparent-header-meta":"default","adv-header-id-meta":"","stick-header-meta":"","header-above-stick-meta":"","header-main-stick-meta":"","header-below-stick-meta":"","astra-migrate-meta-layouts":"set","ast-page-background-enabled":"default","ast-page-background-meta":{"desktop":{"background-color":"","background-image":"","background-repeat":"repeat","background-position":"center center","background-size":"auto","background-attachment":"scroll","background-type":"","background-media":"","overlay-type":"","overlay-color":"","overlay-opacity":"","overlay-gradient":""},"tablet":{"background-color":"","background-image":"","background-repeat":"repeat","background-position":"center center","background-size":"auto","background-attachment":"scroll","background-type":"","background-media":"","overlay-type":"","overlay-color":"","overlay-opacity":"","overlay-gradient":""},"mobile":{"background-color":"","background-image":"","background-repeat":"repeat","background-position":"center center","background-size":"auto","background-attachment":"scroll","background-type":"","background-media":"","overlay-type":"","overlay-color":"","overlay-opacity":"","overlay-gradient":""}},"ast-content-background-meta":{"desktop":{"background-color":"var(--ast-global-color-5)","background-image":"","background-repeat":"repeat","background-position":"center center","background-size":"auto","background-attachment":"scroll","background-type":"","background-media":"","overlay-type":"","overlay-color":"","overlay-opacity":"","overlay-gradient":""},"tablet":{"background-color":"var(--ast-global-color-5)","background-image":"","background-repeat":"repeat","background-position":"center center","background-size":"auto","background-attachment":"scroll","background-type":"","background-media":"","overlay-type":"","overlay-color":"","overlay-opacity":"","overlay-gradient":""},"mobile":{"background-color":"var(--ast-global-color-5)","background-image":"","background-repeat":"repeat","background-position":"center center","background-size":"auto","background-attachment":"scroll","background-type":"","background-media":"","overlay-type":"","overlay-color":"","overlay-opacity":"","overlay-gradient":""}}},"product_brand":[],"product_cat":[70,72],"product_tag":[132,147],"class_list":{"0":"post-4789","1":"product","2":"type-product","3":"status-publish","4":"has-post-thumbnail","6":"product_cat-fiction","7":"product_cat-paperbacks","8":"product_tag-novel","9":"product_tag-romance","10":"desktop-align-left","11":"tablet-align-left","12":"mobile-align-left","14":"first","15":"instock","16":"shipping-taxable","17":"purchasable","18":"product-type-simple"},"_links":{"self":[{"href":"https:\/\/www.croatiabooks.com.au\/index.php?rest_route=\/wp\/v2\/product\/4789","targetHints":{"allow":["GET"]}}],"collection":[{"href":"https:\/\/www.croatiabooks.com.au\/index.php?rest_route=\/wp\/v2\/product"}],"about":[{"href":"https:\/\/www.croatiabooks.com.au\/index.php?rest_route=\/wp\/v2\/types\/product"}],"version-history":[{"count":1,"href":"https:\/\/www.croatiabooks.com.au\/index.php?rest_route=\/wp\/v2\/product\/4789\/revisions"}],"predecessor-version":[{"id":4791,"href":"https:\/\/www.croatiabooks.com.au\/index.php?rest_route=\/wp\/v2\/product\/4789\/revisions\/4791"}],"wp:featuredmedia":[{"embeddable":true,"href":"https:\/\/www.croatiabooks.com.au\/index.php?rest_route=\/wp\/v2\/media\/4790"}],"wp:attachment":[{"href":"https:\/\/www.croatiabooks.com.au\/index.php?rest_route=%2Fwp%2Fv2%2Fmedia&parent=4789"}],"wp:term":[{"taxonomy":"product_brand","embeddable":true,"href":"https:\/\/www.croatiabooks.com.au\/index.php?rest_route=%2Fwp%2Fv2%2Fproduct_brand&post=4789"},{"taxonomy":"product_cat","embeddable":true,"href":"https:\/\/www.croatiabooks.com.au\/index.php?rest_route=%2Fwp%2Fv2%2Fproduct_cat&post=4789"},{"taxonomy":"product_tag","embeddable":true,"href":"https:\/\/www.croatiabooks.com.au\/index.php?rest_route=%2Fwp%2Fv2%2Fproduct_tag&post=4789"}],"curies":[{"name":"wp","href":"https:\/\/api.w.org\/{rel}","templated":true}]}}