{"id":4792,"date":"2024-06-29T05:24:02","date_gmt":"2024-06-29T05:24:02","guid":{"rendered":"https:\/\/www.croatiabooks.com.au\/?post_type=product&#038;p=4792"},"modified":"2024-06-29T05:28:15","modified_gmt":"2024-06-29T05:28:15","slug":"zbog-gospodice-bridgerton","status":"publish","type":"product","link":"https:\/\/www.croatiabooks.com.au\/?product=zbog-gospodice-bridgerton","title":{"rendered":"Zbog gospo\u0111ice Bridgerton"},"content":{"rendered":"<div class=\"ygGdYd related-question-pair\" data-ved=\"2ahUKEwjew-SJkO7vAhWfzzgGHTNkBeUQq7kBKAF6BAgREAY\">\n<div id=\"_zLBuYN6tEZ-f4-EPs8iVqA432\" class=\"mWyH1d UgLoB\" tabindex=\"0\" role=\"button\" aria-controls=\"_zLBuYN6tEZ-f4-EPs8iVqA431\" aria-expanded=\"false\">\n<div class=\"cbphWd\" data-kt=\"Ki7x2vyts7O990mSiqOupr7Ogx39qoLkm86Rliu_wY6G4_OghhyMrryK2Ja-htcB\" data-hveid=\"CBEQBw\" data-ved=\"2ahUKEwjew-SJkO7vAhWfzzgGHTNkBeUQuk4oAHoECBEQBw\">O knjizi:<\/div>\n<div data-kt=\"Ki7x2vyts7O990mSiqOupr7Ogx39qoLkm86Rliu_wY6G4_OghhyMrryK2Ja-htcB\" data-hveid=\"CBEQBw\" data-ved=\"2ahUKEwjew-SJkO7vAhWfzzgGHTNkBeUQuk4oAHoECBEQBw\">\n<p>Zbog gospo\u0111ice Bridgerton prvi je roman iz serije o obitelji Rokesby.<\/p>\n<p>Ponekad ljubav pronalazimo na najneo\u010dekivanijim mjestima\u2026 A ponekad ne.<\/p>\n<p>Svi o\u010dekuju da \u0107e se Billie Bridgerton udati za jednog od bra\u0107e Rokesby. Dvije obitelji stolje\u0107ima su susjedi, a kao dijete neobuzdana Billie divljala je posvuda s Edwardom i Andrewom. Obojica bi joj mogli biti savr\u0161eni mu\u017eevi\u2026 jednog dana.<\/p>\n<p>Ponekad se zaljubimo u savr\u0161enu osobu\u2026 A ponekad ne.<\/p>\n<p>Postoji samo jedan Rokesby kojeg Billie smatra apsolutno nesnosnim, a to je George. Mo\u017ee on biti najstariji sin i nasljednik grofovije, ali George je arogantan i dosadan, a usto je i mrzi. \u0160to je savr\u0161eno u redu, jer ona njega ne mo\u017ee podnijeti.<\/p>\n<p>Ali ponekad sudbina ima opak smisao za humor\u2026<\/p>\n<p>Jer kada se Billie i George zbli\u017ee, doslovno, me\u0111u njima po\u010dinje iskriti ne\u0161to sasvim druga\u010dije. A kada se ovi do\u017eivotni protivnici kona\u010dno poljube, mogli bi otkriti da je jedina osoba koju ne mogu podnijeti upravo ona bez koje ne mogu \u017eivjeti\u2026<\/p>\n<p>Roman je s engleskog prevela Lidija Toman.<\/p>\n<h4>O autorici romana Zbog gospo\u0111ice Bridgerton:<\/h4>\n<p>Julia Quinn po\u010dela je pisati po zavr\u0161etku fakulteta i otad ne prestaje. Autorica je nagra\u0111ivanih povijesnih<br \/>\nljubavnih romana, uklju\u010duju\u0107i uspje\u0161nice New York Timesa, seriju romana o obitelji Bridgerton. Na hrvatski su joj do sada prevedeni romani Deset stvari koje volim kod tebe, Tajni dnevnici gospo\u0111ice Mirande Cheever, \u0160to se to zbiva u Londonu?, Vojvoda i ja, Vikont koji me volio, D\u017eentlmenska<br \/>\nponuda, Siru Phillipu s ljubavlju, Gospodin Bridgerton, Kad je bio gre\u0161an, Tajna njegova poljupca, Na putu do vjen\u010danja, \u017divjeli su dugo i sretno. Diplomirala je na Harvardu i Radcliffeu.<\/p>\n<\/div>\n<\/div>\n<\/div>\n","protected":false},"excerpt":{"rendered":"<p><strong>Author: Julia Quinn<\/strong><\/p>\n<p><strong>Broj stranica: <\/strong>400<\/p>\n<p><strong>Godina izdanja: <\/strong>2022.<\/p>\n<p><strong>ISBN: <\/strong>9789531431828<\/p>\n<p><strong>Strani naslov: <\/strong>Because of Miss Bridgerton<\/p>\n<p><strong>Prevoditelj: <\/strong>Lidija Toman<\/p>\n<p><strong>Uvez: <\/strong>meki<\/p>\n<p><strong>Dimenzije: <\/strong>14 x 20 cm<\/p>\n<p><strong>Te\u017eina: <\/strong>350 g<\/p>\n<p><strong>Nakladnik:<\/strong>\u00a0Mozaik knjiga<\/p>\n","protected":false},"featured_media":4793,"template":"","meta":{"site-sidebar-layout":"default","site-content-layout":"default","ast-site-content-layout":"default","site-content-style":"default","site-sidebar-style":"default","ast-global-header-display":"","ast-banner-title-visibility":"","ast-main-header-display":"","ast-hfb-above-header-display":"","ast-hfb-below-header-display":"","ast-hfb-mobile-header-display":"","site-post-title":"","ast-breadcrumbs-content":"","ast-featured-img":"","footer-sml-layout":"","ast-disable-related-posts":"","theme-transparent-header-meta":"default","adv-header-id-meta":"","stick-header-meta":"","header-above-stick-meta":"","header-main-stick-meta":"","header-below-stick-meta":"","astra-migrate-meta-layouts":"set","ast-page-background-enabled":"default","ast-page-background-meta":{"desktop":{"background-color":"","background-image":"","background-repeat":"repeat","background-position":"center center","background-size":"auto","background-attachment":"scroll","background-type":"","background-media":"","overlay-type":"","overlay-color":"","overlay-opacity":"","overlay-gradient":""},"tablet":{"background-color":"","background-image":"","background-repeat":"repeat","background-position":"center center","background-size":"auto","background-attachment":"scroll","background-type":"","background-media":"","overlay-type":"","overlay-color":"","overlay-opacity":"","overlay-gradient":""},"mobile":{"background-color":"","background-image":"","background-repeat":"repeat","background-position":"center center","background-size":"auto","background-attachment":"scroll","background-type":"","background-media":"","overlay-type":"","overlay-color":"","overlay-opacity":"","overlay-gradient":""}},"ast-content-background-meta":{"desktop":{"background-color":"var(--ast-global-color-5)","background-image":"","background-repeat":"repeat","background-position":"center center","background-size":"auto","background-attachment":"scroll","background-type":"","background-media":"","overlay-type":"","overlay-color":"","overlay-opacity":"","overlay-gradient":""},"tablet":{"background-color":"var(--ast-global-color-5)","background-image":"","background-repeat":"repeat","background-position":"center center","background-size":"auto","background-attachment":"scroll","background-type":"","background-media":"","overlay-type":"","overlay-color":"","overlay-opacity":"","overlay-gradient":""},"mobile":{"background-color":"var(--ast-global-color-5)","background-image":"","background-repeat":"repeat","background-position":"center center","background-size":"auto","background-attachment":"scroll","background-type":"","background-media":"","overlay-type":"","overlay-color":"","overlay-opacity":"","overlay-gradient":""}}},"product_brand":[],"product_cat":[70,72],"product_tag":[132,147],"class_list":{"0":"post-4792","1":"product","2":"type-product","3":"status-publish","4":"has-post-thumbnail","6":"product_cat-fiction","7":"product_cat-paperbacks","8":"product_tag-novel","9":"product_tag-romance","10":"desktop-align-left","11":"tablet-align-left","12":"mobile-align-left","14":"first","15":"instock","16":"shipping-taxable","17":"purchasable","18":"product-type-simple"},"_links":{"self":[{"href":"https:\/\/www.croatiabooks.com.au\/index.php?rest_route=\/wp\/v2\/product\/4792","targetHints":{"allow":["GET"]}}],"collection":[{"href":"https:\/\/www.croatiabooks.com.au\/index.php?rest_route=\/wp\/v2\/product"}],"about":[{"href":"https:\/\/www.croatiabooks.com.au\/index.php?rest_route=\/wp\/v2\/types\/product"}],"version-history":[{"count":1,"href":"https:\/\/www.croatiabooks.com.au\/index.php?rest_route=\/wp\/v2\/product\/4792\/revisions"}],"predecessor-version":[{"id":4794,"href":"https:\/\/www.croatiabooks.com.au\/index.php?rest_route=\/wp\/v2\/product\/4792\/revisions\/4794"}],"wp:featuredmedia":[{"embeddable":true,"href":"https:\/\/www.croatiabooks.com.au\/index.php?rest_route=\/wp\/v2\/media\/4793"}],"wp:attachment":[{"href":"https:\/\/www.croatiabooks.com.au\/index.php?rest_route=%2Fwp%2Fv2%2Fmedia&parent=4792"}],"wp:term":[{"taxonomy":"product_brand","embeddable":true,"href":"https:\/\/www.croatiabooks.com.au\/index.php?rest_route=%2Fwp%2Fv2%2Fproduct_brand&post=4792"},{"taxonomy":"product_cat","embeddable":true,"href":"https:\/\/www.croatiabooks.com.au\/index.php?rest_route=%2Fwp%2Fv2%2Fproduct_cat&post=4792"},{"taxonomy":"product_tag","embeddable":true,"href":"https:\/\/www.croatiabooks.com.au\/index.php?rest_route=%2Fwp%2Fv2%2Fproduct_tag&post=4792"}],"curies":[{"name":"wp","href":"https:\/\/api.w.org\/{rel}","templated":true}]}}