{"id":4795,"date":"2024-06-29T05:29:09","date_gmt":"2024-06-29T05:29:09","guid":{"rendered":"https:\/\/www.croatiabooks.com.au\/?post_type=product&#038;p=4795"},"modified":"2024-06-29T05:32:59","modified_gmt":"2024-06-29T05:32:59","slug":"sanja-uvijek-ima-vremena","status":"publish","type":"product","link":"https:\/\/www.croatiabooks.com.au\/?product=sanja-uvijek-ima-vremena","title":{"rendered":"Sanja uvijek ima vremena"},"content":{"rendered":"<p>O knjizi:<\/p>\n<p><strong><em>Sanja uvijek ima vremena<\/em><\/strong>\u00a0predivna je slikovnica koju \u0107e voljeti svako dijete.<\/p>\n<p>Sanja je djevoj\u010dica ba\u0161 kao i sve druge.\u00a0Ujutro ustaje, doru\u010dkuje, pi\u0161e zada\u0107u i posprema svoju sobu. Ali Sanji treba za to jako puno vremena, uvijek misli da \u0107e sve sti\u0107i pa \u010dak popodne i obi\u0107i sve omiljene \u017eivotinje u zoolo\u0161kom vrtu. A je li Sanja\u00a0stigla obaviti sve \u0161to je zamislila pro\u010ditajte\u00a0u ovoj prekrasnoj slikovnici koju je oslikala\u00a0Nikolina Novosel Ne\u017emah, a napisala na\u0161a\u00a0velika knji\u017eevnica Sun\u010dana \u0160krinjari\u0107.<\/p>\n<p>O autorici slikovnice\u00a0<em>Sanja uvijek ima vremena<\/em>:<\/p>\n<p><strong>Sun\u010dana \u0160krinjari\u0107<\/strong>\u00a0poznata je spisateljica za djecu i mlade, autorica petnaestak knjiga od kojih su mnoge nagra\u0111ene najzna\u010dajnijim knji\u017eevnim nagradama. Inspiraciju za svoje pri\u010de i bajke pronalazila je u svakodnevnim, naizgled malim, situacijama. Godine 1999. bila je nominirana za najpresti\u017eniju svjetsku nagradu za knji\u017eevnosti za djecu i mlade Hans Christian Andersen, poznatu i kao Mali Nobel, a prema njezinu scenariju snimljen je prvi hrvatski cjelove\u010dernji crtani film \u010cudesna \u0161uma.<\/p>\n","protected":false},"excerpt":{"rendered":"<p><strong>Author: Sun\u010dana \u0160krinjari\u0107<\/strong><\/p>\n<p><strong>Broj stranica: <\/strong>32<\/p>\n<p><strong>Godina izdanja: <\/strong>2018.<\/p>\n<p><strong>ISBN: <\/strong>9789531424257<\/p>\n<p><strong>Uvez: <\/strong>Tvrdi<\/p>\n<p><strong>Dimenzije: <\/strong>24.5 x 24.5 cm<\/p>\n<p><strong>Te\u017eina: <\/strong>465 g<\/p>\n<p><strong>Nakladnik:<\/strong>\u00a0Mozaik knjiga<\/p>\n","protected":false},"featured_media":4796,"template":"","meta":{"site-sidebar-layout":"default","site-content-layout":"default","ast-site-content-layout":"default","site-content-style":"default","site-sidebar-style":"default","ast-global-header-display":"","ast-banner-title-visibility":"","ast-main-header-display":"","ast-hfb-above-header-display":"","ast-hfb-below-header-display":"","ast-hfb-mobile-header-display":"","site-post-title":"","ast-breadcrumbs-content":"","ast-featured-img":"","footer-sml-layout":"","ast-disable-related-posts":"","theme-transparent-header-meta":"default","adv-header-id-meta":"","stick-header-meta":"","header-above-stick-meta":"","header-main-stick-meta":"","header-below-stick-meta":"","astra-migrate-meta-layouts":"set","ast-page-background-enabled":"default","ast-page-background-meta":{"desktop":{"background-color":"","background-image":"","background-repeat":"repeat","background-position":"center center","background-size":"auto","background-attachment":"scroll","background-type":"","background-media":"","overlay-type":"","overlay-color":"","overlay-opacity":"","overlay-gradient":""},"tablet":{"background-color":"","background-image":"","background-repeat":"repeat","background-position":"center center","background-size":"auto","background-attachment":"scroll","background-type":"","background-media":"","overlay-type":"","overlay-color":"","overlay-opacity":"","overlay-gradient":""},"mobile":{"background-color":"","background-image":"","background-repeat":"repeat","background-position":"center center","background-size":"auto","background-attachment":"scroll","background-type":"","background-media":"","overlay-type":"","overlay-color":"","overlay-opacity":"","overlay-gradient":""}},"ast-content-background-meta":{"desktop":{"background-color":"var(--ast-global-color-5)","background-image":"","background-repeat":"repeat","background-position":"center center","background-size":"auto","background-attachment":"scroll","background-type":"","background-media":"","overlay-type":"","overlay-color":"","overlay-opacity":"","overlay-gradient":""},"tablet":{"background-color":"var(--ast-global-color-5)","background-image":"","background-repeat":"repeat","background-position":"center center","background-size":"auto","background-attachment":"scroll","background-type":"","background-media":"","overlay-type":"","overlay-color":"","overlay-opacity":"","overlay-gradient":""},"mobile":{"background-color":"var(--ast-global-color-5)","background-image":"","background-repeat":"repeat","background-position":"center center","background-size":"auto","background-attachment":"scroll","background-type":"","background-media":"","overlay-type":"","overlay-color":"","overlay-opacity":"","overlay-gradient":""}}},"product_brand":[],"product_cat":[78,64],"product_tag":[134,148],"class_list":{"0":"post-4795","1":"product","2":"type-product","3":"status-publish","4":"has-post-thumbnail","6":"product_cat-teenagers","7":"product_cat-junior","8":"product_tag-childrens","9":"product_tag-junior","10":"desktop-align-left","11":"tablet-align-left","12":"mobile-align-left","14":"first","15":"instock","16":"shipping-taxable","17":"purchasable","18":"product-type-simple"},"_links":{"self":[{"href":"https:\/\/www.croatiabooks.com.au\/index.php?rest_route=\/wp\/v2\/product\/4795","targetHints":{"allow":["GET"]}}],"collection":[{"href":"https:\/\/www.croatiabooks.com.au\/index.php?rest_route=\/wp\/v2\/product"}],"about":[{"href":"https:\/\/www.croatiabooks.com.au\/index.php?rest_route=\/wp\/v2\/types\/product"}],"version-history":[{"count":1,"href":"https:\/\/www.croatiabooks.com.au\/index.php?rest_route=\/wp\/v2\/product\/4795\/revisions"}],"predecessor-version":[{"id":4797,"href":"https:\/\/www.croatiabooks.com.au\/index.php?rest_route=\/wp\/v2\/product\/4795\/revisions\/4797"}],"wp:featuredmedia":[{"embeddable":true,"href":"https:\/\/www.croatiabooks.com.au\/index.php?rest_route=\/wp\/v2\/media\/4796"}],"wp:attachment":[{"href":"https:\/\/www.croatiabooks.com.au\/index.php?rest_route=%2Fwp%2Fv2%2Fmedia&parent=4795"}],"wp:term":[{"taxonomy":"product_brand","embeddable":true,"href":"https:\/\/www.croatiabooks.com.au\/index.php?rest_route=%2Fwp%2Fv2%2Fproduct_brand&post=4795"},{"taxonomy":"product_cat","embeddable":true,"href":"https:\/\/www.croatiabooks.com.au\/index.php?rest_route=%2Fwp%2Fv2%2Fproduct_cat&post=4795"},{"taxonomy":"product_tag","embeddable":true,"href":"https:\/\/www.croatiabooks.com.au\/index.php?rest_route=%2Fwp%2Fv2%2Fproduct_tag&post=4795"}],"curies":[{"name":"wp","href":"https:\/\/api.w.org\/{rel}","templated":true}]}}