{"id":4801,"date":"2024-06-29T22:28:29","date_gmt":"2024-06-29T22:28:29","guid":{"rendered":"https:\/\/www.croatiabooks.com.au\/?post_type=product&#038;p=4801"},"modified":"2025-10-02T00:49:49","modified_gmt":"2025-10-02T00:49:49","slug":"prvih-100-rijeci","status":"publish","type":"product","link":"https:\/\/www.croatiabooks.com.au\/?product=prvih-100-rijeci","title":{"rendered":"Prvih 100 rije\u010di"},"content":{"rendered":"<p>Price reduced-slight dints on front softcover.<\/p>\n<p><strong>PRVIH 100 RIJE\u010cI<\/strong><strong>\u00a0<\/strong>je savr\u0161ena knji\u017eica za va\u0161e dijete koje se sprema nau\u010diti prve rije\u010di jer \u0107e mu pomo\u0107i da lak\u0161e i br\u017ee savlada pojmove iz svakodnevnog \u017eivota.<\/p>\n<p>Uz pomo\u0107 prekrasnih fotografija va\u0161e \u0107e dijete, zabavljaju\u0107i i igraju\u0107i se, nau\u010diti osnovne pojmove iz svijeta koji ga okru\u017euje te vje\u017ebati govorne vje\u0161tine. Slikovnica \u0107e ga potaknuti na gledanje i u\u010denje te mu pomo\u0107i da br\u017ee savlada rije\u010di.<\/p>\n<p>Uz knji\u017eicu PRVIH 100 RIJE\u010cI upoznajte mali\u0161ane sa sljede\u0107im pojmovima:<\/p>\n<ul>\n<li>Boje<\/li>\n<li>Prijevozna sredstva<\/li>\n<li>Vrijeme za kupanje<\/li>\n<li>Laku no\u0107!<\/li>\n<li>Dobar tek!<\/li>\n<li>Vo\u0107e i povr\u0107e<\/li>\n<li>\u0160to radim?<\/li>\n<li>U prirodi<\/li>\n<li>Odje\u0107a<\/li>\n<li>Igra\u010dke<\/li>\n<li>Ku\u0107ni ljubimci<\/li>\n<li>Doma\u0107e \u017eivotinje<\/li>\n<\/ul>\n","protected":false},"excerpt":{"rendered":"<p><strong>Broj stranica: <\/strong>24<\/p>\n<p><strong>Godina izdanja: <\/strong>2021.<\/p>\n<p><strong>ISBN: <\/strong>9789531420433<\/p>\n<p><strong>Strani naslov: <\/strong>My First 100 Words<\/p>\n<p><strong>Uvez: <\/strong>tvrdi<\/p>\n<p><strong>Dimenzije: <\/strong>12.5 x 15.5 cm<\/p>\n<p><strong>Te\u017eina: <\/strong>230 g<\/p>\n<p><strong>Nakladnik:<\/strong>\u00a0Mozaik knjiga<\/p>\n","protected":false},"featured_media":4802,"template":"","meta":{"site-sidebar-layout":"default","site-content-layout":"default","ast-site-content-layout":"default","site-content-style":"default","site-sidebar-style":"default","ast-global-header-display":"","ast-banner-title-visibility":"","ast-main-header-display":"","ast-hfb-above-header-display":"","ast-hfb-below-header-display":"","ast-hfb-mobile-header-display":"","site-post-title":"","ast-breadcrumbs-content":"","ast-featured-img":"","footer-sml-layout":"","ast-disable-related-posts":"","theme-transparent-header-meta":"default","adv-header-id-meta":"","stick-header-meta":"","header-above-stick-meta":"","header-main-stick-meta":"","header-below-stick-meta":"","astra-migrate-meta-layouts":"set","ast-page-background-enabled":"default","ast-page-background-meta":{"desktop":{"background-color":"","background-image":"","background-repeat":"repeat","background-position":"center center","background-size":"auto","background-attachment":"scroll","background-type":"","background-media":"","overlay-type":"","overlay-color":"","overlay-opacity":"","overlay-gradient":""},"tablet":{"background-color":"","background-image":"","background-repeat":"repeat","background-position":"center center","background-size":"auto","background-attachment":"scroll","background-type":"","background-media":"","overlay-type":"","overlay-color":"","overlay-opacity":"","overlay-gradient":""},"mobile":{"background-color":"","background-image":"","background-repeat":"repeat","background-position":"center center","background-size":"auto","background-attachment":"scroll","background-type":"","background-media":"","overlay-type":"","overlay-color":"","overlay-opacity":"","overlay-gradient":""}},"ast-content-background-meta":{"desktop":{"background-color":"var(--ast-global-color-5)","background-image":"","background-repeat":"repeat","background-position":"center center","background-size":"auto","background-attachment":"scroll","background-type":"","background-media":"","overlay-type":"","overlay-color":"","overlay-opacity":"","overlay-gradient":""},"tablet":{"background-color":"var(--ast-global-color-5)","background-image":"","background-repeat":"repeat","background-position":"center center","background-size":"auto","background-attachment":"scroll","background-type":"","background-media":"","overlay-type":"","overlay-color":"","overlay-opacity":"","overlay-gradient":""},"mobile":{"background-color":"var(--ast-global-color-5)","background-image":"","background-repeat":"repeat","background-position":"center center","background-size":"auto","background-attachment":"scroll","background-type":"","background-media":"","overlay-type":"","overlay-color":"","overlay-opacity":"","overlay-gradient":""}}},"product_brand":[],"product_cat":[75,64,74],"product_tag":[144,134,135,146],"class_list":{"0":"post-4801","1":"product","2":"type-product","3":"status-publish","4":"has-post-thumbnail","6":"product_cat-boardbook","7":"product_cat-junior","8":"product_cat-softcovers","9":"product_tag-boardbook","10":"product_tag-childrens","11":"product_tag-juniors","12":"product_tag-softcover","13":"desktop-align-left","14":"tablet-align-left","15":"mobile-align-left","17":"first","18":"outofstock","19":"sale","20":"shipping-taxable","21":"purchasable","22":"product-type-simple"},"_links":{"self":[{"href":"https:\/\/www.croatiabooks.com.au\/index.php?rest_route=\/wp\/v2\/product\/4801","targetHints":{"allow":["GET"]}}],"collection":[{"href":"https:\/\/www.croatiabooks.com.au\/index.php?rest_route=\/wp\/v2\/product"}],"about":[{"href":"https:\/\/www.croatiabooks.com.au\/index.php?rest_route=\/wp\/v2\/types\/product"}],"version-history":[{"count":1,"href":"https:\/\/www.croatiabooks.com.au\/index.php?rest_route=\/wp\/v2\/product\/4801\/revisions"}],"predecessor-version":[{"id":4803,"href":"https:\/\/www.croatiabooks.com.au\/index.php?rest_route=\/wp\/v2\/product\/4801\/revisions\/4803"}],"wp:featuredmedia":[{"embeddable":true,"href":"https:\/\/www.croatiabooks.com.au\/index.php?rest_route=\/wp\/v2\/media\/4802"}],"wp:attachment":[{"href":"https:\/\/www.croatiabooks.com.au\/index.php?rest_route=%2Fwp%2Fv2%2Fmedia&parent=4801"}],"wp:term":[{"taxonomy":"product_brand","embeddable":true,"href":"https:\/\/www.croatiabooks.com.au\/index.php?rest_route=%2Fwp%2Fv2%2Fproduct_brand&post=4801"},{"taxonomy":"product_cat","embeddable":true,"href":"https:\/\/www.croatiabooks.com.au\/index.php?rest_route=%2Fwp%2Fv2%2Fproduct_cat&post=4801"},{"taxonomy":"product_tag","embeddable":true,"href":"https:\/\/www.croatiabooks.com.au\/index.php?rest_route=%2Fwp%2Fv2%2Fproduct_tag&post=4801"}],"curies":[{"name":"wp","href":"https:\/\/api.w.org\/{rel}","templated":true}]}}