{"id":4805,"date":"2024-06-29T22:34:06","date_gmt":"2024-06-29T22:34:06","guid":{"rendered":"https:\/\/www.croatiabooks.com.au\/?post_type=product&#038;p=4805"},"modified":"2026-03-29T21:56:11","modified_gmt":"2026-03-29T21:56:11","slug":"sve-cudesno-sto-bit-ces-ti","status":"publish","type":"product","link":"https:\/\/www.croatiabooks.com.au\/?product=sve-cudesno-sto-bit-ces-ti","title":{"rendered":"Sve \u010dudesno \u0161to bit \u0107e\u0161 ti"},"content":{"rendered":"<p>O knjizi:<\/p>\n<p>Knjiga\u00a0SVE \u010cUDESNO \u0160TO BIT \u0106E\u0160 TI\u00a0slavi mogu\u0107nosti i ljubav koju roditelji osje\u0107aju prema svojoj djeci, bez obzira na to \u0161to bi ona mogla postati kad odrastu!<\/p>\n<p><em>Ovo je prvi put<br \/>\n<\/em><em>Da ti si stvarno\u00a0<\/em>ti<em>,<br \/>\n<\/em><em>Gorim od radoznalosti<br \/>\n<\/em><em>\u0160to \u0107e\u0161 sve divno \u010diniti.<\/em><\/p>\n<p>Predivna slikovnica\u00a0<em>Sve \u010dudesno \u0161to bit \u0107e\u0161 ti<\/em>\u00a0govori o posebnosti svakog djeteta i nje\u017enosti koju roditelji osje\u0107aju gledaju\u0107i svoju djecu. Svaka njezina stranica progovara o tome da je pred djetetom cijeli svijet mogu\u0107nosti. Zahvaljuju\u0107i predivnim ilustracijama i dirljivim stihovima koje je s engleskog prepjevao Boris Nazansky, u ovu nadahnjuju\u0107u knjigu zaljubit \u0107e se i djeca i odrasli.<\/p>\n<p><strong>Emily Winfield Martin<\/strong>\u00a0provela je kao dijete puno vremena pitaju\u0107i se \u0161to \u0107e biti kad odraste. Postala je puno toga: slikarica, kroja\u010dica, krotiteljica ma\u010daka i ilustratorica knjiga. Emily \u017eivi me\u0111u golemim jelama u Portlandu u Oregonu, gdje radoznalo i\u0161\u010dekuje \u0161to \u0107e jo\u0161 sva\u0161ta u svome \u017eivotu biti.<\/p>\n","protected":false},"excerpt":{"rendered":"<p><strong>Author: Emily Winfield Martin<\/strong><\/p>\n<p><strong>Broj stranica: <\/strong>32<\/p>\n<p><strong>Godina izdanja: <\/strong>2024.<\/p>\n<p><strong>ISBN: <\/strong>9789531421737<\/p>\n<p><strong>Strani naslov: <\/strong>Wonderful Things You Will Be<\/p>\n<p><strong>Uvez: <\/strong>tvrdi<\/p>\n<p><strong>Dimenzije: <\/strong>2.5 x 2.5 cm<\/p>\n<p><strong>Te\u017eina: <\/strong>460 g<\/p>\n<p><strong>Nakladnik:<\/strong>\u00a0Mozaik knjiga<\/p>\n","protected":false},"featured_media":4806,"template":"","meta":{"site-sidebar-layout":"default","site-content-layout":"default","ast-site-content-layout":"default","site-content-style":"default","site-sidebar-style":"default","ast-global-header-display":"","ast-banner-title-visibility":"","ast-main-header-display":"","ast-hfb-above-header-display":"","ast-hfb-below-header-display":"","ast-hfb-mobile-header-display":"","site-post-title":"","ast-breadcrumbs-content":"","ast-featured-img":"","footer-sml-layout":"","ast-disable-related-posts":"","theme-transparent-header-meta":"default","adv-header-id-meta":"","stick-header-meta":"","header-above-stick-meta":"","header-main-stick-meta":"","header-below-stick-meta":"","astra-migrate-meta-layouts":"set","ast-page-background-enabled":"default","ast-page-background-meta":{"desktop":{"background-color":"","background-image":"","background-repeat":"repeat","background-position":"center center","background-size":"auto","background-attachment":"scroll","background-type":"","background-media":"","overlay-type":"","overlay-color":"","overlay-opacity":"","overlay-gradient":""},"tablet":{"background-color":"","background-image":"","background-repeat":"repeat","background-position":"center center","background-size":"auto","background-attachment":"scroll","background-type":"","background-media":"","overlay-type":"","overlay-color":"","overlay-opacity":"","overlay-gradient":""},"mobile":{"background-color":"","background-image":"","background-repeat":"repeat","background-position":"center center","background-size":"auto","background-attachment":"scroll","background-type":"","background-media":"","overlay-type":"","overlay-color":"","overlay-opacity":"","overlay-gradient":""}},"ast-content-background-meta":{"desktop":{"background-color":"var(--ast-global-color-5)","background-image":"","background-repeat":"repeat","background-position":"center center","background-size":"auto","background-attachment":"scroll","background-type":"","background-media":"","overlay-type":"","overlay-color":"","overlay-opacity":"","overlay-gradient":""},"tablet":{"background-color":"var(--ast-global-color-5)","background-image":"","background-repeat":"repeat","background-position":"center center","background-size":"auto","background-attachment":"scroll","background-type":"","background-media":"","overlay-type":"","overlay-color":"","overlay-opacity":"","overlay-gradient":""},"mobile":{"background-color":"var(--ast-global-color-5)","background-image":"","background-repeat":"repeat","background-position":"center center","background-size":"auto","background-attachment":"scroll","background-type":"","background-media":"","overlay-type":"","overlay-color":"","overlay-opacity":"","overlay-gradient":""}}},"product_brand":[],"product_cat":[78,64],"product_tag":[134,148],"class_list":{"0":"post-4805","1":"product","2":"type-product","3":"status-publish","4":"has-post-thumbnail","6":"product_cat-teenagers","7":"product_cat-junior","8":"product_tag-childrens","9":"product_tag-junior","10":"desktop-align-left","11":"tablet-align-left","12":"mobile-align-left","14":"first","15":"outofstock","16":"shipping-taxable","17":"purchasable","18":"product-type-simple"},"_links":{"self":[{"href":"https:\/\/www.croatiabooks.com.au\/index.php?rest_route=\/wp\/v2\/product\/4805","targetHints":{"allow":["GET"]}}],"collection":[{"href":"https:\/\/www.croatiabooks.com.au\/index.php?rest_route=\/wp\/v2\/product"}],"about":[{"href":"https:\/\/www.croatiabooks.com.au\/index.php?rest_route=\/wp\/v2\/types\/product"}],"version-history":[{"count":1,"href":"https:\/\/www.croatiabooks.com.au\/index.php?rest_route=\/wp\/v2\/product\/4805\/revisions"}],"predecessor-version":[{"id":4807,"href":"https:\/\/www.croatiabooks.com.au\/index.php?rest_route=\/wp\/v2\/product\/4805\/revisions\/4807"}],"wp:featuredmedia":[{"embeddable":true,"href":"https:\/\/www.croatiabooks.com.au\/index.php?rest_route=\/wp\/v2\/media\/4806"}],"wp:attachment":[{"href":"https:\/\/www.croatiabooks.com.au\/index.php?rest_route=%2Fwp%2Fv2%2Fmedia&parent=4805"}],"wp:term":[{"taxonomy":"product_brand","embeddable":true,"href":"https:\/\/www.croatiabooks.com.au\/index.php?rest_route=%2Fwp%2Fv2%2Fproduct_brand&post=4805"},{"taxonomy":"product_cat","embeddable":true,"href":"https:\/\/www.croatiabooks.com.au\/index.php?rest_route=%2Fwp%2Fv2%2Fproduct_cat&post=4805"},{"taxonomy":"product_tag","embeddable":true,"href":"https:\/\/www.croatiabooks.com.au\/index.php?rest_route=%2Fwp%2Fv2%2Fproduct_tag&post=4805"}],"curies":[{"name":"wp","href":"https:\/\/api.w.org\/{rel}","templated":true}]}}