{"id":4808,"date":"2024-06-29T22:38:41","date_gmt":"2024-06-29T22:38:41","guid":{"rendered":"https:\/\/www.croatiabooks.com.au\/?post_type=product&#038;p=4808"},"modified":"2025-01-06T02:50:59","modified_gmt":"2025-01-06T02:50:59","slug":"sto-cu-biti-kad-odrastem","status":"publish","type":"product","link":"https:\/\/www.croatiabooks.com.au\/?product=sto-cu-biti-kad-odrastem","title":{"rendered":"\u0160to \u0107u biti kad odrastem?"},"content":{"rendered":"<p>O knjizi:<\/p>\n<p>Slikovnica\u00a0<strong>\u0160TO \u0106U BITI KAD ODRASTEM?<\/strong>\u00a0sadr\u017ei ma\u0161tovite pjesmice koje \u0107e pomo\u0107i malim \u010ditateljima da odaberu svoje budu\u0107e zanimanje.<\/p>\n<p>\u0160to \u0107e va\u0161i mali\u0161ani biti kad odrastu? Jo\u0161 uvijek ne znaju? Tad je vrijeme da im nabavite veselu slikovnicu sa zabavnim pjesmicama o razli\u010ditim zanimanjima, koje je napisao na\u0161 poznati enigmati\u010dar, novinar i pisac Boris Nazansky. Od kapetana broda i veterinarke, preko vatrogasca i balerine, pa sve do istra\u017eiva\u010da i u\u010diteljice\u2026 Uz simpati\u010dne stihove iz slikovnice \u0160to \u0107u biti kad odrastem? maleni \u0107e doznati mnogo o najrazli\u010ditijim zanimanjima, a mo\u017eda koje od njih i odabrati za sebe!\u00a0Pjesmice prate \u0161armantne ilustracije \u017deljke Mezi\u0107.<\/p>\n","protected":false},"excerpt":{"rendered":"<p><strong>Author: Boris Nazansky<\/strong><\/p>\n<p><strong>Broj stranica: <\/strong>32<\/p>\n<p><strong>Godina izdanja: <\/strong>2019<\/p>\n<p><strong>ISBN: <\/strong>9789531420037<\/p>\n<p><strong>Ilustrator: <\/strong>\u017deljka Mezi\u0107<\/p>\n<p><strong>Uvez: <\/strong>Tvrdi<\/p>\n<p><strong>Dimenzije: <\/strong>24.5 x 24.5 cm<\/p>\n<p><strong>Te\u017eina: <\/strong>440 g<\/p>\n","protected":false},"featured_media":4809,"template":"","meta":{"site-sidebar-layout":"default","site-content-layout":"default","ast-site-content-layout":"default","site-content-style":"default","site-sidebar-style":"default","ast-global-header-display":"","ast-banner-title-visibility":"","ast-main-header-display":"","ast-hfb-above-header-display":"","ast-hfb-below-header-display":"","ast-hfb-mobile-header-display":"","site-post-title":"","ast-breadcrumbs-content":"","ast-featured-img":"","footer-sml-layout":"","ast-disable-related-posts":"","theme-transparent-header-meta":"default","adv-header-id-meta":"","stick-header-meta":"","header-above-stick-meta":"","header-main-stick-meta":"","header-below-stick-meta":"","astra-migrate-meta-layouts":"set","ast-page-background-enabled":"default","ast-page-background-meta":{"desktop":{"background-color":"","background-image":"","background-repeat":"repeat","background-position":"center center","background-size":"auto","background-attachment":"scroll","background-type":"","background-media":"","overlay-type":"","overlay-color":"","overlay-opacity":"","overlay-gradient":""},"tablet":{"background-color":"","background-image":"","background-repeat":"repeat","background-position":"center center","background-size":"auto","background-attachment":"scroll","background-type":"","background-media":"","overlay-type":"","overlay-color":"","overlay-opacity":"","overlay-gradient":""},"mobile":{"background-color":"","background-image":"","background-repeat":"repeat","background-position":"center center","background-size":"auto","background-attachment":"scroll","background-type":"","background-media":"","overlay-type":"","overlay-color":"","overlay-opacity":"","overlay-gradient":""}},"ast-content-background-meta":{"desktop":{"background-color":"var(--ast-global-color-5)","background-image":"","background-repeat":"repeat","background-position":"center center","background-size":"auto","background-attachment":"scroll","background-type":"","background-media":"","overlay-type":"","overlay-color":"","overlay-opacity":"","overlay-gradient":""},"tablet":{"background-color":"var(--ast-global-color-5)","background-image":"","background-repeat":"repeat","background-position":"center center","background-size":"auto","background-attachment":"scroll","background-type":"","background-media":"","overlay-type":"","overlay-color":"","overlay-opacity":"","overlay-gradient":""},"mobile":{"background-color":"var(--ast-global-color-5)","background-image":"","background-repeat":"repeat","background-position":"center center","background-size":"auto","background-attachment":"scroll","background-type":"","background-media":"","overlay-type":"","overlay-color":"","overlay-opacity":"","overlay-gradient":""}}},"product_brand":[],"product_cat":[78,64],"product_tag":[134,148],"class_list":{"0":"post-4808","1":"product","2":"type-product","3":"status-publish","4":"has-post-thumbnail","6":"product_cat-teenagers","7":"product_cat-junior","8":"product_tag-childrens","9":"product_tag-junior","10":"desktop-align-left","11":"tablet-align-left","12":"mobile-align-left","14":"first","15":"outofstock","16":"shipping-taxable","17":"purchasable","18":"product-type-simple"},"_links":{"self":[{"href":"https:\/\/www.croatiabooks.com.au\/index.php?rest_route=\/wp\/v2\/product\/4808","targetHints":{"allow":["GET"]}}],"collection":[{"href":"https:\/\/www.croatiabooks.com.au\/index.php?rest_route=\/wp\/v2\/product"}],"about":[{"href":"https:\/\/www.croatiabooks.com.au\/index.php?rest_route=\/wp\/v2\/types\/product"}],"version-history":[{"count":2,"href":"https:\/\/www.croatiabooks.com.au\/index.php?rest_route=\/wp\/v2\/product\/4808\/revisions"}],"predecessor-version":[{"id":4811,"href":"https:\/\/www.croatiabooks.com.au\/index.php?rest_route=\/wp\/v2\/product\/4808\/revisions\/4811"}],"wp:featuredmedia":[{"embeddable":true,"href":"https:\/\/www.croatiabooks.com.au\/index.php?rest_route=\/wp\/v2\/media\/4809"}],"wp:attachment":[{"href":"https:\/\/www.croatiabooks.com.au\/index.php?rest_route=%2Fwp%2Fv2%2Fmedia&parent=4808"}],"wp:term":[{"taxonomy":"product_brand","embeddable":true,"href":"https:\/\/www.croatiabooks.com.au\/index.php?rest_route=%2Fwp%2Fv2%2Fproduct_brand&post=4808"},{"taxonomy":"product_cat","embeddable":true,"href":"https:\/\/www.croatiabooks.com.au\/index.php?rest_route=%2Fwp%2Fv2%2Fproduct_cat&post=4808"},{"taxonomy":"product_tag","embeddable":true,"href":"https:\/\/www.croatiabooks.com.au\/index.php?rest_route=%2Fwp%2Fv2%2Fproduct_tag&post=4808"}],"curies":[{"name":"wp","href":"https:\/\/api.w.org\/{rel}","templated":true}]}}