{"id":4812,"date":"2024-06-29T22:43:28","date_gmt":"2024-06-29T22:43:28","guid":{"rendered":"https:\/\/www.croatiabooks.com.au\/?post_type=product&#038;p=4812"},"modified":"2024-08-27T03:56:14","modified_gmt":"2024-08-27T03:56:14","slug":"vrlo-gladna-gusjenica","status":"publish","type":"product","link":"https:\/\/www.croatiabooks.com.au\/?product=vrlo-gladna-gusjenica","title":{"rendered":"Vrlo gladna gusjenica"},"content":{"rendered":"<p>O knjizi:<\/p>\n<p>Prekrasno ilustrirana slikovnica VRLO GLADNA GUSJENICA\u00a0pou\u010dava o prirodnom fenomenu transformacije gusjenice u leptira, u\u010di djecu dane u tjednu, ali i nazive raznih namirnica i hrane.<\/p>\n<p>Jedne sun\u010dane nedjelje, malena se gusjenica izlegla. Bila je vrlo gladna i po\u010dela je jesti i jesti, ali je ipak bila jo\u0161 uvijek gladna!\u00a0Na kraju je gusjenica oti\u0161la spavati u kukuljicu i probudila se nakon nekog vremena kao veliki, lijepi leptir\u2026<\/p>\n<p>Stranice slikovnice (tj. hrana) su probu\u0161ene tako da dijete ima dojam kao da gusjenica uistinu jede sve nabrojane namirnice.<\/p>\n","protected":false},"excerpt":{"rendered":"<p><strong>Author: Eric Carle<\/strong><\/p>\n<p><strong>Broj stranica: <\/strong>32<\/p>\n<p><strong>Godina izdanja: <\/strong>2020<\/p>\n<p><strong>ISBN: <\/strong>9789531415149<\/p>\n<p><strong>Uvez: <\/strong>tvrdi<\/p>\n<p><strong>Dimenzije: <\/strong>30 x 21.7 cm<\/p>\n<p><strong>Te\u017eina: <\/strong>440 g<\/p>\n<p><strong>Nakladnik:<\/strong>\u00a0Mozaik knjiga<\/p>\n","protected":false},"featured_media":4813,"template":"","meta":{"site-sidebar-layout":"default","site-content-layout":"default","ast-site-content-layout":"default","site-content-style":"default","site-sidebar-style":"default","ast-global-header-display":"","ast-banner-title-visibility":"","ast-main-header-display":"","ast-hfb-above-header-display":"","ast-hfb-below-header-display":"","ast-hfb-mobile-header-display":"","site-post-title":"","ast-breadcrumbs-content":"","ast-featured-img":"","footer-sml-layout":"","ast-disable-related-posts":"","theme-transparent-header-meta":"default","adv-header-id-meta":"","stick-header-meta":"","header-above-stick-meta":"","header-main-stick-meta":"","header-below-stick-meta":"","astra-migrate-meta-layouts":"set","ast-page-background-enabled":"default","ast-page-background-meta":{"desktop":{"background-color":"","background-image":"","background-repeat":"repeat","background-position":"center center","background-size":"auto","background-attachment":"scroll","background-type":"","background-media":"","overlay-type":"","overlay-color":"","overlay-opacity":"","overlay-gradient":""},"tablet":{"background-color":"","background-image":"","background-repeat":"repeat","background-position":"center center","background-size":"auto","background-attachment":"scroll","background-type":"","background-media":"","overlay-type":"","overlay-color":"","overlay-opacity":"","overlay-gradient":""},"mobile":{"background-color":"","background-image":"","background-repeat":"repeat","background-position":"center center","background-size":"auto","background-attachment":"scroll","background-type":"","background-media":"","overlay-type":"","overlay-color":"","overlay-opacity":"","overlay-gradient":""}},"ast-content-background-meta":{"desktop":{"background-color":"var(--ast-global-color-5)","background-image":"","background-repeat":"repeat","background-position":"center center","background-size":"auto","background-attachment":"scroll","background-type":"","background-media":"","overlay-type":"","overlay-color":"","overlay-opacity":"","overlay-gradient":""},"tablet":{"background-color":"var(--ast-global-color-5)","background-image":"","background-repeat":"repeat","background-position":"center center","background-size":"auto","background-attachment":"scroll","background-type":"","background-media":"","overlay-type":"","overlay-color":"","overlay-opacity":"","overlay-gradient":""},"mobile":{"background-color":"var(--ast-global-color-5)","background-image":"","background-repeat":"repeat","background-position":"center center","background-size":"auto","background-attachment":"scroll","background-type":"","background-media":"","overlay-type":"","overlay-color":"","overlay-opacity":"","overlay-gradient":""}}},"product_brand":[],"product_cat":[78,64],"product_tag":[134,148],"class_list":{"0":"post-4812","1":"product","2":"type-product","3":"status-publish","4":"has-post-thumbnail","6":"product_cat-teenagers","7":"product_cat-junior","8":"product_tag-childrens","9":"product_tag-junior","10":"desktop-align-left","11":"tablet-align-left","12":"mobile-align-left","14":"first","15":"outofstock","16":"shipping-taxable","17":"purchasable","18":"product-type-simple"},"_links":{"self":[{"href":"https:\/\/www.croatiabooks.com.au\/index.php?rest_route=\/wp\/v2\/product\/4812","targetHints":{"allow":["GET"]}}],"collection":[{"href":"https:\/\/www.croatiabooks.com.au\/index.php?rest_route=\/wp\/v2\/product"}],"about":[{"href":"https:\/\/www.croatiabooks.com.au\/index.php?rest_route=\/wp\/v2\/types\/product"}],"version-history":[{"count":1,"href":"https:\/\/www.croatiabooks.com.au\/index.php?rest_route=\/wp\/v2\/product\/4812\/revisions"}],"predecessor-version":[{"id":4814,"href":"https:\/\/www.croatiabooks.com.au\/index.php?rest_route=\/wp\/v2\/product\/4812\/revisions\/4814"}],"wp:featuredmedia":[{"embeddable":true,"href":"https:\/\/www.croatiabooks.com.au\/index.php?rest_route=\/wp\/v2\/media\/4813"}],"wp:attachment":[{"href":"https:\/\/www.croatiabooks.com.au\/index.php?rest_route=%2Fwp%2Fv2%2Fmedia&parent=4812"}],"wp:term":[{"taxonomy":"product_brand","embeddable":true,"href":"https:\/\/www.croatiabooks.com.au\/index.php?rest_route=%2Fwp%2Fv2%2Fproduct_brand&post=4812"},{"taxonomy":"product_cat","embeddable":true,"href":"https:\/\/www.croatiabooks.com.au\/index.php?rest_route=%2Fwp%2Fv2%2Fproduct_cat&post=4812"},{"taxonomy":"product_tag","embeddable":true,"href":"https:\/\/www.croatiabooks.com.au\/index.php?rest_route=%2Fwp%2Fv2%2Fproduct_tag&post=4812"}],"curies":[{"name":"wp","href":"https:\/\/api.w.org\/{rel}","templated":true}]}}