{"id":4818,"date":"2024-07-02T04:43:49","date_gmt":"2024-07-02T04:43:49","guid":{"rendered":"https:\/\/www.croatiabooks.com.au\/?post_type=product&#038;p=4818"},"modified":"2024-09-16T11:27:08","modified_gmt":"2024-09-16T11:27:08","slug":"mojih-prvih-1000-rijeci-hrvatski-engleski","status":"publish","type":"product","link":"https:\/\/www.croatiabooks.com.au\/?product=mojih-prvih-1000-rijeci-hrvatski-engleski","title":{"rendered":"Mojih prvih 1000 rije\u010di &#8211; Hrvatski Engleski"},"content":{"rendered":"<p>Ovaj izvrstan slikovni rje\u010dnik sadr\u017ei vi\u0161e od 1000 svakodnevnih rije\u010di na hrvatskom i engleskom jeziku.<br \/>\nRije\u010di su svrstane u 22 poglavlja (obitelj, \u017eivotinje, vozila, povr\u0107e, vo\u0107e, brojevi, zanimanja\u2026), a uz svaku rije\u010d dolazi i prate\u0107a ilustracija.<br \/>\nU\u010denje engleskoga postat \u0107e zabavno i jednostavno, a djeca \u0107e br\u017ee usvojiti nova znanja i vje\u0161tine!<br \/>\nOva izvrsna edukativna slikovnica pru\u017ea mogu\u0107nost u\u010denja osnovnih rije\u010di engleskog jezika uz zabavne i privla\u010dne ilustracije.<\/p>\n","protected":false},"excerpt":{"rendered":"<p><strong>Izdava\u010d<\/strong>: Na\u0161a djeca<br \/>\n<strong>Uvez<\/strong>: tvrdi<br \/>\n<strong>Broj stranica<\/strong>: 94<br \/>\n<strong>Godina izdanja<\/strong>: 2018<br \/>\n<strong>ISBN<\/strong>: 9789533027203<br \/>\n<strong>Format<\/strong>: 21 x 30<\/p>\n","protected":false},"featured_media":4819,"template":"","meta":{"site-sidebar-layout":"default","site-content-layout":"default","ast-site-content-layout":"default","site-content-style":"default","site-sidebar-style":"default","ast-global-header-display":"","ast-banner-title-visibility":"","ast-main-header-display":"","ast-hfb-above-header-display":"","ast-hfb-below-header-display":"","ast-hfb-mobile-header-display":"","site-post-title":"","ast-breadcrumbs-content":"","ast-featured-img":"","footer-sml-layout":"","ast-disable-related-posts":"","theme-transparent-header-meta":"default","adv-header-id-meta":"","stick-header-meta":"","header-above-stick-meta":"","header-main-stick-meta":"","header-below-stick-meta":"","astra-migrate-meta-layouts":"set","ast-page-background-enabled":"default","ast-page-background-meta":{"desktop":{"background-color":"","background-image":"","background-repeat":"repeat","background-position":"center center","background-size":"auto","background-attachment":"scroll","background-type":"","background-media":"","overlay-type":"","overlay-color":"","overlay-opacity":"","overlay-gradient":""},"tablet":{"background-color":"","background-image":"","background-repeat":"repeat","background-position":"center center","background-size":"auto","background-attachment":"scroll","background-type":"","background-media":"","overlay-type":"","overlay-color":"","overlay-opacity":"","overlay-gradient":""},"mobile":{"background-color":"","background-image":"","background-repeat":"repeat","background-position":"center center","background-size":"auto","background-attachment":"scroll","background-type":"","background-media":"","overlay-type":"","overlay-color":"","overlay-opacity":"","overlay-gradient":""}},"ast-content-background-meta":{"desktop":{"background-color":"var(--ast-global-color-5)","background-image":"","background-repeat":"repeat","background-position":"center center","background-size":"auto","background-attachment":"scroll","background-type":"","background-media":"","overlay-type":"","overlay-color":"","overlay-opacity":"","overlay-gradient":""},"tablet":{"background-color":"var(--ast-global-color-5)","background-image":"","background-repeat":"repeat","background-position":"center center","background-size":"auto","background-attachment":"scroll","background-type":"","background-media":"","overlay-type":"","overlay-color":"","overlay-opacity":"","overlay-gradient":""},"mobile":{"background-color":"var(--ast-global-color-5)","background-image":"","background-repeat":"repeat","background-position":"center center","background-size":"auto","background-attachment":"scroll","background-type":"","background-media":"","overlay-type":"","overlay-color":"","overlay-opacity":"","overlay-gradient":""}}},"product_brand":[],"product_cat":[95,64,45,74],"product_tag":[134,142,135,146],"class_list":{"0":"post-4818","1":"product","2":"type-product","3":"status-publish","4":"has-post-thumbnail","6":"product_cat-dictionaries-lexicons","7":"product_cat-junior","8":"product_cat-school","9":"product_cat-softcovers","10":"product_tag-childrens","11":"product_tag-dictionary","12":"product_tag-juniors","13":"product_tag-softcover","14":"desktop-align-left","15":"tablet-align-left","16":"mobile-align-left","18":"first","19":"outofstock","20":"shipping-taxable","21":"purchasable","22":"product-type-simple"},"_links":{"self":[{"href":"https:\/\/www.croatiabooks.com.au\/index.php?rest_route=\/wp\/v2\/product\/4818","targetHints":{"allow":["GET"]}}],"collection":[{"href":"https:\/\/www.croatiabooks.com.au\/index.php?rest_route=\/wp\/v2\/product"}],"about":[{"href":"https:\/\/www.croatiabooks.com.au\/index.php?rest_route=\/wp\/v2\/types\/product"}],"version-history":[{"count":1,"href":"https:\/\/www.croatiabooks.com.au\/index.php?rest_route=\/wp\/v2\/product\/4818\/revisions"}],"predecessor-version":[{"id":4820,"href":"https:\/\/www.croatiabooks.com.au\/index.php?rest_route=\/wp\/v2\/product\/4818\/revisions\/4820"}],"wp:featuredmedia":[{"embeddable":true,"href":"https:\/\/www.croatiabooks.com.au\/index.php?rest_route=\/wp\/v2\/media\/4819"}],"wp:attachment":[{"href":"https:\/\/www.croatiabooks.com.au\/index.php?rest_route=%2Fwp%2Fv2%2Fmedia&parent=4818"}],"wp:term":[{"taxonomy":"product_brand","embeddable":true,"href":"https:\/\/www.croatiabooks.com.au\/index.php?rest_route=%2Fwp%2Fv2%2Fproduct_brand&post=4818"},{"taxonomy":"product_cat","embeddable":true,"href":"https:\/\/www.croatiabooks.com.au\/index.php?rest_route=%2Fwp%2Fv2%2Fproduct_cat&post=4818"},{"taxonomy":"product_tag","embeddable":true,"href":"https:\/\/www.croatiabooks.com.au\/index.php?rest_route=%2Fwp%2Fv2%2Fproduct_tag&post=4818"}],"curies":[{"name":"wp","href":"https:\/\/api.w.org\/{rel}","templated":true}]}}