{"id":4828,"date":"2024-07-03T05:07:07","date_gmt":"2024-07-03T05:07:07","guid":{"rendered":"https:\/\/www.croatiabooks.com.au\/?post_type=product&#038;p=4828"},"modified":"2024-07-03T05:10:17","modified_gmt":"2024-07-03T05:10:17","slug":"u-zamci-nefretitis-croatian","status":"publish","type":"product","link":"https:\/\/www.croatiabooks.com.au\/?product=u-zamci-nefretitis-croatian","title":{"rendered":"U zamci Nefretitis (Croatian)"},"content":{"rendered":"<div>Iza intrigantnog naslova koji ovaj roman nosi, krije se pri\u010da koja nikoga ne\u0107e ostaviti ravnodu\u0161nim. Ostaviv\u0161i za sobom rodnu Hrvatsku, Bruno Gran\u017eeli\u0107 \u017eivot \u0107e nastaviti u dalekoj Australiji. Zemlja koja toliko toga obe\u0107ava za njega \u0107e postati prava no\u0107na mora.<\/div>\n<div>Jedno iznenadno poznanstvo potpuno \u0107e promijeniti mirnu svakodnevicu koju je do tada u\u017eivao. Vladimir Jakopanec koji i sam \u017eivi i radi u Australiji donosi nam pri\u010du o emigraciji ispripovijedanu iz posve neo\u010dekivane perspektive. Romanom koji se \u010dita u jednom dahu, Jakopanec \u0107e ukazati na neke od psiholo\u0161kih i dru\u0161tvenih zamki koje \u010dekaju emigranta u prekomorskim zemljama, a koje ponekad mijenjaju \u010dovjeka do neprepoznatljivosti. Na kraju \u0107e Jakopan\u010deva pri\u010da iz mno\u0161tva napetih ljubavnih i kriminalisti\u010dkih scena do\u017eivjeti posve neo\u010dekivani kraj.<\/div>\n","protected":false},"excerpt":{"rendered":"<p><strong>Author<\/strong>: Vladimir Jakopanec<\/p>\n<p><strong>Langua<\/strong><strong>ge<\/strong>: Croatian<\/p>\n<p><strong>Year published<\/strong>: 2013<\/p>\n<p><strong>Genre<\/strong>: Contemporary Fiction<\/p>\n<p><strong>Binding<\/strong>: Paperback<\/p>\n<p><strong>Pages<\/strong>: 320<\/p>\n","protected":false},"featured_media":4829,"template":"","meta":{"site-sidebar-layout":"default","site-content-layout":"default","ast-site-content-layout":"default","site-content-style":"default","site-sidebar-style":"default","ast-global-header-display":"","ast-banner-title-visibility":"","ast-main-header-display":"","ast-hfb-above-header-display":"","ast-hfb-below-header-display":"","ast-hfb-mobile-header-display":"","site-post-title":"","ast-breadcrumbs-content":"","ast-featured-img":"","footer-sml-layout":"","ast-disable-related-posts":"","theme-transparent-header-meta":"default","adv-header-id-meta":"","stick-header-meta":"","header-above-stick-meta":"","header-main-stick-meta":"","header-below-stick-meta":"","astra-migrate-meta-layouts":"set","ast-page-background-enabled":"default","ast-page-background-meta":{"desktop":{"background-color":"","background-image":"","background-repeat":"repeat","background-position":"center center","background-size":"auto","background-attachment":"scroll","background-type":"","background-media":"","overlay-type":"","overlay-color":"","overlay-opacity":"","overlay-gradient":""},"tablet":{"background-color":"","background-image":"","background-repeat":"repeat","background-position":"center center","background-size":"auto","background-attachment":"scroll","background-type":"","background-media":"","overlay-type":"","overlay-color":"","overlay-opacity":"","overlay-gradient":""},"mobile":{"background-color":"","background-image":"","background-repeat":"repeat","background-position":"center center","background-size":"auto","background-attachment":"scroll","background-type":"","background-media":"","overlay-type":"","overlay-color":"","overlay-opacity":"","overlay-gradient":""}},"ast-content-background-meta":{"desktop":{"background-color":"var(--ast-global-color-5)","background-image":"","background-repeat":"repeat","background-position":"center center","background-size":"auto","background-attachment":"scroll","background-type":"","background-media":"","overlay-type":"","overlay-color":"","overlay-opacity":"","overlay-gradient":""},"tablet":{"background-color":"var(--ast-global-color-5)","background-image":"","background-repeat":"repeat","background-position":"center center","background-size":"auto","background-attachment":"scroll","background-type":"","background-media":"","overlay-type":"","overlay-color":"","overlay-opacity":"","overlay-gradient":""},"mobile":{"background-color":"var(--ast-global-color-5)","background-image":"","background-repeat":"repeat","background-position":"center center","background-size":"auto","background-attachment":"scroll","background-type":"","background-media":"","overlay-type":"","overlay-color":"","overlay-opacity":"","overlay-gradient":""}}},"product_brand":[],"product_cat":[70,72],"product_tag":[132],"class_list":{"0":"post-4828","1":"product","2":"type-product","3":"status-publish","4":"has-post-thumbnail","6":"product_cat-fiction","7":"product_cat-paperbacks","8":"product_tag-novel","9":"desktop-align-left","10":"tablet-align-left","11":"mobile-align-left","13":"first","14":"instock","15":"shipping-taxable","16":"purchasable","17":"product-type-simple"},"_links":{"self":[{"href":"https:\/\/www.croatiabooks.com.au\/index.php?rest_route=\/wp\/v2\/product\/4828","targetHints":{"allow":["GET"]}}],"collection":[{"href":"https:\/\/www.croatiabooks.com.au\/index.php?rest_route=\/wp\/v2\/product"}],"about":[{"href":"https:\/\/www.croatiabooks.com.au\/index.php?rest_route=\/wp\/v2\/types\/product"}],"version-history":[{"count":1,"href":"https:\/\/www.croatiabooks.com.au\/index.php?rest_route=\/wp\/v2\/product\/4828\/revisions"}],"predecessor-version":[{"id":4830,"href":"https:\/\/www.croatiabooks.com.au\/index.php?rest_route=\/wp\/v2\/product\/4828\/revisions\/4830"}],"wp:featuredmedia":[{"embeddable":true,"href":"https:\/\/www.croatiabooks.com.au\/index.php?rest_route=\/wp\/v2\/media\/4829"}],"wp:attachment":[{"href":"https:\/\/www.croatiabooks.com.au\/index.php?rest_route=%2Fwp%2Fv2%2Fmedia&parent=4828"}],"wp:term":[{"taxonomy":"product_brand","embeddable":true,"href":"https:\/\/www.croatiabooks.com.au\/index.php?rest_route=%2Fwp%2Fv2%2Fproduct_brand&post=4828"},{"taxonomy":"product_cat","embeddable":true,"href":"https:\/\/www.croatiabooks.com.au\/index.php?rest_route=%2Fwp%2Fv2%2Fproduct_cat&post=4828"},{"taxonomy":"product_tag","embeddable":true,"href":"https:\/\/www.croatiabooks.com.au\/index.php?rest_route=%2Fwp%2Fv2%2Fproduct_tag&post=4828"}],"curies":[{"name":"wp","href":"https:\/\/api.w.org\/{rel}","templated":true}]}}