{"id":4850,"date":"2024-07-04T03:05:42","date_gmt":"2024-07-04T03:05:42","guid":{"rendered":"https:\/\/www.croatiabooks.com.au\/?post_type=product&#038;p=4850"},"modified":"2025-01-06T02:48:47","modified_gmt":"2025-01-06T02:48:47","slug":"100-hrvatskih-kemicara","status":"publish","type":"product","link":"https:\/\/www.croatiabooks.com.au\/?product=100-hrvatskih-kemicara","title":{"rendered":"100 hrvatskih kemi\u010dara"},"content":{"rendered":"<p>U ovo djelo uvr\u0161teni su dobitnici Nobelove nagrade (Ru\u017ei\u010dka i Prelog), redoviti, izvanredni i dopisni \u010dlanovi te \u010dlanovi suradnici JAZU, odnosno HAZU, utemeljitelji studija kemije na Sveu\u010dili\u0161tu u Zagrebu, utemeljitelji kemijsko-in\u017eenjerskog studija te studija kemije na Prirodoslovno-matemati\u010dkome i Farmaceutsko-biokemijskom fakultetu, glavni urednici \u010dasopisa &#8220;Croatica Chemica Acta&#8221;, predsjednici i du\u017enosnici Hrvatskoga kemijskog dru\u0161tva, kemi\u010dari utemeljitelji Instituta &#8220;Ru\u0111er Bo\u0161kovi\u0107&#8221;, na\u0161i istaknuti kemi\u010dari u iseljeni\u0161tvu koji su kemijsko obrazovanje stekli u domovini, autori ud\u017ebenika kemije za srednje \u0161kole i fakultete, autori priloga za povijest hrvatske kemije, kemi\u010dari koji su se istaknuli rade\u0107i u industrijskim istra\u017eiva\u010dkim laboratorijima,a svi ostali su uvr\u0161teni na temelju dvaju parametara: produktivnosti i citiranosti.<\/p>\n","protected":false},"excerpt":{"rendered":"<p><strong>Autor<\/strong>: Nenad Trinajsti\u0107<br \/>\n<strong>Izdava\u010d<\/strong>: \u0160kolska knjiga<br \/>\n<strong>Uvez<\/strong>: meki<br \/>\n<strong>Broj stranica<\/strong>: 208<br \/>\n<strong>Godina izdanja<\/strong>: 2002<br \/>\n<strong>ISBN<\/strong>: 978-953-0-61516-8<br \/>\n<strong>Format<\/strong>: 17.2 x 24<\/p>\n","protected":false},"featured_media":4851,"template":"","meta":{"site-sidebar-layout":"default","site-content-layout":"","ast-site-content-layout":"default","site-content-style":"default","site-sidebar-style":"default","ast-global-header-display":"","ast-banner-title-visibility":"","ast-main-header-display":"","ast-hfb-above-header-display":"","ast-hfb-below-header-display":"","ast-hfb-mobile-header-display":"","site-post-title":"","ast-breadcrumbs-content":"","ast-featured-img":"","footer-sml-layout":"","ast-disable-related-posts":"","theme-transparent-header-meta":"default","adv-header-id-meta":"","stick-header-meta":"","header-above-stick-meta":"","header-main-stick-meta":"","header-below-stick-meta":"","astra-migrate-meta-layouts":"set","ast-page-background-enabled":"default","ast-page-background-meta":{"desktop":{"background-color":"","background-image":"","background-repeat":"repeat","background-position":"center center","background-size":"auto","background-attachment":"scroll","background-type":"","background-media":"","overlay-type":"","overlay-color":"","overlay-opacity":"","overlay-gradient":""},"tablet":{"background-color":"","background-image":"","background-repeat":"repeat","background-position":"center center","background-size":"auto","background-attachment":"scroll","background-type":"","background-media":"","overlay-type":"","overlay-color":"","overlay-opacity":"","overlay-gradient":""},"mobile":{"background-color":"","background-image":"","background-repeat":"repeat","background-position":"center center","background-size":"auto","background-attachment":"scroll","background-type":"","background-media":"","overlay-type":"","overlay-color":"","overlay-opacity":"","overlay-gradient":""}},"ast-content-background-meta":{"desktop":{"background-color":"var(--ast-global-color-5)","background-image":"","background-repeat":"repeat","background-position":"center center","background-size":"auto","background-attachment":"scroll","background-type":"","background-media":"","overlay-type":"","overlay-color":"","overlay-opacity":"","overlay-gradient":""},"tablet":{"background-color":"var(--ast-global-color-5)","background-image":"","background-repeat":"repeat","background-position":"center center","background-size":"auto","background-attachment":"scroll","background-type":"","background-media":"","overlay-type":"","overlay-color":"","overlay-opacity":"","overlay-gradient":""},"mobile":{"background-color":"var(--ast-global-color-5)","background-image":"","background-repeat":"repeat","background-position":"center center","background-size":"auto","background-attachment":"scroll","background-type":"","background-media":"","overlay-type":"","overlay-color":"","overlay-opacity":"","overlay-gradient":""}}},"product_brand":[],"product_cat":[91,56,106],"product_tag":[],"class_list":{"0":"post-4850","1":"product","2":"type-product","3":"status-publish","4":"has-post-thumbnail","6":"product_cat-autobiographies-biographies","7":"product_cat-non-fiction","8":"product_cat-science-technology-society-architecture-environment","9":"desktop-align-left","10":"tablet-align-left","11":"mobile-align-left","13":"first","14":"instock","15":"featured","16":"shipping-taxable","17":"purchasable","18":"product-type-simple"},"_links":{"self":[{"href":"https:\/\/www.croatiabooks.com.au\/index.php?rest_route=\/wp\/v2\/product\/4850","targetHints":{"allow":["GET"]}}],"collection":[{"href":"https:\/\/www.croatiabooks.com.au\/index.php?rest_route=\/wp\/v2\/product"}],"about":[{"href":"https:\/\/www.croatiabooks.com.au\/index.php?rest_route=\/wp\/v2\/types\/product"}],"version-history":[{"count":1,"href":"https:\/\/www.croatiabooks.com.au\/index.php?rest_route=\/wp\/v2\/product\/4850\/revisions"}],"predecessor-version":[{"id":4852,"href":"https:\/\/www.croatiabooks.com.au\/index.php?rest_route=\/wp\/v2\/product\/4850\/revisions\/4852"}],"wp:featuredmedia":[{"embeddable":true,"href":"https:\/\/www.croatiabooks.com.au\/index.php?rest_route=\/wp\/v2\/media\/4851"}],"wp:attachment":[{"href":"https:\/\/www.croatiabooks.com.au\/index.php?rest_route=%2Fwp%2Fv2%2Fmedia&parent=4850"}],"wp:term":[{"taxonomy":"product_brand","embeddable":true,"href":"https:\/\/www.croatiabooks.com.au\/index.php?rest_route=%2Fwp%2Fv2%2Fproduct_brand&post=4850"},{"taxonomy":"product_cat","embeddable":true,"href":"https:\/\/www.croatiabooks.com.au\/index.php?rest_route=%2Fwp%2Fv2%2Fproduct_cat&post=4850"},{"taxonomy":"product_tag","embeddable":true,"href":"https:\/\/www.croatiabooks.com.au\/index.php?rest_route=%2Fwp%2Fv2%2Fproduct_tag&post=4850"}],"curies":[{"name":"wp","href":"https:\/\/api.w.org\/{rel}","templated":true}]}}