{"id":4871,"date":"2024-07-04T06:49:40","date_gmt":"2024-07-04T06:49:40","guid":{"rendered":"https:\/\/www.croatiabooks.com.au\/?post_type=product&#038;p=4871"},"modified":"2024-07-04T07:06:30","modified_gmt":"2024-07-04T07:06:30","slug":"hrvatski-pravopis-2","status":"publish","type":"product","link":"https:\/\/www.croatiabooks.com.au\/?product=hrvatski-pravopis-2","title":{"rendered":"Hrvatski pravopis"},"content":{"rendered":"<p>Pravopis je uskla\u0111en sa zaklju\u010dcima Vije\u0107a za normu hrvatskoga standardnog jezika.<br \/>\nDjelo je istaknutih hrvatskih jezikoslovaca i akademika i namijenjeno svim korisnicima koji se slu\u017ee hrvatskim jezikom ili ga u\u010de &#8211; svojim primjernim opsegom, nazivima i jasno\u0107om pravila prihvatljiv i sa stru\u010dnog i s pedago\u0161kog stajali\u0161ta.<br \/>\nInstalacijom aplikacije\u00a0<a href=\"https:\/\/www.rjecnici.hr\/\"><b>Rje\u010dnici<\/b><\/a>\u00a0mo\u017ee se besplatno koristiti cjelovita ina\u010dica Hrvatskog pravopisa.<\/p>\n","protected":false},"excerpt":{"rendered":"<p><strong>Autori<\/strong>: Stjepan Babi\u0107, Milan Mogu\u0161<br \/>\n<strong>Izdava\u010d<\/strong>: \u0160kolska knjiga<br \/>\n<strong>Uvez<\/strong>: tvrdi<br \/>\n<strong>Broj stranica<\/strong>: 454<br \/>\n<strong>Godina izdanja<\/strong>: 2011<br \/>\n<strong>ISBN<\/strong>: 978-953-0-40034-4<br \/>\n<strong>Format<\/strong>: 17 x 24<\/p>\n","protected":false},"featured_media":4872,"template":"","meta":{"site-sidebar-layout":"default","site-content-layout":"default","ast-site-content-layout":"default","site-content-style":"default","site-sidebar-style":"default","ast-global-header-display":"","ast-banner-title-visibility":"","ast-main-header-display":"","ast-hfb-above-header-display":"","ast-hfb-below-header-display":"","ast-hfb-mobile-header-display":"","site-post-title":"","ast-breadcrumbs-content":"","ast-featured-img":"","footer-sml-layout":"","ast-disable-related-posts":"","theme-transparent-header-meta":"default","adv-header-id-meta":"","stick-header-meta":"","header-above-stick-meta":"","header-main-stick-meta":"","header-below-stick-meta":"","astra-migrate-meta-layouts":"set","ast-page-background-enabled":"default","ast-page-background-meta":{"desktop":{"background-color":"","background-image":"","background-repeat":"repeat","background-position":"center center","background-size":"auto","background-attachment":"scroll","background-type":"","background-media":"","overlay-type":"","overlay-color":"","overlay-opacity":"","overlay-gradient":""},"tablet":{"background-color":"","background-image":"","background-repeat":"repeat","background-position":"center center","background-size":"auto","background-attachment":"scroll","background-type":"","background-media":"","overlay-type":"","overlay-color":"","overlay-opacity":"","overlay-gradient":""},"mobile":{"background-color":"","background-image":"","background-repeat":"repeat","background-position":"center center","background-size":"auto","background-attachment":"scroll","background-type":"","background-media":"","overlay-type":"","overlay-color":"","overlay-opacity":"","overlay-gradient":""}},"ast-content-background-meta":{"desktop":{"background-color":"var(--ast-global-color-5)","background-image":"","background-repeat":"repeat","background-position":"center center","background-size":"auto","background-attachment":"scroll","background-type":"","background-media":"","overlay-type":"","overlay-color":"","overlay-opacity":"","overlay-gradient":""},"tablet":{"background-color":"var(--ast-global-color-5)","background-image":"","background-repeat":"repeat","background-position":"center center","background-size":"auto","background-attachment":"scroll","background-type":"","background-media":"","overlay-type":"","overlay-color":"","overlay-opacity":"","overlay-gradient":""},"mobile":{"background-color":"var(--ast-global-color-5)","background-image":"","background-repeat":"repeat","background-position":"center center","background-size":"auto","background-attachment":"scroll","background-type":"","background-media":"","overlay-type":"","overlay-color":"","overlay-opacity":"","overlay-gradient":""}}},"product_brand":[],"product_cat":[95,85,86,56,45],"product_tag":[142],"class_list":{"0":"post-4871","1":"product","2":"type-product","3":"status-publish","4":"has-post-thumbnail","6":"product_cat-dictionaries-lexicons","7":"product_cat-language-literature","8":"product_cat-learning-croatian","9":"product_cat-non-fiction","10":"product_cat-school","11":"product_tag-dictionary","12":"desktop-align-left","13":"tablet-align-left","14":"mobile-align-left","16":"first","17":"instock","18":"shipping-taxable","19":"purchasable","20":"product-type-simple"},"_links":{"self":[{"href":"https:\/\/www.croatiabooks.com.au\/index.php?rest_route=\/wp\/v2\/product\/4871","targetHints":{"allow":["GET"]}}],"collection":[{"href":"https:\/\/www.croatiabooks.com.au\/index.php?rest_route=\/wp\/v2\/product"}],"about":[{"href":"https:\/\/www.croatiabooks.com.au\/index.php?rest_route=\/wp\/v2\/types\/product"}],"version-history":[{"count":1,"href":"https:\/\/www.croatiabooks.com.au\/index.php?rest_route=\/wp\/v2\/product\/4871\/revisions"}],"predecessor-version":[{"id":4873,"href":"https:\/\/www.croatiabooks.com.au\/index.php?rest_route=\/wp\/v2\/product\/4871\/revisions\/4873"}],"wp:featuredmedia":[{"embeddable":true,"href":"https:\/\/www.croatiabooks.com.au\/index.php?rest_route=\/wp\/v2\/media\/4872"}],"wp:attachment":[{"href":"https:\/\/www.croatiabooks.com.au\/index.php?rest_route=%2Fwp%2Fv2%2Fmedia&parent=4871"}],"wp:term":[{"taxonomy":"product_brand","embeddable":true,"href":"https:\/\/www.croatiabooks.com.au\/index.php?rest_route=%2Fwp%2Fv2%2Fproduct_brand&post=4871"},{"taxonomy":"product_cat","embeddable":true,"href":"https:\/\/www.croatiabooks.com.au\/index.php?rest_route=%2Fwp%2Fv2%2Fproduct_cat&post=4871"},{"taxonomy":"product_tag","embeddable":true,"href":"https:\/\/www.croatiabooks.com.au\/index.php?rest_route=%2Fwp%2Fv2%2Fproduct_tag&post=4871"}],"curies":[{"name":"wp","href":"https:\/\/api.w.org\/{rel}","templated":true}]}}